

{"id":90640,"date":"2024-07-26T16:34:08","date_gmt":"2024-07-26T16:34:08","guid":{"rendered":"https:\/\/new.aavesa.com\/produs\/bor-ov-973\/"},"modified":"2025-11-17T06:27:01","modified_gmt":"2025-11-17T06:27:01","slug":"bor-ov-973","status":"publish","type":"product","link":"https:\/\/aavesa.com\/hu\/product\/bor-ov-973\/","title":{"rendered":"B\u0151r \u00f6v 973"},"content":{"rendered":"<p>Ez a term\u00e9szetes b\u0151rsz\u00edj kr\u00e9m, piros \u00e9s fekete sz\u00ednben kaphat\u00f3. Elengedhetetlen kieg\u00e9sz\u00edt\u0151, amely sz\u00e1mos ruh\u00e1val kombin\u00e1lhat\u00f3. A fekete sz\u00edn eleganci\u00e1t \u00e9s sokoldal\u00fas\u00e1got k\u00f6lcs\u00f6n\u00f6z, a piros sz\u00edn \u00e9l\u00e9nk sz\u00ednt ad, a kr\u00e9msz\u00edn\u0171 pedig klasszikus \u00e9s kifinomult aur\u00e1t k\u00f6lcs\u00f6n\u00f6z egyszerre. F\u00fcggetlen\u00fcl att\u00f3l, hogy milyen sz\u00ednt v\u00e1lasztasz, ez a b\u0151r\u00f6v egy eleg\u00e1ns kieg\u00e9sz\u00edt\u0151, amely t\u00f6k\u00e9letesen kieg\u00e9sz\u00edt b\u00e1rmilyen \u00f6lt\u00f6z\u00e9ket. Az \u00f6v 3 m\u00e9retben kaphat\u00f3: S, M \u00e9s L m\u00e9retben.    <\/p>\n","protected":false},"excerpt":{"rendered":"<p>Ez a term\u00e9szetes b\u0151rsz\u00edj kr\u00e9m, piros \u00e9s fekete sz\u00ednben kaphat\u00f3. Elengedhetetlen kieg\u00e9sz\u00edt\u0151, amely sz\u00e1mos ruh\u00e1val kombin\u00e1lhat\u00f3. A fekete sz\u00edn eleganci\u00e1t \u00e9s sokoldal\u00fas\u00e1got k\u00f6lcs\u00f6n\u00f6z, a piros sz\u00edn \u00e9l\u00e9nk sz\u00ednt ad, a kr\u00e9msz\u00edn\u0171 pedig klasszikus \u00e9s kifinomult aur\u00e1t k\u00f6lcs\u00f6n\u00f6z egyszerre. F\u00fcggetlen\u00fcl att\u00f3l, hogy milyen sz\u00ednt v\u00e1lasztasz, ez a b\u0151r\u00f6v egy eleg\u00e1ns kieg\u00e9sz\u00edt\u0151, amely t\u00f6k\u00e9letesen kieg\u00e9sz\u00edt b\u00e1rmilyen \u00f6lt\u00f6z\u00e9ket. [&hellip;]<\/p>\n","protected":false},"featured_media":90641,"comment_status":"closed","ping_status":"closed","template":"","meta":{"_acf_changed":false,"om_disable_all_campaigns":false,"inline_featured_image":false,"_monsterinsights_skip_tracking":false,"_monsterinsights_sitenote_active":false,"_monsterinsights_sitenote_note":"","_monsterinsights_sitenote_category":0},"product_brand":[],"product_cat":[809,741],"product_tag":[],"class_list":{"0":"post-90640","1":"product","2":"type-product","3":"status-publish","4":"has-post-thumbnail","6":"product_cat-bor-ov","7":"product_cat-nok","9":"first","10":"instock","11":"taxable","12":"shipping-taxable","13":"purchasable","14":"product-type-variable","15":"has-default-attributes","16":"wvs-archive-product-wrapper"},"acf":{"categorie_feed":""},"aioseo_notices":[],"_links":{"self":[{"href":"https:\/\/aavesa.com\/hu\/wp-json\/wp\/v2\/product\/90640","targetHints":{"allow":["GET"]}}],"collection":[{"href":"https:\/\/aavesa.com\/hu\/wp-json\/wp\/v2\/product"}],"about":[{"href":"https:\/\/aavesa.com\/hu\/wp-json\/wp\/v2\/types\/product"}],"replies":[{"embeddable":true,"href":"https:\/\/aavesa.com\/hu\/wp-json\/wp\/v2\/comments?post=90640"}],"wp:featuredmedia":[{"embeddable":true,"href":"https:\/\/aavesa.com\/hu\/wp-json\/wp\/v2\/media\/90641"}],"wp:attachment":[{"href":"https:\/\/aavesa.com\/hu\/wp-json\/wp\/v2\/media?parent=90640"}],"wp:term":[{"taxonomy":"product_brand","embeddable":true,"href":"https:\/\/aavesa.com\/hu\/wp-json\/wp\/v2\/product_brand?post=90640"},{"taxonomy":"product_cat","embeddable":true,"href":"https:\/\/aavesa.com\/hu\/wp-json\/wp\/v2\/product_cat?post=90640"},{"taxonomy":"product_tag","embeddable":true,"href":"https:\/\/aavesa.com\/hu\/wp-json\/wp\/v2\/product_tag?post=90640"}],"curies":[{"name":"wp","href":"https:\/\/api.w.org\/{rel}","templated":true}]}}