

{"id":90650,"date":"2024-07-26T16:21:23","date_gmt":"2024-07-26T16:21:23","guid":{"rendered":"https:\/\/new.aavesa.com\/produs\/dekorativ-baranybor-szonyeg-995\/"},"modified":"2025-11-17T06:30:38","modified_gmt":"2025-11-17T06:30:38","slug":"dekorativ-baranybor-szonyeg-995","status":"publish","type":"product","link":"https:\/\/aavesa.com\/hu\/product\/dekorativ-baranybor-szonyeg-995\/","title":{"rendered":"Dekorat\u00edv b\u00e1r\u00e1nyb\u0151r sz\u0151nyeg 995"},"content":{"rendered":"<p>Term\u00e9szetes, dekorat\u00edv t\u00f6r\u00f6k b\u00e1r\u00e1nyb\u0151r. Ez a b\u00e1r\u00e1nyb\u0151r lehet a szoba ellen\u00e1ll\u00f3 darabja. A sz\u0151rzet fekete, term\u00e9szetes, festetlen, \u00e9s a b\u0151r form\u00e1ja minden egyes darabn\u00e1l egyedi. V\u00e1lassza ezt a dekorat\u00edv b\u0151rt, hogy a h\u00e1zba egy t\u00f6bblet eredetis\u00e9get adjon, m\u00e9g akkor is, ha a padl\u00f3n vagy a karossz\u00e9kben van. Ez a dekorat\u00edv b\u00e1r\u00e1nyb\u0151r bar\u00e1ts\u00e1gi nyilatkozat is lehet, t\u00f6k\u00e9letes aj\u00e1nd\u00e9k egy egyedi szem\u00e9ly sz\u00e1m\u00e1ra.    <\/p>\n","protected":false},"excerpt":{"rendered":"<p>Term\u00e9szetes, dekorat\u00edv t\u00f6r\u00f6k b\u00e1r\u00e1nyb\u0151r. Ez a b\u00e1r\u00e1nyb\u0151r lehet a szoba ellen\u00e1ll\u00f3 darabja. A sz\u0151rzet fekete, term\u00e9szetes, festetlen, \u00e9s a b\u0151r form\u00e1ja minden egyes darabn\u00e1l egyedi. V\u00e1lassza ezt a dekorat\u00edv b\u0151rt, hogy a h\u00e1zba egy t\u00f6bblet eredetis\u00e9get adjon, m\u00e9g akkor is, ha a padl\u00f3n vagy a karossz\u00e9kben van. Ez a dekorat\u00edv b\u00e1r\u00e1nyb\u0151r bar\u00e1ts\u00e1gi nyilatkozat is lehet, [&hellip;]<\/p>\n","protected":false},"featured_media":90657,"comment_status":"open","ping_status":"closed","template":"","meta":{"_acf_changed":false,"om_disable_all_campaigns":false,"inline_featured_image":false,"_monsterinsights_skip_tracking":false,"_monsterinsights_sitenote_active":false,"_monsterinsights_sitenote_note":"","_monsterinsights_sitenote_category":0},"product_brand":[],"product_cat":[810],"product_tag":[],"class_list":{"0":"post-90650","1":"product","2":"type-product","3":"status-publish","4":"has-post-thumbnail","6":"product_cat-dekoraciok","8":"first","9":"outofstock","10":"taxable","11":"shipping-taxable","12":"product-type-variable","13":"has-default-attributes","14":"wvs-archive-product-wrapper"},"acf":{"categorie_feed":""},"aioseo_notices":[],"_links":{"self":[{"href":"https:\/\/aavesa.com\/hu\/wp-json\/wp\/v2\/product\/90650","targetHints":{"allow":["GET"]}}],"collection":[{"href":"https:\/\/aavesa.com\/hu\/wp-json\/wp\/v2\/product"}],"about":[{"href":"https:\/\/aavesa.com\/hu\/wp-json\/wp\/v2\/types\/product"}],"replies":[{"embeddable":true,"href":"https:\/\/aavesa.com\/hu\/wp-json\/wp\/v2\/comments?post=90650"}],"wp:featuredmedia":[{"embeddable":true,"href":"https:\/\/aavesa.com\/hu\/wp-json\/wp\/v2\/media\/90657"}],"wp:attachment":[{"href":"https:\/\/aavesa.com\/hu\/wp-json\/wp\/v2\/media?parent=90650"}],"wp:term":[{"taxonomy":"product_brand","embeddable":true,"href":"https:\/\/aavesa.com\/hu\/wp-json\/wp\/v2\/product_brand?post=90650"},{"taxonomy":"product_cat","embeddable":true,"href":"https:\/\/aavesa.com\/hu\/wp-json\/wp\/v2\/product_cat?post=90650"},{"taxonomy":"product_tag","embeddable":true,"href":"https:\/\/aavesa.com\/hu\/wp-json\/wp\/v2\/product_tag?post=90650"}],"curies":[{"name":"wp","href":"https:\/\/api.w.org\/{rel}","templated":true}]}}