

{"id":90662,"date":"2024-07-26T16:21:23","date_gmt":"2024-07-26T16:21:23","guid":{"rendered":"https:\/\/new.aavesa.com\/produs\/termeszetes-baranybor-sapka-ferfiaknak-513\/"},"modified":"2025-11-17T06:30:36","modified_gmt":"2025-11-17T06:30:36","slug":"termeszetes-baranybor-sapka-ferfiaknak-513","status":"publish","type":"product","link":"https:\/\/aavesa.com\/hu\/product\/termeszetes-baranybor-sapka-ferfiaknak-513\/","title":{"rendered":"Term\u00e9szetes b\u00e1r\u00e1nyb\u0151r sapka f\u00e9rfiaknak 513"},"content":{"rendered":"<p>A hideg napokon n\u00e9lk\u00fcl\u00f6zhetetlen kieg\u00e9sz\u00edt\u0151, ez a term\u00e9szetes <a rel=\"nofollow\" href=\"https:\/\/aavesa.com\/hu\/ferfiak\/shearling-kalapok-bundas-kalapok-ferfiaknak\/\">b\u00e1r\u00e1nyb\u0151rb\u0151l k\u00e9sz\u00fclt f\u00e9rfi sapka<\/a> merin\u00f3b\u00e1r\u00e1ny sz\u0151rm\u00e9b\u0151l k\u00e9sz\u00fclt, \u00e9s meleget \u00e9s k\u00e9nyelmet biztos\u00edt visel\u0151j\u00e9nek. A sz\u0151rme h\u00e1tul egy zsin\u00f3rral \u00f6sszeh\u00fazhat\u00f3, \u00edgy mindenkinek j\u00f3l \u00e1ll. A sapka f\u00fclei k\u00e9t helyen is r\u00f6gz\u00edthet\u0151k a nyom\u00f3gombokkal. Ez a sz\u0151rm\u00e9s sapka st\u00edlusos \u00e9s praktikus, \u00e9s t\u00f6bbf\u00e9lek\u00e9ppen is viselhet\u0151. A merin\u00f3b\u00e1r\u00e1ny sz\u0151rme kellemes tapint\u00e1s\u00fa, \u00e9s szigetel\u00e9st \u00e9s v\u00e9delmet ny\u00fajt a hideg ellen.    <\/p>\n","protected":false},"excerpt":{"rendered":"<p>A hideg napokon n\u00e9lk\u00fcl\u00f6zhetetlen kieg\u00e9sz\u00edt\u0151, ez a term\u00e9szetes b\u00e1r\u00e1nyb\u0151rb\u0151l k\u00e9sz\u00fclt f\u00e9rfi sapka merin\u00f3b\u00e1r\u00e1ny sz\u0151rm\u00e9b\u0151l k\u00e9sz\u00fclt, \u00e9s meleget \u00e9s k\u00e9nyelmet biztos\u00edt visel\u0151j\u00e9nek. A sz\u0151rme h\u00e1tul egy zsin\u00f3rral \u00f6sszeh\u00fazhat\u00f3, \u00edgy mindenkinek j\u00f3l \u00e1ll. A sapka f\u00fclei k\u00e9t helyen is r\u00f6gz\u00edthet\u0151k a nyom\u00f3gombokkal. Ez a sz\u0151rm\u00e9s sapka st\u00edlusos \u00e9s praktikus, \u00e9s t\u00f6bbf\u00e9lek\u00e9ppen is viselhet\u0151. A merin\u00f3b\u00e1r\u00e1ny sz\u0151rme kellemes [&hellip;]<\/p>\n","protected":false},"featured_media":90663,"comment_status":"open","ping_status":"closed","template":"","meta":{"_acf_changed":false,"om_disable_all_campaigns":false,"inline_featured_image":false,"_monsterinsights_skip_tracking":false,"_monsterinsights_sitenote_active":false,"_monsterinsights_sitenote_note":"","_monsterinsights_sitenote_category":0},"product_brand":[],"product_cat":[725,736,737],"product_tag":[],"class_list":{"0":"post-90662","1":"product","2":"type-product","3":"status-publish","4":"has-post-thumbnail","6":"product_cat-ferfiak","7":"product_cat-shearling-kalapok-bundas-kalapok-ferfiaknak","8":"product_cat-teli-sapkak","10":"first","11":"instock","12":"taxable","13":"shipping-taxable","14":"purchasable","15":"product-type-variable","16":"has-default-attributes","17":"wvs-archive-product-wrapper"},"acf":{"categorie_feed":""},"aioseo_notices":[],"_links":{"self":[{"href":"https:\/\/aavesa.com\/hu\/wp-json\/wp\/v2\/product\/90662","targetHints":{"allow":["GET"]}}],"collection":[{"href":"https:\/\/aavesa.com\/hu\/wp-json\/wp\/v2\/product"}],"about":[{"href":"https:\/\/aavesa.com\/hu\/wp-json\/wp\/v2\/types\/product"}],"replies":[{"embeddable":true,"href":"https:\/\/aavesa.com\/hu\/wp-json\/wp\/v2\/comments?post=90662"}],"wp:featuredmedia":[{"embeddable":true,"href":"https:\/\/aavesa.com\/hu\/wp-json\/wp\/v2\/media\/90663"}],"wp:attachment":[{"href":"https:\/\/aavesa.com\/hu\/wp-json\/wp\/v2\/media?parent=90662"}],"wp:term":[{"taxonomy":"product_brand","embeddable":true,"href":"https:\/\/aavesa.com\/hu\/wp-json\/wp\/v2\/product_brand?post=90662"},{"taxonomy":"product_cat","embeddable":true,"href":"https:\/\/aavesa.com\/hu\/wp-json\/wp\/v2\/product_cat?post=90662"},{"taxonomy":"product_tag","embeddable":true,"href":"https:\/\/aavesa.com\/hu\/wp-json\/wp\/v2\/product_tag?post=90662"}],"curies":[{"name":"wp","href":"https:\/\/api.w.org\/{rel}","templated":true}]}}