

{"id":90675,"date":"2024-07-26T16:21:23","date_gmt":"2024-07-26T16:21:23","guid":{"rendered":"https:\/\/new.aavesa.com\/produs\/shearling-sapka-514\/"},"modified":"2025-11-17T06:30:33","modified_gmt":"2025-11-17T06:30:33","slug":"shearling-sapka-514","status":"publish","type":"product","link":"https:\/\/aavesa.com\/hu\/product\/shearling-sapka-514\/","title":{"rendered":"Shearling sapka 514"},"content":{"rendered":"<p>A <a rel=\"nofollow\" href=\"https:\/\/aavesa.com\/hu\/ferfiak\/shearling-kalapok-bundas-kalapok-ferfiaknak\/\">juh\u00e1szsapka<\/a> st\u00edlusos \u00e9s nagyon praktikus kieg\u00e9sz\u00edt\u0151, amely k\u00e9nyelmet biztos\u00edt sz\u00e1munkra a hideg id\u0151ben, \u00e9s extra st\u00edlust k\u00f6lcs\u00f6n\u00f6z a t\u00e9li viseletnek. Ez a f\u00e9rfi shearling sapka merin\u00f3b\u00e1r\u00e1ny sz\u0151rm\u00e9b\u0151l k\u00e9sz\u00fclt, \u00e9s form\u00e1ja a klasszikus rep\u00fcl\u0151s egyenruh\u00e1kat kieg\u00e9sz\u00edt\u0151 sapk\u00e1kra eml\u00e9keztet. Nagyon f\u00e9rfias \u00e9s megk\u00fcl\u00f6nb\u00f6ztethet\u0151 a v\u00e1g\u00e1s, ez a kalap egy sokoldal\u00fa kieg\u00e9sz\u00edt\u0151, \u00e9s k\u00f6nnyen \u00f6sszeilleszthet\u0151 a sportruh\u00e1zat \u00e9s az eleg\u00e1ns. A sz\u0151rm\u00e9s sapka az \u00e1ll alatt tal\u00e1lhat\u00f3 gomb seg\u00edts\u00e9g\u00e9vel z\u00e1rhat\u00f3.   <\/p>\n","protected":false},"excerpt":{"rendered":"<p>A juh\u00e1szsapka st\u00edlusos \u00e9s nagyon praktikus kieg\u00e9sz\u00edt\u0151, amely k\u00e9nyelmet biztos\u00edt sz\u00e1munkra a hideg id\u0151ben, \u00e9s extra st\u00edlust k\u00f6lcs\u00f6n\u00f6z a t\u00e9li viseletnek. Ez a f\u00e9rfi shearling sapka merin\u00f3b\u00e1r\u00e1ny sz\u0151rm\u00e9b\u0151l k\u00e9sz\u00fclt, \u00e9s form\u00e1ja a klasszikus rep\u00fcl\u0151s egyenruh\u00e1kat kieg\u00e9sz\u00edt\u0151 sapk\u00e1kra eml\u00e9keztet. Nagyon f\u00e9rfias \u00e9s megk\u00fcl\u00f6nb\u00f6ztethet\u0151 a v\u00e1g\u00e1s, ez a kalap egy sokoldal\u00fa kieg\u00e9sz\u00edt\u0151, \u00e9s k\u00f6nnyen \u00f6sszeilleszthet\u0151 a sportruh\u00e1zat [&hellip;]<\/p>\n","protected":false},"featured_media":90676,"comment_status":"open","ping_status":"closed","template":"","meta":{"_acf_changed":false,"om_disable_all_campaigns":false,"inline_featured_image":false,"_monsterinsights_skip_tracking":false,"_monsterinsights_sitenote_active":false,"_monsterinsights_sitenote_note":"","_monsterinsights_sitenote_category":0},"product_brand":[],"product_cat":[725,736,737],"product_tag":[],"class_list":{"0":"post-90675","1":"product","2":"type-product","3":"status-publish","4":"has-post-thumbnail","6":"product_cat-ferfiak","7":"product_cat-shearling-kalapok-bundas-kalapok-ferfiaknak","8":"product_cat-teli-sapkak","10":"first","11":"instock","12":"taxable","13":"shipping-taxable","14":"purchasable","15":"product-type-variable","16":"has-default-attributes","17":"wvs-archive-product-wrapper"},"acf":{"categorie_feed":""},"aioseo_notices":[],"_links":{"self":[{"href":"https:\/\/aavesa.com\/hu\/wp-json\/wp\/v2\/product\/90675","targetHints":{"allow":["GET"]}}],"collection":[{"href":"https:\/\/aavesa.com\/hu\/wp-json\/wp\/v2\/product"}],"about":[{"href":"https:\/\/aavesa.com\/hu\/wp-json\/wp\/v2\/types\/product"}],"replies":[{"embeddable":true,"href":"https:\/\/aavesa.com\/hu\/wp-json\/wp\/v2\/comments?post=90675"}],"wp:featuredmedia":[{"embeddable":true,"href":"https:\/\/aavesa.com\/hu\/wp-json\/wp\/v2\/media\/90676"}],"wp:attachment":[{"href":"https:\/\/aavesa.com\/hu\/wp-json\/wp\/v2\/media?parent=90675"}],"wp:term":[{"taxonomy":"product_brand","embeddable":true,"href":"https:\/\/aavesa.com\/hu\/wp-json\/wp\/v2\/product_brand?post=90675"},{"taxonomy":"product_cat","embeddable":true,"href":"https:\/\/aavesa.com\/hu\/wp-json\/wp\/v2\/product_cat?post=90675"},{"taxonomy":"product_tag","embeddable":true,"href":"https:\/\/aavesa.com\/hu\/wp-json\/wp\/v2\/product_tag?post=90675"}],"curies":[{"name":"wp","href":"https:\/\/api.w.org\/{rel}","templated":true}]}}