

{"id":90686,"date":"2024-07-26T16:21:43","date_gmt":"2024-07-26T16:21:43","guid":{"rendered":"https:\/\/new.aavesa.com\/produs\/ferfi-kalap-baranyborbol-515\/"},"modified":"2025-11-17T06:30:32","modified_gmt":"2025-11-17T06:30:32","slug":"ferfi-kalap-baranyborbol-515","status":"publish","type":"product","link":"https:\/\/aavesa.com\/hu\/product\/ferfi-kalap-baranyborbol-515\/","title":{"rendered":"F\u00e9rfi kalap b\u00e1r\u00e1nyb\u0151rb\u0151l 515"},"content":{"rendered":"<p>A <a href=\"https:\/\/aavesa.com\/hu\/ferfiak\/shearling-kalapok-bundas-kalapok-ferfiaknak\/\">sz\u0151rme sapka<\/a> a legn\u00e9pszer\u0171bb t\u00e9li kieg\u00e9sz\u00edt\u0151. Meleg \u00e9s k\u00e9nyelmes, a sz\u0151rme sapka megv\u00e9d minket a t\u00e9li hidegt\u0151l, \u00e9s kieg\u00e9sz\u00edti a st\u00edlusunkat. Ez a b\u00e1r\u00e1nyb\u0151rb\u0151l k\u00e9sz\u00fclt f\u00e9rfi sapka merin\u00f3b\u00e1r\u00e1ny sz\u0151rm\u00e9b\u0151l k\u00e9sz\u00fclt, \u00e9s k\u00f6nnyen \u00e1ll\u00edthat\u00f3. A m\u00e9ret a sapka h\u00e1tulj\u00e1n l\u00e9v\u0151 csattal \u00e9s egy tov\u00e1bbi csattal \u00e1ll\u00edthat\u00f3, amely az \u00e1ll alatt tart, ami nagyobb stabilit\u00e1st biztos\u00edt. A sapka modern szab\u00e1sa \u00e9s a puha tapint\u00e1s\u00fa term\u00e9szetes sz\u0151rme t\u00f6k\u00e9letes kieg\u00e9sz\u00edt\u0151je a hideg t\u00e9lnek.    <\/p>\n","protected":false},"excerpt":{"rendered":"<p>A sz\u0151rme sapka a legn\u00e9pszer\u0171bb t\u00e9li kieg\u00e9sz\u00edt\u0151. Meleg \u00e9s k\u00e9nyelmes, a sz\u0151rme sapka megv\u00e9d minket a t\u00e9li hidegt\u0151l, \u00e9s kieg\u00e9sz\u00edti a st\u00edlusunkat. Ez a b\u00e1r\u00e1nyb\u0151rb\u0151l k\u00e9sz\u00fclt f\u00e9rfi sapka merin\u00f3b\u00e1r\u00e1ny sz\u0151rm\u00e9b\u0151l k\u00e9sz\u00fclt, \u00e9s k\u00f6nnyen \u00e1ll\u00edthat\u00f3. A m\u00e9ret a sapka h\u00e1tulj\u00e1n l\u00e9v\u0151 csattal \u00e9s egy tov\u00e1bbi csattal \u00e1ll\u00edthat\u00f3, amely az \u00e1ll alatt tart, ami nagyobb stabilit\u00e1st biztos\u00edt. [&hellip;]<\/p>\n","protected":false},"featured_media":90687,"comment_status":"open","ping_status":"closed","template":"","meta":{"_acf_changed":false,"om_disable_all_campaigns":false,"inline_featured_image":false,"_monsterinsights_skip_tracking":false,"_monsterinsights_sitenote_active":false,"_monsterinsights_sitenote_note":"","_monsterinsights_sitenote_category":0},"product_brand":[],"product_cat":[784,725,736,737],"product_tag":[],"class_list":{"0":"post-90686","1":"product","2":"type-product","3":"status-publish","4":"has-post-thumbnail","6":"product_cat-baranybor","7":"product_cat-ferfiak","8":"product_cat-shearling-kalapok-bundas-kalapok-ferfiaknak","9":"product_cat-teli-sapkak","11":"first","12":"instock","13":"taxable","14":"shipping-taxable","15":"purchasable","16":"product-type-variable","17":"has-default-attributes","18":"wvs-archive-product-wrapper"},"acf":{"categorie_feed":""},"aioseo_notices":[],"_links":{"self":[{"href":"https:\/\/aavesa.com\/hu\/wp-json\/wp\/v2\/product\/90686","targetHints":{"allow":["GET"]}}],"collection":[{"href":"https:\/\/aavesa.com\/hu\/wp-json\/wp\/v2\/product"}],"about":[{"href":"https:\/\/aavesa.com\/hu\/wp-json\/wp\/v2\/types\/product"}],"replies":[{"embeddable":true,"href":"https:\/\/aavesa.com\/hu\/wp-json\/wp\/v2\/comments?post=90686"}],"wp:featuredmedia":[{"embeddable":true,"href":"https:\/\/aavesa.com\/hu\/wp-json\/wp\/v2\/media\/90687"}],"wp:attachment":[{"href":"https:\/\/aavesa.com\/hu\/wp-json\/wp\/v2\/media?parent=90686"}],"wp:term":[{"taxonomy":"product_brand","embeddable":true,"href":"https:\/\/aavesa.com\/hu\/wp-json\/wp\/v2\/product_brand?post=90686"},{"taxonomy":"product_cat","embeddable":true,"href":"https:\/\/aavesa.com\/hu\/wp-json\/wp\/v2\/product_cat?post=90686"},{"taxonomy":"product_tag","embeddable":true,"href":"https:\/\/aavesa.com\/hu\/wp-json\/wp\/v2\/product_tag?post=90686"}],"curies":[{"name":"wp","href":"https:\/\/api.w.org\/{rel}","templated":true}]}}