

{"id":90723,"date":"2024-07-26T16:21:44","date_gmt":"2024-07-26T16:21:44","guid":{"rendered":"https:\/\/new.aavesa.com\/produs\/marhabor-ferfi-ov-c003\/"},"modified":"2025-11-17T06:30:31","modified_gmt":"2025-11-17T06:30:31","slug":"marhabor-ferfi-ov-c003","status":"publish","type":"product","link":"https:\/\/aavesa.com\/hu\/product\/marhabor-ferfi-ov-c003\/","title":{"rendered":"Marhab\u0151r f\u00e9rfi \u00f6v C003"},"content":{"rendered":"<p>A min\u0151s\u00e9gi b\u0151rsz\u00edj id\u0151t\u00e1ll\u00f3, rendk\u00edv\u00fcl praktikus \u00e9s sokoldal\u00fa kieg\u00e9sz\u00edt\u0151. Modern, k\u00e9nyelmes \u00e9s divatos, ez a b\u0151rsz\u00edj k\u00f6nnyen illeszkedik, mivel tart\u00f3s \u00e9s k\u00f6nnyen illeszthet\u0151. Egyetlen ruhat\u00e1r sem lehet teljes olyan \u00f6vek gy\u0171jtem\u00e9nye n\u00e9lk\u00fcl, amelyek t\u00f6k\u00e9letesen illeszkednek t\u00f6bbf\u00e9le \u00f6lt\u00f6z\u00e9khez &#8211; az alkalmi, az \u00fczleti vagy a st\u00edlusos \u00f6vet verhetetlen kieg\u00e9sz\u00edt\u0151nek tartjuk, amely nemcsak a derekat, hanem az eg\u00e9sz \u00f6lt\u00f6z\u00e9ket is fel\u00fclm\u00falja. Ez a f\u00e9rfi \u00f6v min\u0151s\u00e9gi marhab\u0151rb\u0151l k\u00e9sz\u00fclt, a modell egyszer\u0171 \u00e9s st\u00edlusos. Az \u00f6v vil\u00e1gosbarna sz\u00edne st\u00edlust k\u00f6lcs\u00f6n\u00f6z neki, \u00e9s modern \u00e9s praktikus kieg\u00e9sz\u00edt\u0151v\u00e9 teszi.<br \/>\nEz a sz\u00edj egy praktikus \u00e9s st\u00edlusos v\u00e1s\u00e1rl\u00e1s, amely sokoldal\u00fas\u00e1ga miatt nagyszer\u0171 aj\u00e1nd\u00e9k lehet minden olyan f\u00e9rfi sz\u00e1m\u00e1ra, aki \u00e9rt\u00e9keli az \u00f6lt\u00f6zk\u00f6d\u00e9s\u00e9t, valamint a min\u0151s\u00e9gi t\u00e1rgyakkal val\u00f3 kieg\u00e9sz\u00edt\u00e9st.<\/p>\n","protected":false},"excerpt":{"rendered":"<p>A min\u0151s\u00e9gi b\u0151rsz\u00edj id\u0151t\u00e1ll\u00f3, rendk\u00edv\u00fcl praktikus \u00e9s sokoldal\u00fa kieg\u00e9sz\u00edt\u0151. Modern, k\u00e9nyelmes \u00e9s divatos, ez a b\u0151rsz\u00edj k\u00f6nnyen illeszkedik, mivel tart\u00f3s \u00e9s k\u00f6nnyen illeszthet\u0151. Egyetlen ruhat\u00e1r sem lehet teljes olyan \u00f6vek gy\u0171jtem\u00e9nye n\u00e9lk\u00fcl, amelyek t\u00f6k\u00e9letesen illeszkednek t\u00f6bbf\u00e9le \u00f6lt\u00f6z\u00e9khez &#8211; az alkalmi, az \u00fczleti vagy a st\u00edlusos \u00f6vet verhetetlen kieg\u00e9sz\u00edt\u0151nek tartjuk, amely nemcsak a derekat, hanem az [&hellip;]<\/p>\n","protected":false},"featured_media":90725,"comment_status":"open","ping_status":"closed","template":"","meta":{"_acf_changed":false,"om_disable_all_campaigns":false,"inline_featured_image":false,"_monsterinsights_skip_tracking":false,"_monsterinsights_sitenote_active":false,"_monsterinsights_sitenote_note":"","_monsterinsights_sitenote_category":0},"product_brand":[],"product_cat":[726,725],"product_tag":[],"class_list":{"0":"post-90723","1":"product","2":"type-product","3":"status-publish","4":"has-post-thumbnail","6":"product_cat-borovek-ferfiaknak","7":"product_cat-ferfiak","9":"first","10":"outofstock","11":"taxable","12":"shipping-taxable","13":"product-type-variable","14":"has-default-attributes","15":"wvs-archive-product-wrapper"},"acf":{"categorie_feed":""},"aioseo_notices":[],"_links":{"self":[{"href":"https:\/\/aavesa.com\/hu\/wp-json\/wp\/v2\/product\/90723","targetHints":{"allow":["GET"]}}],"collection":[{"href":"https:\/\/aavesa.com\/hu\/wp-json\/wp\/v2\/product"}],"about":[{"href":"https:\/\/aavesa.com\/hu\/wp-json\/wp\/v2\/types\/product"}],"replies":[{"embeddable":true,"href":"https:\/\/aavesa.com\/hu\/wp-json\/wp\/v2\/comments?post=90723"}],"wp:featuredmedia":[{"embeddable":true,"href":"https:\/\/aavesa.com\/hu\/wp-json\/wp\/v2\/media\/90725"}],"wp:attachment":[{"href":"https:\/\/aavesa.com\/hu\/wp-json\/wp\/v2\/media?parent=90723"}],"wp:term":[{"taxonomy":"product_brand","embeddable":true,"href":"https:\/\/aavesa.com\/hu\/wp-json\/wp\/v2\/product_brand?post=90723"},{"taxonomy":"product_cat","embeddable":true,"href":"https:\/\/aavesa.com\/hu\/wp-json\/wp\/v2\/product_cat?post=90723"},{"taxonomy":"product_tag","embeddable":true,"href":"https:\/\/aavesa.com\/hu\/wp-json\/wp\/v2\/product_tag?post=90723"}],"curies":[{"name":"wp","href":"https:\/\/api.w.org\/{rel}","templated":true}]}}