

{"id":90756,"date":"2024-07-26T16:22:04","date_gmt":"2024-07-26T16:22:04","guid":{"rendered":"https:\/\/new.aavesa.com\/produs\/dekorativ-renszarvasbor-996-3\/"},"modified":"2025-11-17T06:30:25","modified_gmt":"2025-11-17T06:30:25","slug":"dekorativ-renszarvasbor-996-3","status":"publish","type":"product","link":"https:\/\/aavesa.com\/hu\/product\/dekorativ-renszarvasbor-996-3\/","title":{"rendered":"Dekorat\u00edv r\u00e9nszarvasb\u0151r 996-3"},"content":{"rendered":"<p>Ez a <a href=\"https:\/\/aavesa.com\/hu\/dekoraciok\/\">dekorat\u00edv r\u00e9nszarvasb\u0151r<\/a> ritka sz\u00edne \u00e9s kiv\u00e1l\u00f3 min\u0151s\u00e9ge miatt egyed\u00fcl\u00e1ll\u00f3 term\u00e9k. Dekor\u00e1ci\u00f3s, eleg\u00e1ns \u00e9s exkluz\u00edv t\u00e1rgy, amely ak\u00e1r a padl\u00f3ra, ak\u00e1r a kanap\u00e9ra, ak\u00e1r egy sz\u00e9kre helyezve luxust adhat a szob\u00e1nak. A feh\u00e9r sz\u00edn nagyon ritka enn\u00e9l a r\u00e9nszarvasb\u0151r t\u00edpusn\u00e1l, ami mindenkinek kellemes tapint\u00e1s\u00fa, k\u00e9nyelmes \u00e9s meleg \u00e9rz\u00e9st ad.<br \/>\nA kis m\u00e9retnek k\u00f6sz\u00f6nhet\u0151en ez a r\u00e9nszarvasb\u0151r nagyon k\u00f6nnyen elhelyezhet\u0151 \u00e9s mozgathat\u00f3, \u00edgy t\u00f6k\u00e9letes helyet foglal el, hogy kieg\u00e9sz\u00edtse a szoba bels\u0151 kialak\u00edt\u00e1s\u00e1t. A term\u00e9szetes aspektus var\u00e1zslatos hangulatot k\u00f6lcs\u00f6n\u00f6z az eg\u00e9sz dekor\u00e1ci\u00f3nak, \u00e9s mindig otthon fogja \u00e9rezni mag\u00e1t. A dekor\u00e1ci\u00f3nak sz\u00e1nt r\u00e9nszarvasb\u0151r k\u00fcl\u00f6nleges \u00e9s eredeti aj\u00e1nd\u00e9k is lehet azoknak, akik \u00e9rt\u00e9kelik a k\u00e9nyelmet \u00e9s szeretnek st\u00edlusosan d\u00edsz\u00edteni. M\u00e9retek: (L x L) 125 x 115 cm.     <\/p>\n","protected":false},"excerpt":{"rendered":"<p>Ez a dekorat\u00edv r\u00e9nszarvasb\u0151r ritka sz\u00edne \u00e9s kiv\u00e1l\u00f3 min\u0151s\u00e9ge miatt egyed\u00fcl\u00e1ll\u00f3 term\u00e9k. Dekor\u00e1ci\u00f3s, eleg\u00e1ns \u00e9s exkluz\u00edv t\u00e1rgy, amely ak\u00e1r a padl\u00f3ra, ak\u00e1r a kanap\u00e9ra, ak\u00e1r egy sz\u00e9kre helyezve luxust adhat a szob\u00e1nak. A feh\u00e9r sz\u00edn nagyon ritka enn\u00e9l a r\u00e9nszarvasb\u0151r t\u00edpusn\u00e1l, ami mindenkinek kellemes tapint\u00e1s\u00fa, k\u00e9nyelmes \u00e9s meleg \u00e9rz\u00e9st ad. A kis m\u00e9retnek k\u00f6sz\u00f6nhet\u0151en ez [&hellip;]<\/p>\n","protected":false},"featured_media":90757,"comment_status":"open","ping_status":"closed","template":"","meta":{"_acf_changed":false,"om_disable_all_campaigns":false,"inline_featured_image":false,"_monsterinsights_skip_tracking":false,"_monsterinsights_sitenote_active":false,"_monsterinsights_sitenote_note":"","_monsterinsights_sitenote_category":0},"product_brand":[],"product_cat":[822,810],"product_tag":[],"class_list":{"0":"post-90756","1":"product","2":"type-product","3":"status-publish","4":"has-post-thumbnail","6":"product_cat-renszarvas-szonyegek","7":"product_cat-dekoraciok","9":"first","10":"outofstock","11":"taxable","12":"shipping-taxable","13":"product-type-variable","14":"has-default-attributes","15":"wvs-archive-product-wrapper"},"acf":{"categorie_feed":""},"aioseo_notices":[],"_links":{"self":[{"href":"https:\/\/aavesa.com\/hu\/wp-json\/wp\/v2\/product\/90756","targetHints":{"allow":["GET"]}}],"collection":[{"href":"https:\/\/aavesa.com\/hu\/wp-json\/wp\/v2\/product"}],"about":[{"href":"https:\/\/aavesa.com\/hu\/wp-json\/wp\/v2\/types\/product"}],"replies":[{"embeddable":true,"href":"https:\/\/aavesa.com\/hu\/wp-json\/wp\/v2\/comments?post=90756"}],"wp:featuredmedia":[{"embeddable":true,"href":"https:\/\/aavesa.com\/hu\/wp-json\/wp\/v2\/media\/90757"}],"wp:attachment":[{"href":"https:\/\/aavesa.com\/hu\/wp-json\/wp\/v2\/media?parent=90756"}],"wp:term":[{"taxonomy":"product_brand","embeddable":true,"href":"https:\/\/aavesa.com\/hu\/wp-json\/wp\/v2\/product_brand?post=90756"},{"taxonomy":"product_cat","embeddable":true,"href":"https:\/\/aavesa.com\/hu\/wp-json\/wp\/v2\/product_cat?post=90756"},{"taxonomy":"product_tag","embeddable":true,"href":"https:\/\/aavesa.com\/hu\/wp-json\/wp\/v2\/product_tag?post=90756"}],"curies":[{"name":"wp","href":"https:\/\/api.w.org\/{rel}","templated":true}]}}