

{"id":90760,"date":"2024-07-26T16:34:07","date_gmt":"2024-07-26T16:34:07","guid":{"rendered":"https:\/\/new.aavesa.com\/produs\/kapucnis-baranybor-es-roka-mosomedve-szorme-dzseki-379\/"},"modified":"2026-04-10T15:07:57","modified_gmt":"2026-04-10T17:07:57","slug":"kapucnis-baranybor-es-roka-mosomedve-szorme-dzseki-379","status":"publish","type":"product","link":"https:\/\/aavesa.com\/hu\/product\/kapucnis-baranybor-es-roka-mosomedve-szorme-dzseki-379\/","title":{"rendered":"Kapucnis b\u00e1r\u00e1nyb\u0151r \u00e9s r\u00f3ka \/ mos\u00f3medve sz\u0151rme dzseki 379"},"content":{"rendered":"<p>Minden ruhat\u00e1r egyedi, de vannak olyan ruhadarabok, amelyek mindig \u00e9rt\u00e9ket \u00e9s st\u00edlust adnak az \u00f6lt\u00f6z\u00e9k\u00fcnkh\u00f6z. Ez a <a href=\"https:\/\/aavesa.com\/hu\/ferfiak\/shearling-kabatok-ferfiaknak\/\">term\u00e9szetes kapucnis juhb\u0151r \u00e9s r\u00f3ka\/mos\u00f3medve sz\u0151rme dzseki<\/a> egy ilyen v\u00e1s\u00e1rl\u00e1s, amely m\u00e9g az \u00e9v leghidegebb napjain is \u00f6r\u00f6met \u00e9s fokozott k\u00e9nyelmet ny\u00fajt. A term\u00e9szetes sz\u0151rme nem megy ki a divatb\u00f3l, k\u00fcl\u00f6n\u00f6sen az\u00e9rt, mert a kab\u00e1t kialak\u00edt\u00e1sa modern \u00e9s eleg\u00e1ns. V\u00e1lassza, hogy min\u0151s\u00e9gi ruhadarabokkal gazdag\u00edtja ruhat\u00e1r\u00e1t egy egyedi sz\u0151rmekab\u00e1t visel\u00e9s\u00e9vel. A kab\u00e1t kapucnival van ell\u00e1tva, a megrendelhet\u0151 \u00e1rnyalatok pedig a fekete r\u00f3kabund\u00e1val \u00e9s a barna mos\u00f3medvebund\u00e1val. Modell\u00fcnk 183 cm magas, 48-as m\u00e9retet visel, a term\u00e9k hossza pedig 70 cm.     <\/p>\n","protected":false},"excerpt":{"rendered":"<p>Minden ruhat\u00e1r egyedi, de vannak olyan ruhadarabok, amelyek mindig \u00e9rt\u00e9ket \u00e9s st\u00edlust adnak az \u00f6lt\u00f6z\u00e9k\u00fcnkh\u00f6z. Ez a term\u00e9szetes kapucnis juhb\u0151r \u00e9s r\u00f3ka\/mos\u00f3medve sz\u0151rme dzseki egy ilyen v\u00e1s\u00e1rl\u00e1s, amely m\u00e9g az \u00e9v leghidegebb napjain is \u00f6r\u00f6met \u00e9s fokozott k\u00e9nyelmet ny\u00fajt. A term\u00e9szetes sz\u0151rme nem megy ki a divatb\u00f3l, k\u00fcl\u00f6n\u00f6sen az\u00e9rt, mert a kab\u00e1t kialak\u00edt\u00e1sa modern \u00e9s [&hellip;]<\/p>\n","protected":false},"featured_media":90761,"comment_status":"closed","ping_status":"closed","template":"","meta":{"_acf_changed":false,"om_disable_all_campaigns":false,"inline_featured_image":false,"_monsterinsights_skip_tracking":false,"_monsterinsights_sitenote_active":false,"_monsterinsights_sitenote_note":"","_monsterinsights_sitenote_category":0},"product_brand":[],"product_cat":[833,952,725,765,772],"product_tag":[],"class_list":{"0":"post-90760","1":"product","2":"type-product","3":"status-publish","4":"has-post-thumbnail","6":"product_cat-2022-2023-as-kollekcio","7":"product_cat-ferfi-es-noi-pehelypaplan-dzsekik-a-luxus-es-a-melegseg-vegso-kevereke","8":"product_cat-ferfiak","9":"product_cat-roka-szorme","10":"product_cat-shearling-kabatok-ferfiaknak","12":"first","13":"instock","14":"taxable","15":"shipping-taxable","16":"purchasable","17":"product-type-variable","18":"has-default-attributes","19":"wvs-archive-product-wrapper"},"acf":{"categorie_feed":""},"aioseo_notices":[],"_links":{"self":[{"href":"https:\/\/aavesa.com\/hu\/wp-json\/wp\/v2\/product\/90760","targetHints":{"allow":["GET"]}}],"collection":[{"href":"https:\/\/aavesa.com\/hu\/wp-json\/wp\/v2\/product"}],"about":[{"href":"https:\/\/aavesa.com\/hu\/wp-json\/wp\/v2\/types\/product"}],"replies":[{"embeddable":true,"href":"https:\/\/aavesa.com\/hu\/wp-json\/wp\/v2\/comments?post=90760"}],"wp:featuredmedia":[{"embeddable":true,"href":"https:\/\/aavesa.com\/hu\/wp-json\/wp\/v2\/media\/90761"}],"wp:attachment":[{"href":"https:\/\/aavesa.com\/hu\/wp-json\/wp\/v2\/media?parent=90760"}],"wp:term":[{"taxonomy":"product_brand","embeddable":true,"href":"https:\/\/aavesa.com\/hu\/wp-json\/wp\/v2\/product_brand?post=90760"},{"taxonomy":"product_cat","embeddable":true,"href":"https:\/\/aavesa.com\/hu\/wp-json\/wp\/v2\/product_cat?post=90760"},{"taxonomy":"product_tag","embeddable":true,"href":"https:\/\/aavesa.com\/hu\/wp-json\/wp\/v2\/product_tag?post=90760"}],"curies":[{"name":"wp","href":"https:\/\/api.w.org\/{rel}","templated":true}]}}