

{"id":90769,"date":"2024-07-26T16:22:04","date_gmt":"2024-07-26T16:22:04","guid":{"rendered":"https:\/\/new.aavesa.com\/produs\/termeszetes-renszarvasbor-996-4\/"},"modified":"2025-11-17T06:30:25","modified_gmt":"2025-11-17T06:30:25","slug":"termeszetes-renszarvasbor-996-4","status":"publish","type":"product","link":"https:\/\/aavesa.com\/hu\/product\/termeszetes-renszarvasbor-996-4\/","title":{"rendered":"Term\u00e9szetes r\u00e9nszarvasb\u0151r 996-4"},"content":{"rendered":"<p>Term\u00e9szetes r\u00e9nszarvasb\u0151r bels\u0151\u00e9p\u00edt\u00e9szeti dekor\u00e1ci\u00f3hoz.<br \/>\nEz a dekorat\u00edv sz\u0151rme a r\u00e9nszarvas darab term\u00e9szet\u00e9b\u0151l ad\u00f3d\u00f3an egyedi sz\u00edn\u0171 \u00e9s a sz\u0151rsz\u00e1lak hossz\u00e1ban is.<br \/>\nA sz\u0151rme egyedis\u00e9g\u00e9vel gazdag\u00edthatja otthon\u00e1t a padl\u00f3n, a sz\u00e9ken vagy a fotelben.<br \/>\nM\u00e9retek (L x L) 130 x 110 cm.<\/p>\n","protected":false},"excerpt":{"rendered":"<p>Term\u00e9szetes r\u00e9nszarvasb\u0151r bels\u0151\u00e9p\u00edt\u00e9szeti dekor\u00e1ci\u00f3hoz. Ez a dekorat\u00edv sz\u0151rme a r\u00e9nszarvas darab term\u00e9szet\u00e9b\u0151l ad\u00f3d\u00f3an egyedi sz\u00edn\u0171 \u00e9s a sz\u0151rsz\u00e1lak hossz\u00e1ban is. A sz\u0151rme egyedis\u00e9g\u00e9vel gazdag\u00edthatja otthon\u00e1t a padl\u00f3n, a sz\u00e9ken vagy a fotelben. M\u00e9retek (L x L) 130 x 110 cm.<\/p>\n","protected":false},"featured_media":90770,"comment_status":"open","ping_status":"closed","template":"","meta":{"_acf_changed":false,"om_disable_all_campaigns":false,"inline_featured_image":false,"_monsterinsights_skip_tracking":false,"_monsterinsights_sitenote_active":false,"_monsterinsights_sitenote_note":"","_monsterinsights_sitenote_category":0},"product_brand":[],"product_cat":[822,810],"product_tag":[],"class_list":{"0":"post-90769","1":"product","2":"type-product","3":"status-publish","4":"has-post-thumbnail","6":"product_cat-renszarvas-szonyegek","7":"product_cat-dekoraciok","9":"first","10":"outofstock","11":"taxable","12":"shipping-taxable","13":"product-type-variable","14":"has-default-attributes","15":"wvs-archive-product-wrapper"},"acf":{"categorie_feed":""},"aioseo_notices":[],"_links":{"self":[{"href":"https:\/\/aavesa.com\/hu\/wp-json\/wp\/v2\/product\/90769","targetHints":{"allow":["GET"]}}],"collection":[{"href":"https:\/\/aavesa.com\/hu\/wp-json\/wp\/v2\/product"}],"about":[{"href":"https:\/\/aavesa.com\/hu\/wp-json\/wp\/v2\/types\/product"}],"replies":[{"embeddable":true,"href":"https:\/\/aavesa.com\/hu\/wp-json\/wp\/v2\/comments?post=90769"}],"wp:featuredmedia":[{"embeddable":true,"href":"https:\/\/aavesa.com\/hu\/wp-json\/wp\/v2\/media\/90770"}],"wp:attachment":[{"href":"https:\/\/aavesa.com\/hu\/wp-json\/wp\/v2\/media?parent=90769"}],"wp:term":[{"taxonomy":"product_brand","embeddable":true,"href":"https:\/\/aavesa.com\/hu\/wp-json\/wp\/v2\/product_brand?post=90769"},{"taxonomy":"product_cat","embeddable":true,"href":"https:\/\/aavesa.com\/hu\/wp-json\/wp\/v2\/product_cat?post=90769"},{"taxonomy":"product_tag","embeddable":true,"href":"https:\/\/aavesa.com\/hu\/wp-json\/wp\/v2\/product_tag?post=90769"}],"curies":[{"name":"wp","href":"https:\/\/api.w.org\/{rel}","templated":true}]}}