

{"id":90774,"date":"2024-07-26T16:22:04","date_gmt":"2024-07-26T16:22:04","guid":{"rendered":"https:\/\/new.aavesa.com\/produs\/dekorativ-afrikai-antilopbor-997\/"},"modified":"2026-04-14T08:31:58","modified_gmt":"2026-04-14T10:31:58","slug":"dekorativ-afrikai-antilopbor-997","status":"publish","type":"product","link":"https:\/\/aavesa.com\/hu\/product\/dekorativ-afrikai-antilopbor-997\/","title":{"rendered":"Dekorat\u00edv afrikai antilop Springbok b\u0151r 997"},"content":{"rendered":"<p>Ez a dekorat\u00edv afrikai antilopb\u0151r egy k\u00fcl\u00f6nleges dekor\u00e1ci\u00f3s darab, amely extra finoms\u00e1got k\u00f6lcs\u00f6n\u00f6z annak a k\u00f6rnyezetnek, ahol elhelyezi.<br \/>\nViszonylag kis m\u00e9rete miatt ez a dekorat\u00edv sz\u0151rme k\u00fcl\u00f6nb\u00f6z\u0151 m\u00f3don helyezhet\u0151 el, hogy harm\u00f3ni\u00e1ban legyen a szoba t\u00f6bbi dekor\u00e1ci\u00f3j\u00e1val.<br \/>\nAz afrikai antilop sz\u0151rme \u00e1rnyalatai term\u00e9szetesek, nem autentikus megjelen\u00e9s\u0171ek \u00e9s k\u00f6nnyen illeszkednek az ig\u00e9nytelen sz\u00edn miatt.<br \/>\nEz egy klasszikus dekor\u00e1ci\u00f3, az elegancia \u00e9s a j\u00f3l\u00e9t szimb\u00f3luma.<br \/>\nA sz\u0151rm\u00e9ket m\u00e1r az \u00f3kor \u00f3ta haszn\u00e1lj\u00e1k bels\u0151\u00e9p\u00edt\u00e9szeti d\u00edsz\u00edt\u0151elemk\u00e9nt, mert k\u00e9nyelmet ny\u00fajtanak, de szigetel\u0151 tulajdons\u00e1guk miatt is, mivel hat\u00e9konyan v\u00e9d a hideg ellen.<br \/>\nEgyedi bund\u00e1j\u00e1nak k\u00f6sz\u00f6nhet\u0151en sikeresen kieg\u00e9sz\u00edthetik az egyedi bels\u0151\u00e9p\u00edt\u00e9szeti \u00f6tleteket, hozz\u00e1j\u00e1rulva a kellemes, bar\u00e1ts\u00e1gos \u00e9s fant\u00e1zi\u00e1val teli l\u00e9gk\u00f6r kialak\u00edt\u00e1s\u00e1hoz.<br \/>\nM\u00e9retek: (L x L) 105 x 70 cm.<\/p>\n","protected":false},"excerpt":{"rendered":"<p>Ez a dekorat\u00edv afrikai antilopb\u0151r egy k\u00fcl\u00f6nleges dekor\u00e1ci\u00f3s darab, amely extra finoms\u00e1got k\u00f6lcs\u00f6n\u00f6z annak a k\u00f6rnyezetnek, ahol elhelyezi. Viszonylag kis m\u00e9rete miatt ez a dekorat\u00edv sz\u0151rme k\u00fcl\u00f6nb\u00f6z\u0151 m\u00f3don helyezhet\u0151 el, hogy harm\u00f3ni\u00e1ban legyen a szoba t\u00f6bbi dekor\u00e1ci\u00f3j\u00e1val. Az afrikai antilop sz\u0151rme \u00e1rnyalatai term\u00e9szetesek, nem autentikus megjelen\u00e9s\u0171ek \u00e9s k\u00f6nnyen illeszkednek az ig\u00e9nytelen sz\u00edn miatt. Ez egy [&hellip;]<\/p>\n","protected":false},"featured_media":90776,"comment_status":"open","ping_status":"closed","template":"","meta":{"_acf_changed":false,"om_disable_all_campaigns":false,"inline_featured_image":false,"_monsterinsights_skip_tracking":false,"_monsterinsights_sitenote_active":false,"_monsterinsights_sitenote_note":"","_monsterinsights_sitenote_category":0},"product_brand":[],"product_cat":[810],"product_tag":[],"class_list":{"0":"post-90774","1":"product","2":"type-product","3":"status-publish","4":"has-post-thumbnail","6":"product_cat-dekoraciok","8":"first","9":"instock","10":"taxable","11":"shipping-taxable","12":"purchasable","13":"product-type-variable","14":"has-default-attributes","15":"wvs-archive-product-wrapper"},"acf":{"categorie_feed":""},"aioseo_notices":[],"_links":{"self":[{"href":"https:\/\/aavesa.com\/hu\/wp-json\/wp\/v2\/product\/90774","targetHints":{"allow":["GET"]}}],"collection":[{"href":"https:\/\/aavesa.com\/hu\/wp-json\/wp\/v2\/product"}],"about":[{"href":"https:\/\/aavesa.com\/hu\/wp-json\/wp\/v2\/types\/product"}],"replies":[{"embeddable":true,"href":"https:\/\/aavesa.com\/hu\/wp-json\/wp\/v2\/comments?post=90774"}],"wp:featuredmedia":[{"embeddable":true,"href":"https:\/\/aavesa.com\/hu\/wp-json\/wp\/v2\/media\/90776"}],"wp:attachment":[{"href":"https:\/\/aavesa.com\/hu\/wp-json\/wp\/v2\/media?parent=90774"}],"wp:term":[{"taxonomy":"product_brand","embeddable":true,"href":"https:\/\/aavesa.com\/hu\/wp-json\/wp\/v2\/product_brand?post=90774"},{"taxonomy":"product_cat","embeddable":true,"href":"https:\/\/aavesa.com\/hu\/wp-json\/wp\/v2\/product_cat?post=90774"},{"taxonomy":"product_tag","embeddable":true,"href":"https:\/\/aavesa.com\/hu\/wp-json\/wp\/v2\/product_tag?post=90774"}],"curies":[{"name":"wp","href":"https:\/\/api.w.org\/{rel}","templated":true}]}}