

{"id":90777,"date":"2024-07-26T16:34:07","date_gmt":"2024-07-26T16:34:07","guid":{"rendered":"https:\/\/new.aavesa.com\/produs\/bor-dzseki-noknek-1033\/"},"modified":"2025-11-17T06:27:00","modified_gmt":"2025-11-17T06:27:00","slug":"bor-dzseki-noknek-1033","status":"publish","type":"product","link":"https:\/\/aavesa.com\/hu\/product\/bor-dzseki-noknek-1033\/","title":{"rendered":"B\u0151r dzseki n\u0151knek 1033"},"content":{"rendered":"<p>A b\u0151rdzseki olyan ruhadarab, amelynek minden n\u0151 ruhat\u00e1r\u00e1ban ott kell lennie. K\u00f6nny\u0171, praktikus \u00e9s eleg\u00e1ns, ez a val\u00f3di b\u00e1r\u00e1nyb\u0151r kab\u00e1t olyan kab\u00e1t, amely seg\u00edt st\u00edlusosan fogadni a leghidegebb napokat is. A dombor\u00fa szab\u00e1s \u00e9s a diszkr\u00e9ten l\u00e1that\u00f3 varr\u00e1s fiatalos \u00e9s divatos megjelen\u00e9st k\u00f6lcs\u00f6n\u00f6z ennek a b\u0151rdzsekinek. A tart\u00f3s anyag \u00e9s a nagym\u00e9ret\u0171 zsebek m\u00e9g praktikusabb\u00e1 teszik ezt a n\u0151i kab\u00e1tot. Z\u00e1r\u00e1sa cipz\u00e1rral k\u00e9sz\u00fclt, a rendelkez\u00e9sre \u00e1ll\u00f3 sz\u00ednek pedig fekete \u00e9s kr\u00e9msz\u00edn\u0171ek. Modell\u00fcnk 176 cm magas, \u00e9s 36-os m\u00e9retet visel kr\u00e9m sz\u00ednben, illetve 175 cm magas, \u00e9s 40-es m\u00e9retet visel fekete sz\u00ednben. A term\u00e9k hossza 53 cm.      <\/p>\n","protected":false},"excerpt":{"rendered":"<p>A b\u0151rdzseki olyan ruhadarab, amelynek minden n\u0151 ruhat\u00e1r\u00e1ban ott kell lennie. K\u00f6nny\u0171, praktikus \u00e9s eleg\u00e1ns, ez a val\u00f3di b\u00e1r\u00e1nyb\u0151r kab\u00e1t olyan kab\u00e1t, amely seg\u00edt st\u00edlusosan fogadni a leghidegebb napokat is. A dombor\u00fa szab\u00e1s \u00e9s a diszkr\u00e9ten l\u00e1that\u00f3 varr\u00e1s fiatalos \u00e9s divatos megjelen\u00e9st k\u00f6lcs\u00f6n\u00f6z ennek a b\u0151rdzsekinek. A tart\u00f3s anyag \u00e9s a nagym\u00e9ret\u0171 zsebek m\u00e9g praktikusabb\u00e1 [&hellip;]<\/p>\n","protected":false},"featured_media":90778,"comment_status":"closed","ping_status":"closed","template":"","meta":{"_acf_changed":false,"om_disable_all_campaigns":false,"inline_featured_image":false,"_monsterinsights_skip_tracking":false,"_monsterinsights_sitenote_active":false,"_monsterinsights_sitenote_note":"","_monsterinsights_sitenote_category":0},"product_brand":[],"product_cat":[833,767,741,916],"product_tag":[],"class_list":{"0":"post-90777","1":"product","2":"type-product","3":"status-publish","4":"has-post-thumbnail","6":"product_cat-2022-2023-as-kollekcio","7":"product_cat-borkabatok-noknek","8":"product_cat-nok","9":"product_cat-valodi-bor-termekek-tavaszra-es-oszre-kabatok-nadragok-kabatok-szoknyak-es-loveszkabatok-kabatok-nadragok-kabatok-szoknyak-es-loveszkabatok","11":"first","12":"instock","13":"taxable","14":"shipping-taxable","15":"purchasable","16":"product-type-variable","17":"has-default-attributes","18":"wvs-archive-product-wrapper"},"acf":{"categorie_feed":""},"aioseo_notices":[],"_links":{"self":[{"href":"https:\/\/aavesa.com\/hu\/wp-json\/wp\/v2\/product\/90777","targetHints":{"allow":["GET"]}}],"collection":[{"href":"https:\/\/aavesa.com\/hu\/wp-json\/wp\/v2\/product"}],"about":[{"href":"https:\/\/aavesa.com\/hu\/wp-json\/wp\/v2\/types\/product"}],"replies":[{"embeddable":true,"href":"https:\/\/aavesa.com\/hu\/wp-json\/wp\/v2\/comments?post=90777"}],"wp:featuredmedia":[{"embeddable":true,"href":"https:\/\/aavesa.com\/hu\/wp-json\/wp\/v2\/media\/90778"}],"wp:attachment":[{"href":"https:\/\/aavesa.com\/hu\/wp-json\/wp\/v2\/media?parent=90777"}],"wp:term":[{"taxonomy":"product_brand","embeddable":true,"href":"https:\/\/aavesa.com\/hu\/wp-json\/wp\/v2\/product_brand?post=90777"},{"taxonomy":"product_cat","embeddable":true,"href":"https:\/\/aavesa.com\/hu\/wp-json\/wp\/v2\/product_cat?post=90777"},{"taxonomy":"product_tag","embeddable":true,"href":"https:\/\/aavesa.com\/hu\/wp-json\/wp\/v2\/product_tag?post=90777"}],"curies":[{"name":"wp","href":"https:\/\/api.w.org\/{rel}","templated":true}]}}