

{"id":90786,"date":"2024-07-26T16:22:04","date_gmt":"2024-07-26T16:22:04","guid":{"rendered":"https:\/\/new.aavesa.com\/produs\/3015-os-velur-borbol-keszult-kabat\/"},"modified":"2025-11-17T06:30:23","modified_gmt":"2025-11-17T06:30:23","slug":"3015-os-velur-borbol-keszult-kabat","status":"publish","type":"product","link":"https:\/\/aavesa.com\/hu\/product\/3015-os-velur-borbol-keszult-kabat\/","title":{"rendered":"3015-\u00f6s vel\u00far b\u0151rb\u0151l k\u00e9sz\u00fclt kab\u00e1t"},"content":{"rendered":"<p>Ez a <a href=\"https:\/\/aavesa.com\/hu\/ferfiak\/borkabatok-ferfiaknak\/\">f\u00e9rfi vel\u00far b\u0151rdzseki<\/a> ide\u00e1lis v\u00e1laszt\u00e1s a h\u0171v\u00f6sebb \u0151szi napokra. A der\u00e9kig \u00e9r\u0151 hossz, a cipz\u00e1r \u00e9s a zsebek fitneszes megjelen\u00e9st \u00e9s alkalmi viseletet k\u00f6lcs\u00f6n\u00f6znek neki, m\u00edg az egyszer\u0171 horgol\u00e1s eleganci\u00e1t k\u00f6lcs\u00f6n\u00f6z neki, \u00e9s alkalmass\u00e1 teszi irodai \u00f6lt\u00f6z\u00e9khez. A term\u00e9szetes b\u0151r tart\u00f3s, praktikus \u00e9s k\u00f6nnyen viselhet\u0151 anyag, \u00edgy ez a vel\u00farb\u0151rb\u0151l k\u00e9sz\u00fclt kab\u00e1t befektet\u00e9s lesz a ruhat\u00e1radban, \u00e9s egy sokoldal\u00fa ruhadarab, amelyre sz\u00e1m\u00edthatsz. A kab\u00e1t p\u00e1rn\u00e1zott bels\u0151 r\u00e9sze k\u00e9nyelmet \u00e9s meleget biztos\u00edt.   <\/p>\n","protected":false},"excerpt":{"rendered":"<p>Ez a f\u00e9rfi vel\u00far b\u0151rdzseki ide\u00e1lis v\u00e1laszt\u00e1s a h\u0171v\u00f6sebb \u0151szi napokra. A der\u00e9kig \u00e9r\u0151 hossz, a cipz\u00e1r \u00e9s a zsebek fitneszes megjelen\u00e9st \u00e9s alkalmi viseletet k\u00f6lcs\u00f6n\u00f6znek neki, m\u00edg az egyszer\u0171 horgol\u00e1s eleganci\u00e1t k\u00f6lcs\u00f6n\u00f6z neki, \u00e9s alkalmass\u00e1 teszi irodai \u00f6lt\u00f6z\u00e9khez. A term\u00e9szetes b\u0151r tart\u00f3s, praktikus \u00e9s k\u00f6nnyen viselhet\u0151 anyag, \u00edgy ez a vel\u00farb\u0151rb\u0151l k\u00e9sz\u00fclt kab\u00e1t befektet\u00e9s [&hellip;]<\/p>\n","protected":false},"featured_media":90787,"comment_status":"open","ping_status":"closed","template":"","meta":{"_acf_changed":false,"om_disable_all_campaigns":false,"inline_featured_image":false,"_monsterinsights_skip_tracking":false,"_monsterinsights_sitenote_active":false,"_monsterinsights_sitenote_note":"","_monsterinsights_sitenote_category":0},"product_brand":[],"product_cat":[835,762,725,916],"product_tag":[],"class_list":{"0":"post-90786","1":"product","2":"type-product","3":"status-publish","4":"has-post-thumbnail","6":"product_cat-2018-2019-kollekcio","7":"product_cat-borkabatok-ferfiaknak","8":"product_cat-ferfiak","9":"product_cat-valodi-bor-termekek-tavaszra-es-oszre-kabatok-nadragok-kabatok-szoknyak-es-loveszkabatok-kabatok-nadragok-kabatok-szoknyak-es-loveszkabatok","11":"first","12":"instock","13":"taxable","14":"shipping-taxable","15":"purchasable","16":"product-type-variable","17":"has-default-attributes","18":"wvs-archive-product-wrapper"},"acf":{"categorie_feed":""},"aioseo_notices":[],"_links":{"self":[{"href":"https:\/\/aavesa.com\/hu\/wp-json\/wp\/v2\/product\/90786","targetHints":{"allow":["GET"]}}],"collection":[{"href":"https:\/\/aavesa.com\/hu\/wp-json\/wp\/v2\/product"}],"about":[{"href":"https:\/\/aavesa.com\/hu\/wp-json\/wp\/v2\/types\/product"}],"replies":[{"embeddable":true,"href":"https:\/\/aavesa.com\/hu\/wp-json\/wp\/v2\/comments?post=90786"}],"wp:featuredmedia":[{"embeddable":true,"href":"https:\/\/aavesa.com\/hu\/wp-json\/wp\/v2\/media\/90787"}],"wp:attachment":[{"href":"https:\/\/aavesa.com\/hu\/wp-json\/wp\/v2\/media?parent=90786"}],"wp:term":[{"taxonomy":"product_brand","embeddable":true,"href":"https:\/\/aavesa.com\/hu\/wp-json\/wp\/v2\/product_brand?post=90786"},{"taxonomy":"product_cat","embeddable":true,"href":"https:\/\/aavesa.com\/hu\/wp-json\/wp\/v2\/product_cat?post=90786"},{"taxonomy":"product_tag","embeddable":true,"href":"https:\/\/aavesa.com\/hu\/wp-json\/wp\/v2\/product_tag?post=90786"}],"curies":[{"name":"wp","href":"https:\/\/api.w.org\/{rel}","templated":true}]}}