

{"id":90810,"date":"2024-07-26T16:33:46","date_gmt":"2024-07-26T16:33:46","guid":{"rendered":"https:\/\/new.aavesa.com\/produs\/kapucnis-nyerc-bunda-hm031\/"},"modified":"2025-11-17T06:27:02","modified_gmt":"2025-11-17T06:27:02","slug":"kapucnis-nyerc-bunda-hm031","status":"publish","type":"product","link":"https:\/\/aavesa.com\/hu\/product\/kapucnis-nyerc-bunda-hm031\/","title":{"rendered":"Kapucnis ny\u00e9rc bunda HM031"},"content":{"rendered":"<p>A nercbunda olyan anyag, amely mindig is keresett lesz, \u00e9s ez a n\u0151i kab\u00e1t kiemeli minden tulajdons\u00e1g\u00e1t. A nercbunda puha text\u00far\u00e1ja \u00e9s term\u00e9szetes \u00e1rnyalatai finom megjelen\u00e9st \u00e9s t\u00f6k\u00e9letes eleganci\u00e1t k\u00f6lcs\u00f6n\u00f6znek ennek a bund\u00e1nak. Ha a leghidegebb napokon is \u00e9lvezni szeretn\u00e9 a meleget, \u00e9s mindig st\u00edlusos \u00e9s n\u0151ies megjelen\u00e9st szeretne, ez a <a rel=\"nofollow\" href=\"https:\/\/aavesa.com\/hu\/nok\/vidra-bundak-vidra-zsekik\/\">kapucnis nercbunda bunda<\/a> a leginspir\u00e1l\u00f3bb v\u00e1laszt\u00e1s. A bolyhos kapucni tov\u00e1bbi v\u00e9delmet ny\u00fajt, a kab\u00e1t alj\u00e1n tal\u00e1lhat\u00f3 h\u00faz\u00f3zsin\u00f3r pedig szigetel a sz\u00e9l ellen. A kab\u00e1t barna sz\u00edne miatt b\u00e1rmilyen alkalomra k\u00f6nnyen passzol. Modell\u00fcnk 175 cm magas, 40-es m\u00e9retet visel, a term\u00e9k hossza pedig 60 cm.     <\/p>\n","protected":false},"excerpt":{"rendered":"<p>A nercbunda olyan anyag, amely mindig is keresett lesz, \u00e9s ez a n\u0151i kab\u00e1t kiemeli minden tulajdons\u00e1g\u00e1t. A nercbunda puha text\u00far\u00e1ja \u00e9s term\u00e9szetes \u00e1rnyalatai finom megjelen\u00e9st \u00e9s t\u00f6k\u00e9letes eleganci\u00e1t k\u00f6lcs\u00f6n\u00f6znek ennek a bund\u00e1nak. Ha a leghidegebb napokon is \u00e9lvezni szeretn\u00e9 a meleget, \u00e9s mindig st\u00edlusos \u00e9s n\u0151ies megjelen\u00e9st szeretne, ez a kapucnis nercbunda bunda a [&hellip;]<\/p>\n","protected":false},"featured_media":90811,"comment_status":"closed","ping_status":"closed","template":"","meta":{"_acf_changed":false,"om_disable_all_campaigns":false,"inline_featured_image":false,"_monsterinsights_skip_tracking":false,"_monsterinsights_sitenote_active":false,"_monsterinsights_sitenote_note":"","_monsterinsights_sitenote_category":0},"product_brand":[],"product_cat":[833,766,769,741,770],"product_tag":[],"class_list":{"0":"post-90810","1":"product","2":"type-product","3":"status-publish","4":"has-post-thumbnail","6":"product_cat-2022-2023-as-kollekcio","7":"product_cat-bundas-kabatok-es-bundas-dzsekik-noknek","8":"product_cat-nerc-szorme","9":"product_cat-nok","10":"product_cat-vidra-bundak-vidra-zsekik","12":"first","13":"instock","14":"taxable","15":"shipping-taxable","16":"purchasable","17":"product-type-variable","18":"has-default-attributes","19":"wvs-archive-product-wrapper"},"acf":{"categorie_feed":""},"aioseo_notices":[],"_links":{"self":[{"href":"https:\/\/aavesa.com\/hu\/wp-json\/wp\/v2\/product\/90810","targetHints":{"allow":["GET"]}}],"collection":[{"href":"https:\/\/aavesa.com\/hu\/wp-json\/wp\/v2\/product"}],"about":[{"href":"https:\/\/aavesa.com\/hu\/wp-json\/wp\/v2\/types\/product"}],"replies":[{"embeddable":true,"href":"https:\/\/aavesa.com\/hu\/wp-json\/wp\/v2\/comments?post=90810"}],"wp:featuredmedia":[{"embeddable":true,"href":"https:\/\/aavesa.com\/hu\/wp-json\/wp\/v2\/media\/90811"}],"wp:attachment":[{"href":"https:\/\/aavesa.com\/hu\/wp-json\/wp\/v2\/media?parent=90810"}],"wp:term":[{"taxonomy":"product_brand","embeddable":true,"href":"https:\/\/aavesa.com\/hu\/wp-json\/wp\/v2\/product_brand?post=90810"},{"taxonomy":"product_cat","embeddable":true,"href":"https:\/\/aavesa.com\/hu\/wp-json\/wp\/v2\/product_cat?post=90810"},{"taxonomy":"product_tag","embeddable":true,"href":"https:\/\/aavesa.com\/hu\/wp-json\/wp\/v2\/product_tag?post=90810"}],"curies":[{"name":"wp","href":"https:\/\/api.w.org\/{rel}","templated":true}]}}