

{"id":90815,"date":"2024-07-26T16:22:04","date_gmt":"2024-07-26T18:22:04","guid":{"rendered":"https:\/\/new.aavesa.com\/produs\/3016-os-velur-borbol-keszult-kabat\/"},"modified":"2025-11-17T06:30:26","modified_gmt":"2025-11-17T06:30:26","slug":"3016-os-velur-borbol-keszult-kabat","status":"publish","type":"product","link":"https:\/\/aavesa.com\/hu\/product\/3016-os-velur-borbol-keszult-kabat\/","title":{"rendered":"3016-os vel\u00far b\u0151rb\u0151l k\u00e9sz\u00fclt kab\u00e1t"},"content":{"rendered":"<p>Egy <a href=\"https:\/\/aavesa.com\/hu\/ferfiak\/borkabatok-ferfiaknak\/\">kiv\u00e1l\u00f3 min\u0151s\u00e9g\u0171, val\u00f3di vel\u00farb\u0151rb\u0151l k\u00e9sz\u00fclt dzseki<\/a> t\u00f6bb mint egy v\u00e1s\u00e1rl\u00e1s, ez egy befektet\u00e9s. A b\u0151rdzseki az egyik olyan ruhadarab, amelyre sz\u00e1m\u00edthatunk, mert nagyon tart\u00f3s, \u00e9s sokf\u00e9le megjelen\u00e9st kieg\u00e9sz\u00edthet: az alkalmi, h\u00e9tk\u00f6znapi, irodai vagy ak\u00e1r eleg\u00e1ns megjelen\u00e9st\u0151l kezdve egy Inspir\u00e1lt szab\u00e1s\u00fa b\u0151rdzseki minden alkalommal siker\u00fcl megmenteni. Ez a f\u00e9rfi vel\u00far b\u0151rdzseki egyszer\u0171 \u00e9s modern szab\u00e1ssal rendelkezik, fekete vagy tenger\u00e9szk\u00e9k sz\u00ednben kiemelve. A lez\u00e1r\u00e1s cipz\u00e1rral t\u00f6rt\u00e9nik, amely kiemeli a h\u00e9tk\u00f6znapi megjelen\u00e9s\u00e9t, csak\u00fagy, mint a k\u00e9t oldalzseb. A kab\u00e1t belseje p\u00e1rn\u00e1zott.    <\/p>\n","protected":false},"excerpt":{"rendered":"<p>Egy kiv\u00e1l\u00f3 min\u0151s\u00e9g\u0171, val\u00f3di vel\u00farb\u0151rb\u0151l k\u00e9sz\u00fclt dzseki t\u00f6bb mint egy v\u00e1s\u00e1rl\u00e1s, ez egy befektet\u00e9s. A b\u0151rdzseki az egyik olyan ruhadarab, amelyre sz\u00e1m\u00edthatunk, mert nagyon tart\u00f3s, \u00e9s sokf\u00e9le megjelen\u00e9st kieg\u00e9sz\u00edthet: az alkalmi, h\u00e9tk\u00f6znapi, irodai vagy ak\u00e1r eleg\u00e1ns megjelen\u00e9st\u0151l kezdve egy Inspir\u00e1lt szab\u00e1s\u00fa b\u0151rdzseki minden alkalommal siker\u00fcl megmenteni. Ez a f\u00e9rfi vel\u00far b\u0151rdzseki egyszer\u0171 \u00e9s modern szab\u00e1ssal [&hellip;]<\/p>\n","protected":false},"featured_media":90816,"comment_status":"open","ping_status":"closed","template":"","meta":{"_acf_changed":false,"om_disable_all_campaigns":false,"inline_featured_image":false,"_monsterinsights_skip_tracking":false,"_monsterinsights_sitenote_active":false,"_monsterinsights_sitenote_note":"","_monsterinsights_sitenote_category":0},"product_brand":[],"product_cat":[835,762,725,916],"product_tag":[],"class_list":{"0":"post-90815","1":"product","2":"type-product","3":"status-publish","4":"has-post-thumbnail","6":"product_cat-2018-2019-kollekcio","7":"product_cat-borkabatok-ferfiaknak","8":"product_cat-ferfiak","9":"product_cat-valodi-bor-termekek-tavaszra-es-oszre-kabatok-nadragok-kabatok-szoknyak-es-loveszkabatok-kabatok-nadragok-kabatok-szoknyak-es-loveszkabatok","11":"first","12":"instock","13":"taxable","14":"shipping-taxable","15":"purchasable","16":"product-type-variable","17":"has-default-attributes","18":"wvs-archive-product-wrapper"},"acf":{"categorie_feed":""},"aioseo_notices":[],"_links":{"self":[{"href":"https:\/\/aavesa.com\/hu\/wp-json\/wp\/v2\/product\/90815","targetHints":{"allow":["GET"]}}],"collection":[{"href":"https:\/\/aavesa.com\/hu\/wp-json\/wp\/v2\/product"}],"about":[{"href":"https:\/\/aavesa.com\/hu\/wp-json\/wp\/v2\/types\/product"}],"replies":[{"embeddable":true,"href":"https:\/\/aavesa.com\/hu\/wp-json\/wp\/v2\/comments?post=90815"}],"wp:featuredmedia":[{"embeddable":true,"href":"https:\/\/aavesa.com\/hu\/wp-json\/wp\/v2\/media\/90816"}],"wp:attachment":[{"href":"https:\/\/aavesa.com\/hu\/wp-json\/wp\/v2\/media?parent=90815"}],"wp:term":[{"taxonomy":"product_brand","embeddable":true,"href":"https:\/\/aavesa.com\/hu\/wp-json\/wp\/v2\/product_brand?post=90815"},{"taxonomy":"product_cat","embeddable":true,"href":"https:\/\/aavesa.com\/hu\/wp-json\/wp\/v2\/product_cat?post=90815"},{"taxonomy":"product_tag","embeddable":true,"href":"https:\/\/aavesa.com\/hu\/wp-json\/wp\/v2\/product_tag?post=90815"}],"curies":[{"name":"wp","href":"https:\/\/api.w.org\/{rel}","templated":true}]}}