

{"id":90822,"date":"2024-07-26T16:22:05","date_gmt":"2024-07-26T16:22:05","guid":{"rendered":"https:\/\/new.aavesa.com\/produs\/shearling-kabat-354\/"},"modified":"2025-11-17T06:30:25","modified_gmt":"2025-11-17T06:30:25","slug":"shearling-kabat-354","status":"publish","type":"product","link":"https:\/\/aavesa.com\/hu\/product\/shearling-kabat-354\/","title":{"rendered":"Shearling kab\u00e1t 354"},"content":{"rendered":"<p>Ez a term\u00e9szetes b\u00e1r\u00e1nyb\u0151r sz\u0151rm\u00e9b\u0151l k\u00e9sz\u00fclt f\u00e9rfi ny\u00edrbunda k\u00fcl\u00f6n\u00f6sen eleg\u00e1ns, \u00edgy ide\u00e1lis az \u0151szi \u00e9s t\u00e9li hideg \u00e9vszakban. A b\u00e1r\u00e1nyb\u0151r kab\u00e1t m\u00e9ly gall\u00e9rja \u00e9s egyenes szab\u00e1sa modern \u00e9s f\u00e9rfias megjelen\u00e9st k\u00f6lcs\u00f6n\u00f6z, sz\u00edne pedig hiteless\u00e9get \u00e9s \u00e9retts\u00e9get sugall. Meleg \u00e9s nagyon praktikus, ez a b\u00e1r\u00e1nyb\u0151r kab\u00e1t seg\u00edt abban, hogy mindig kifog\u00e1stalanul n\u00e9zzen ki, \u00e9s az alacsony h\u0151m\u00e9rs\u00e9klet ellen\u00e9re is j\u00f3l \u00e9rezze mag\u00e1t. A l\u00e1that\u00f3 \u00f6lt\u00e9sek \u00e9s az oldalzsebek eredeti megjelen\u00e9st k\u00f6lcs\u00f6n\u00f6znek a b\u00e1r\u00e1nyb\u0151r kab\u00e1tnak, amely illik egy kiz\u00e1r\u00f3lag term\u00e9szetes anyagokb\u00f3l k\u00e9sz\u00fclt ruhadarabhoz.   <\/p>\n","protected":false},"excerpt":{"rendered":"<p>Ez a term\u00e9szetes b\u00e1r\u00e1nyb\u0151r sz\u0151rm\u00e9b\u0151l k\u00e9sz\u00fclt f\u00e9rfi ny\u00edrbunda k\u00fcl\u00f6n\u00f6sen eleg\u00e1ns, \u00edgy ide\u00e1lis az \u0151szi \u00e9s t\u00e9li hideg \u00e9vszakban. A b\u00e1r\u00e1nyb\u0151r kab\u00e1t m\u00e9ly gall\u00e9rja \u00e9s egyenes szab\u00e1sa modern \u00e9s f\u00e9rfias megjelen\u00e9st k\u00f6lcs\u00f6n\u00f6z, sz\u00edne pedig hiteless\u00e9get \u00e9s \u00e9retts\u00e9get sugall. Meleg \u00e9s nagyon praktikus, ez a b\u00e1r\u00e1nyb\u0151r kab\u00e1t seg\u00edt abban, hogy mindig kifog\u00e1stalanul n\u00e9zzen ki, \u00e9s az alacsony [&hellip;]<\/p>\n","protected":false},"featured_media":90823,"comment_status":"open","ping_status":"closed","template":"","meta":{"_acf_changed":false,"om_disable_all_campaigns":false,"inline_featured_image":false,"_monsterinsights_skip_tracking":false,"_monsterinsights_sitenote_active":false,"_monsterinsights_sitenote_note":"","_monsterinsights_sitenote_category":0},"product_brand":[],"product_cat":[835,778,725,777],"product_tag":[],"class_list":{"0":"post-90822","1":"product","2":"type-product","3":"status-publish","4":"has-post-thumbnail","6":"product_cat-2018-2019-kollekcio","7":"product_cat-baranybor-kabatok-hu","8":"product_cat-ferfiak","9":"product_cat-shearling-kabatok-ferfiaknak-ferfiak","11":"first","12":"instock","13":"taxable","14":"shipping-taxable","15":"purchasable","16":"product-type-variable","17":"has-default-attributes","18":"wvs-archive-product-wrapper"},"acf":{"categorie_feed":""},"aioseo_notices":[],"_links":{"self":[{"href":"https:\/\/aavesa.com\/hu\/wp-json\/wp\/v2\/product\/90822","targetHints":{"allow":["GET"]}}],"collection":[{"href":"https:\/\/aavesa.com\/hu\/wp-json\/wp\/v2\/product"}],"about":[{"href":"https:\/\/aavesa.com\/hu\/wp-json\/wp\/v2\/types\/product"}],"replies":[{"embeddable":true,"href":"https:\/\/aavesa.com\/hu\/wp-json\/wp\/v2\/comments?post=90822"}],"wp:featuredmedia":[{"embeddable":true,"href":"https:\/\/aavesa.com\/hu\/wp-json\/wp\/v2\/media\/90823"}],"wp:attachment":[{"href":"https:\/\/aavesa.com\/hu\/wp-json\/wp\/v2\/media?parent=90822"}],"wp:term":[{"taxonomy":"product_brand","embeddable":true,"href":"https:\/\/aavesa.com\/hu\/wp-json\/wp\/v2\/product_brand?post=90822"},{"taxonomy":"product_cat","embeddable":true,"href":"https:\/\/aavesa.com\/hu\/wp-json\/wp\/v2\/product_cat?post=90822"},{"taxonomy":"product_tag","embeddable":true,"href":"https:\/\/aavesa.com\/hu\/wp-json\/wp\/v2\/product_tag?post=90822"}],"curies":[{"name":"wp","href":"https:\/\/api.w.org\/{rel}","templated":true}]}}