

{"id":90831,"date":"2024-07-26T16:22:05","date_gmt":"2024-07-26T16:22:05","guid":{"rendered":"https:\/\/new.aavesa.com\/produs\/baranybor-kabat-353\/"},"modified":"2026-04-10T15:08:33","modified_gmt":"2026-04-10T17:08:33","slug":"baranybor-kabat-353","status":"publish","type":"product","link":"https:\/\/aavesa.com\/hu\/product\/baranybor-kabat-353\/","title":{"rendered":"B\u00e1r\u00e1nyb\u0151r kab\u00e1t 353"},"content":{"rendered":"<p>A term\u00e9szetes b\u00e1r\u00e1nyb\u0151rt \u0151sid\u0151k \u00f3ta haszn\u00e1lj\u00e1k vastag \u00e9s ellen\u00e1ll\u00f3 ruh\u00e1k k\u00e9sz\u00edt\u00e9s\u00e9re a hideg \u00e9vszakra, mivel szigetel\u0151 tulajdons\u00e1ga a hideg ellen \u00e9s k\u00fcl\u00f6nleges megjelen\u00e9se miatt. A b\u00e1r\u00e1nyb\u0151r kab\u00e1t modern \u00e9s f\u00e9rfias, ami hossz\u00e1nak \u00e9s eredeti szab\u00e1sm\u00e9ret\u00e9nek k\u00f6sz\u00f6nhet\u0151. A m\u00e9ly V alak\u00fa gall\u00e9r \u00e9s az egyik oldalon tal\u00e1lhat\u00f3 cipz\u00e1r, valamint a k\u00e9t oldalzseb alkalmi megjelen\u00e9st k\u00f6lcs\u00f6n\u00f6z a kab\u00e1tnak, \u00edgy a laz\u00e1bb, h\u00e9tk\u00f6znapi viselet kieg\u00e9sz\u00edt\u00e9s\u00e9re is alkalmas.  <\/p>\n","protected":false},"excerpt":{"rendered":"<p>A term\u00e9szetes b\u00e1r\u00e1nyb\u0151rt \u0151sid\u0151k \u00f3ta haszn\u00e1lj\u00e1k vastag \u00e9s ellen\u00e1ll\u00f3 ruh\u00e1k k\u00e9sz\u00edt\u00e9s\u00e9re a hideg \u00e9vszakra, mivel szigetel\u0151 tulajdons\u00e1ga a hideg ellen \u00e9s k\u00fcl\u00f6nleges megjelen\u00e9se miatt. A b\u00e1r\u00e1nyb\u0151r kab\u00e1t modern \u00e9s f\u00e9rfias, ami hossz\u00e1nak \u00e9s eredeti szab\u00e1sm\u00e9ret\u00e9nek k\u00f6sz\u00f6nhet\u0151. A m\u00e9ly V alak\u00fa gall\u00e9r \u00e9s az egyik oldalon tal\u00e1lhat\u00f3 cipz\u00e1r, valamint a k\u00e9t oldalzseb alkalmi megjelen\u00e9st k\u00f6lcs\u00f6n\u00f6z a [&hellip;]<\/p>\n","protected":false},"featured_media":90832,"comment_status":"open","ping_status":"closed","template":"","meta":{"_acf_changed":false,"om_disable_all_campaigns":false,"inline_featured_image":false,"_monsterinsights_skip_tracking":false,"_monsterinsights_sitenote_active":false,"_monsterinsights_sitenote_note":"","_monsterinsights_sitenote_category":0},"product_brand":[],"product_cat":[835,780,952,725,772],"product_tag":[],"class_list":{"0":"post-90831","1":"product","2":"type-product","3":"status-publish","4":"has-post-thumbnail","6":"product_cat-2018-2019-kollekcio","7":"product_cat-baranybor-kabatok-hu-2","8":"product_cat-ferfi-es-noi-pehelypaplan-dzsekik-a-luxus-es-a-melegseg-vegso-kevereke","9":"product_cat-ferfiak","10":"product_cat-shearling-kabatok-ferfiaknak","12":"first","13":"instock","14":"taxable","15":"shipping-taxable","16":"purchasable","17":"product-type-variable","18":"has-default-attributes","19":"wvs-archive-product-wrapper"},"acf":{"categorie_feed":""},"aioseo_notices":[],"_links":{"self":[{"href":"https:\/\/aavesa.com\/hu\/wp-json\/wp\/v2\/product\/90831","targetHints":{"allow":["GET"]}}],"collection":[{"href":"https:\/\/aavesa.com\/hu\/wp-json\/wp\/v2\/product"}],"about":[{"href":"https:\/\/aavesa.com\/hu\/wp-json\/wp\/v2\/types\/product"}],"replies":[{"embeddable":true,"href":"https:\/\/aavesa.com\/hu\/wp-json\/wp\/v2\/comments?post=90831"}],"wp:featuredmedia":[{"embeddable":true,"href":"https:\/\/aavesa.com\/hu\/wp-json\/wp\/v2\/media\/90832"}],"wp:attachment":[{"href":"https:\/\/aavesa.com\/hu\/wp-json\/wp\/v2\/media?parent=90831"}],"wp:term":[{"taxonomy":"product_brand","embeddable":true,"href":"https:\/\/aavesa.com\/hu\/wp-json\/wp\/v2\/product_brand?post=90831"},{"taxonomy":"product_cat","embeddable":true,"href":"https:\/\/aavesa.com\/hu\/wp-json\/wp\/v2\/product_cat?post=90831"},{"taxonomy":"product_tag","embeddable":true,"href":"https:\/\/aavesa.com\/hu\/wp-json\/wp\/v2\/product_tag?post=90831"}],"curies":[{"name":"wp","href":"https:\/\/api.w.org\/{rel}","templated":true}]}}