

{"id":90849,"date":"2024-07-26T16:22:05","date_gmt":"2024-07-26T16:22:05","guid":{"rendered":"https:\/\/new.aavesa.com\/produs\/megfordithato-mosomedve-szorme-es-baranybor-kabat-356\/"},"modified":"2026-04-10T15:08:32","modified_gmt":"2026-04-10T17:08:32","slug":"megfordithato-mosomedve-szorme-es-baranybor-kabat-356","status":"publish","type":"product","link":"https:\/\/aavesa.com\/hu\/product\/megfordithato-mosomedve-szorme-es-baranybor-kabat-356\/","title":{"rendered":"Megford\u00edthat\u00f3 mos\u00f3medve sz\u0151rme \u00e9s b\u00e1r\u00e1nyb\u0151r kab\u00e1t 356"},"content":{"rendered":"<p>Ez a kab\u00e1t az\u00e9rt k\u00fcl\u00f6nleges ruhadarab, mert megford\u00edthat\u00f3, \u00e9s k\u00e9tf\u00e9lek\u00e9ppen is viselhet\u0151. Az egyik oldala amerikai mos\u00f3medve sz\u0151rm\u00e9b\u0151l, a m\u00e1sik pedig term\u00e9szetes b\u00e1r\u00e1nyb\u0151rb\u0151l k\u00e9sz\u00fclt. A kab\u00e1t der\u00e9kig \u00e9r\u0151 r\u00f6vid hossza \u00e9s egyszer\u0171 szab\u00e1sa miatt modern \u00e9s mindennapos alkalmi viseletre alkalmas. A <a href=\"https:\/\/aavesa.com\/hu\/ferfiak\/shearling-kabatok-ferfiaknak\/\">megford\u00edthat\u00f3 mos\u00f3medve sz\u0151rme \u00e9s b\u00e1r\u00e1nyb\u0151r dzseki<\/a> alkalmi megjelen\u00e9s\u00e9t cipz\u00e1ras z\u00e1r\u00f3d\u00e1s \u00e9s elasztikus der\u00e9kp\u00e1nt, valamint k\u00e9t oldalzseb eg\u00e9sz\u00edti ki. Meleg, praktikus \u00e9s k\u00e9nyelmes, ez a ford\u00edthat\u00f3 kab\u00e1t nagyon inspir\u00e1l\u00f3 v\u00e1s\u00e1rl\u00e1s.    <\/p>\n","protected":false},"excerpt":{"rendered":"<p>Ez a kab\u00e1t az\u00e9rt k\u00fcl\u00f6nleges ruhadarab, mert megford\u00edthat\u00f3, \u00e9s k\u00e9tf\u00e9lek\u00e9ppen is viselhet\u0151. Az egyik oldala amerikai mos\u00f3medve sz\u0151rm\u00e9b\u0151l, a m\u00e1sik pedig term\u00e9szetes b\u00e1r\u00e1nyb\u0151rb\u0151l k\u00e9sz\u00fclt. A kab\u00e1t der\u00e9kig \u00e9r\u0151 r\u00f6vid hossza \u00e9s egyszer\u0171 szab\u00e1sa miatt modern \u00e9s mindennapos alkalmi viseletre alkalmas. A megford\u00edthat\u00f3 mos\u00f3medve sz\u0151rme \u00e9s b\u00e1r\u00e1nyb\u0151r dzseki alkalmi megjelen\u00e9s\u00e9t cipz\u00e1ras z\u00e1r\u00f3d\u00e1s \u00e9s elasztikus der\u00e9kp\u00e1nt, valamint [&hellip;]<\/p>\n","protected":false},"featured_media":90850,"comment_status":"open","ping_status":"closed","template":"","meta":{"_acf_changed":false,"om_disable_all_campaigns":false,"inline_featured_image":false,"_monsterinsights_skip_tracking":false,"_monsterinsights_sitenote_active":false,"_monsterinsights_sitenote_note":"","_monsterinsights_sitenote_category":0},"product_brand":[],"product_cat":[835,780,794,952,725,772],"product_tag":[],"class_list":{"0":"post-90849","1":"product","2":"type-product","3":"status-publish","4":"has-post-thumbnail","6":"product_cat-2018-2019-kollekcio","7":"product_cat-baranybor-kabatok-hu-2","8":"product_cat-ferfi-bundak","9":"product_cat-ferfi-es-noi-pehelypaplan-dzsekik-a-luxus-es-a-melegseg-vegso-kevereke","10":"product_cat-ferfiak","11":"product_cat-shearling-kabatok-ferfiaknak","13":"first","14":"instock","15":"taxable","16":"shipping-taxable","17":"purchasable","18":"product-type-variable","19":"has-default-attributes","20":"wvs-archive-product-wrapper"},"acf":{"categorie_feed":""},"aioseo_notices":[],"_links":{"self":[{"href":"https:\/\/aavesa.com\/hu\/wp-json\/wp\/v2\/product\/90849","targetHints":{"allow":["GET"]}}],"collection":[{"href":"https:\/\/aavesa.com\/hu\/wp-json\/wp\/v2\/product"}],"about":[{"href":"https:\/\/aavesa.com\/hu\/wp-json\/wp\/v2\/types\/product"}],"replies":[{"embeddable":true,"href":"https:\/\/aavesa.com\/hu\/wp-json\/wp\/v2\/comments?post=90849"}],"wp:featuredmedia":[{"embeddable":true,"href":"https:\/\/aavesa.com\/hu\/wp-json\/wp\/v2\/media\/90850"}],"wp:attachment":[{"href":"https:\/\/aavesa.com\/hu\/wp-json\/wp\/v2\/media?parent=90849"}],"wp:term":[{"taxonomy":"product_brand","embeddable":true,"href":"https:\/\/aavesa.com\/hu\/wp-json\/wp\/v2\/product_brand?post=90849"},{"taxonomy":"product_cat","embeddable":true,"href":"https:\/\/aavesa.com\/hu\/wp-json\/wp\/v2\/product_cat?post=90849"},{"taxonomy":"product_tag","embeddable":true,"href":"https:\/\/aavesa.com\/hu\/wp-json\/wp\/v2\/product_tag?post=90849"}],"curies":[{"name":"wp","href":"https:\/\/api.w.org\/{rel}","templated":true}]}}