

{"id":90864,"date":"2024-07-26T16:22:26","date_gmt":"2024-07-26T16:22:26","guid":{"rendered":"https:\/\/new.aavesa.com\/produs\/baranybor-kabat-rokagallerral-355-v\/"},"modified":"2025-11-17T06:30:22","modified_gmt":"2025-11-17T06:30:22","slug":"baranybor-kabat-rokagallerral-355-v","status":"publish","type":"product","link":"https:\/\/aavesa.com\/hu\/product\/baranybor-kabat-rokagallerral-355-v\/","title":{"rendered":"B\u00e1r\u00e1nyb\u0151r kab\u00e1t r\u00f3kagall\u00e9rral 355 V"},"content":{"rendered":"<p>F\u00e9rfi <a rel=\"nofollow\" href=\"https:\/\/aavesa.com\/hu\/ferfiak\/shearling-kabatok-ferfiaknak-ferfiak\/\">birkabunda<\/a> sarki r\u00f3ka sz\u0151rm\u00e9vel. Ez a r\u00f3kagall\u00e9r mint\u00e1j\u00fa b\u00e1r\u00e1nyb\u0151r kab\u00e1t egyedi kialak\u00edt\u00e1s\u00fa, pol\u00e1rr\u00f3kasz\u0151rm\u00e9b\u0151l k\u00e9sz\u00fclt gall\u00e9rral rendelkezik. A k\u00fcls\u0151 kab\u00e1t b\u00e1r\u00e1ny nappa b\u0151rb\u0151l k\u00e9sz\u00fclt, amely a kiv\u00e1l\u00f3 min\u0151s\u00e9g\u0171 anyagnak k\u00f6sz\u00f6nhet\u0151en nagyon ellen\u00e1ll\u00f3 tulajdons\u00e1gokkal rendelkezik, \u00e9s ellen\u00e1ll a nedvess\u00e9gnek \u00e9s a szennyez\u0151d\u00e9snek. A b\u0151r belsej\u00e9ben 8 mm vastags\u00e1g\u00fara ny\u00edrt term\u00e9szetes merin\u00f3 b\u00e1r\u00e1nysz\u0151rme tal\u00e1lhat\u00f3, amely v\u00e9delmet biztos\u00edt az alacsony h\u0151m\u00e9rs\u00e9klet ellen. A kab\u00e1t n\u00e9gy gombbal z\u00e1r\u00f3dik. Ez a kab\u00e1t modern vonalakkal rendelkezik, \u00e9s olyan sz\u00ednekben rendelhet\u0151, mint a s\u00f6t\u00e9tsz\u00fcrke vagy a fekete, olyan sz\u00ednekben, amelyekhez k\u00f6nnyen illeszthet\u0151 b\u00e1rmilyen \u00f6lt\u00f6z\u00e9k.     <\/p>\n","protected":false},"excerpt":{"rendered":"<p>F\u00e9rfi birkabunda sarki r\u00f3ka sz\u0151rm\u00e9vel. Ez a r\u00f3kagall\u00e9r mint\u00e1j\u00fa b\u00e1r\u00e1nyb\u0151r kab\u00e1t egyedi kialak\u00edt\u00e1s\u00fa, pol\u00e1rr\u00f3kasz\u0151rm\u00e9b\u0151l k\u00e9sz\u00fclt gall\u00e9rral rendelkezik. A k\u00fcls\u0151 kab\u00e1t b\u00e1r\u00e1ny nappa b\u0151rb\u0151l k\u00e9sz\u00fclt, amely a kiv\u00e1l\u00f3 min\u0151s\u00e9g\u0171 anyagnak k\u00f6sz\u00f6nhet\u0151en nagyon ellen\u00e1ll\u00f3 tulajdons\u00e1gokkal rendelkezik, \u00e9s ellen\u00e1ll a nedvess\u00e9gnek \u00e9s a szennyez\u0151d\u00e9snek. A b\u0151r belsej\u00e9ben 8 mm vastags\u00e1g\u00fara ny\u00edrt term\u00e9szetes merin\u00f3 b\u00e1r\u00e1nysz\u0151rme tal\u00e1lhat\u00f3, amely v\u00e9delmet biztos\u00edt [&hellip;]<\/p>\n","protected":false},"featured_media":90865,"comment_status":"open","ping_status":"closed","template":"","meta":{"_acf_changed":false,"om_disable_all_campaigns":false,"inline_featured_image":false,"_monsterinsights_skip_tracking":false,"_monsterinsights_sitenote_active":false,"_monsterinsights_sitenote_note":"","_monsterinsights_sitenote_category":0},"product_brand":[],"product_cat":[835,778,794,725,765,777],"product_tag":[],"class_list":{"0":"post-90864","1":"product","2":"type-product","3":"status-publish","4":"has-post-thumbnail","6":"product_cat-2018-2019-kollekcio","7":"product_cat-baranybor-kabatok-hu","8":"product_cat-ferfi-bundak","9":"product_cat-ferfiak","10":"product_cat-roka-szorme","11":"product_cat-shearling-kabatok-ferfiaknak-ferfiak","13":"first","14":"instock","15":"taxable","16":"shipping-taxable","17":"purchasable","18":"product-type-variable","19":"has-default-attributes","20":"wvs-archive-product-wrapper"},"acf":{"categorie_feed":""},"aioseo_notices":[],"_links":{"self":[{"href":"https:\/\/aavesa.com\/hu\/wp-json\/wp\/v2\/product\/90864","targetHints":{"allow":["GET"]}}],"collection":[{"href":"https:\/\/aavesa.com\/hu\/wp-json\/wp\/v2\/product"}],"about":[{"href":"https:\/\/aavesa.com\/hu\/wp-json\/wp\/v2\/types\/product"}],"replies":[{"embeddable":true,"href":"https:\/\/aavesa.com\/hu\/wp-json\/wp\/v2\/comments?post=90864"}],"wp:featuredmedia":[{"embeddable":true,"href":"https:\/\/aavesa.com\/hu\/wp-json\/wp\/v2\/media\/90865"}],"wp:attachment":[{"href":"https:\/\/aavesa.com\/hu\/wp-json\/wp\/v2\/media?parent=90864"}],"wp:term":[{"taxonomy":"product_brand","embeddable":true,"href":"https:\/\/aavesa.com\/hu\/wp-json\/wp\/v2\/product_brand?post=90864"},{"taxonomy":"product_cat","embeddable":true,"href":"https:\/\/aavesa.com\/hu\/wp-json\/wp\/v2\/product_cat?post=90864"},{"taxonomy":"product_tag","embeddable":true,"href":"https:\/\/aavesa.com\/hu\/wp-json\/wp\/v2\/product_tag?post=90864"}],"curies":[{"name":"wp","href":"https:\/\/api.w.org\/{rel}","templated":true}]}}