

{"id":90873,"date":"2024-07-26T16:33:46","date_gmt":"2024-07-26T16:33:46","guid":{"rendered":"https:\/\/new.aavesa.com\/produs\/merinoi-baranybor-kabat-383\/"},"modified":"2025-11-17T06:27:03","modified_gmt":"2025-11-17T06:27:03","slug":"merinoi-baranybor-kabat-383","status":"publish","type":"product","link":"https:\/\/aavesa.com\/hu\/product\/merinoi-baranybor-kabat-383\/","title":{"rendered":"Merin\u00f3i b\u00e1r\u00e1nyb\u0151r kab\u00e1t 383"},"content":{"rendered":"<p>A hideg \u00e9vszak a ruhat\u00e1rban is v\u00e1ltoz\u00e1sokat hoz, \u00e9s ez a <a href=\"https:\/\/aavesa.com\/hu\/ferfiak\/shearling-kabatok-ferfiaknak-ferfiak\/\">f\u00e9rfi val\u00f3di sz\u0151rmebunda<\/a> az a darab, amely seg\u00edt a lehet\u0151 legk\u00f6nnyebb\u00e9 tenni az \u00e1tmenetet. Ez a k\u00e9nyelmes \u00e9s nagyon meleg, merin\u00f3i ny\u00edrbund\u00e1b\u00f3l k\u00e9sz\u00fclt f\u00e9rfi kab\u00e1t k\u00f6nnyen viselhet\u0151, \u00e9s olyan szab\u00e1ssal rendelkezik, amely t\u00f6k\u00e9letesen illeszkedik a legk\u00fcl\u00f6nf\u00e9l\u00e9bb \u00f6lt\u00f6z\u00e9kekhez. Mindig eleg\u00e1ns \u00e9s kifog\u00e1stalan, a kab\u00e1t alkalmas a mindennapi megjelen\u00e9shez vagy ak\u00e1r egy ig\u00e9nyesebb \u00f6lt\u00f6z\u00e9k kieg\u00e9sz\u00edt\u00e9s\u00e9re is. A klasszikus kialak\u00edt\u00e1s teszi ezt a kab\u00e1tot minden f\u00e9rfi sz\u00e1m\u00e1ra inspir\u00e1l\u00f3 v\u00e1s\u00e1rl\u00e1ss\u00e1. A kab\u00e1t zsebekkel van ell\u00e1tva, fekete sz\u00ednben kaphat\u00f3, konyak \u00e9s barna sz\u0151rm\u00e9vel. Modell\u00fcnk 183 cm magas, 48-as m\u00e9retet visel, a term\u00e9k hossza 89 cm.     <\/p>\n","protected":false},"excerpt":{"rendered":"<p>A hideg \u00e9vszak a ruhat\u00e1rban is v\u00e1ltoz\u00e1sokat hoz, \u00e9s ez a f\u00e9rfi val\u00f3di sz\u0151rmebunda az a darab, amely seg\u00edt a lehet\u0151 legk\u00f6nnyebb\u00e9 tenni az \u00e1tmenetet. Ez a k\u00e9nyelmes \u00e9s nagyon meleg, merin\u00f3i ny\u00edrbund\u00e1b\u00f3l k\u00e9sz\u00fclt f\u00e9rfi kab\u00e1t k\u00f6nnyen viselhet\u0151, \u00e9s olyan szab\u00e1ssal rendelkezik, amely t\u00f6k\u00e9letesen illeszkedik a legk\u00fcl\u00f6nf\u00e9l\u00e9bb \u00f6lt\u00f6z\u00e9kekhez. Mindig eleg\u00e1ns \u00e9s kifog\u00e1stalan, a kab\u00e1t alkalmas [&hellip;]<\/p>\n","protected":false},"featured_media":90874,"comment_status":"closed","ping_status":"closed","template":"","meta":{"_acf_changed":false,"om_disable_all_campaigns":false,"inline_featured_image":false,"_monsterinsights_skip_tracking":false,"_monsterinsights_sitenote_active":false,"_monsterinsights_sitenote_note":"","_monsterinsights_sitenote_category":0},"product_brand":[],"product_cat":[833,725,777],"product_tag":[],"class_list":{"0":"post-90873","1":"product","2":"type-product","3":"status-publish","4":"has-post-thumbnail","6":"product_cat-2022-2023-as-kollekcio","7":"product_cat-ferfiak","8":"product_cat-shearling-kabatok-ferfiaknak-ferfiak","10":"first","11":"instock","12":"taxable","13":"shipping-taxable","14":"purchasable","15":"product-type-variable","16":"has-default-attributes","17":"wvs-archive-product-wrapper"},"acf":{"categorie_feed":""},"aioseo_notices":[],"_links":{"self":[{"href":"https:\/\/aavesa.com\/hu\/wp-json\/wp\/v2\/product\/90873","targetHints":{"allow":["GET"]}}],"collection":[{"href":"https:\/\/aavesa.com\/hu\/wp-json\/wp\/v2\/product"}],"about":[{"href":"https:\/\/aavesa.com\/hu\/wp-json\/wp\/v2\/types\/product"}],"replies":[{"embeddable":true,"href":"https:\/\/aavesa.com\/hu\/wp-json\/wp\/v2\/comments?post=90873"}],"wp:featuredmedia":[{"embeddable":true,"href":"https:\/\/aavesa.com\/hu\/wp-json\/wp\/v2\/media\/90874"}],"wp:attachment":[{"href":"https:\/\/aavesa.com\/hu\/wp-json\/wp\/v2\/media?parent=90873"}],"wp:term":[{"taxonomy":"product_brand","embeddable":true,"href":"https:\/\/aavesa.com\/hu\/wp-json\/wp\/v2\/product_brand?post=90873"},{"taxonomy":"product_cat","embeddable":true,"href":"https:\/\/aavesa.com\/hu\/wp-json\/wp\/v2\/product_cat?post=90873"},{"taxonomy":"product_tag","embeddable":true,"href":"https:\/\/aavesa.com\/hu\/wp-json\/wp\/v2\/product_tag?post=90873"}],"curies":[{"name":"wp","href":"https:\/\/api.w.org\/{rel}","templated":true}]}}