

{"id":90887,"date":"2024-07-26T16:33:46","date_gmt":"2024-07-26T16:33:46","guid":{"rendered":"https:\/\/new.aavesa.com\/produs\/baranybor-es-sarki-roka-bunda-2056\/"},"modified":"2026-04-13T09:16:51","modified_gmt":"2026-04-13T11:16:51","slug":"baranybor-es-sarki-roka-bunda-2056","status":"publish","type":"product","link":"https:\/\/aavesa.com\/hu\/product\/baranybor-es-sarki-roka-bunda-2056\/","title":{"rendered":"B\u00e1r\u00e1nyb\u0151r \u00e9s sarki r\u00f3ka bunda 2056"},"content":{"rendered":"<p>Az elegancia nem ismer \u00e9vszakokat, \u00e9s ez a term\u00e9szetes bunda \u00e9s <a rel=\"nofollow\" href=\"https:\/\/aavesa.com\/hu\/nok\/noi-shearling-kabatok\/\">sarki r\u00f3ka b<\/a> unda teljes m\u00e9rt\u00e9kben bizony\u00edtja ezt. Ez a n\u0151i kab\u00e1t egy eredeti diz\u00e1jnnal rendelkez\u0151, n\u0151iess\u00e9get \u00e9s kifinomults\u00e1got sugall\u00f3 ruhadarab, amely a kinti hideg ellen\u00e9re minden nap k\u00e9nyeztetett\u00e9 teszi \u00d6nt. A b\u00e1r\u00e1nysz\u0151rme \u00e9s a sarki r\u00f3ka kombin\u00e1ci\u00f3ja k\u00fcl\u00f6n\u00f6sen sikeres a megjelen\u00e9s, de a praktikum szempontj\u00e1b\u00f3l is. A k\u00e9t anyag kellemes text\u00far\u00e1val rendelkezik, \u00e9s t\u00f6k\u00e9letesen szigetel a hideg ellen. A kab\u00e1t gombokkal \u00e9s nagyvonal\u00fa zsebekkel van ell\u00e1tva, a v\u00e1laszthat\u00f3 sz\u00edn pedig sz\u00fcrke \u00e9s fekete. Modell\u00fcnk 176 cm magas, 36-os m\u00e9retet visel, a term\u00e9k hossza pedig 100 cm.     <\/p>\n","protected":false},"excerpt":{"rendered":"<p>Az elegancia nem ismer \u00e9vszakokat, \u00e9s ez a term\u00e9szetes bunda \u00e9s sarki r\u00f3ka b unda teljes m\u00e9rt\u00e9kben bizony\u00edtja ezt. Ez a n\u0151i kab\u00e1t egy eredeti diz\u00e1jnnal rendelkez\u0151, n\u0151iess\u00e9get \u00e9s kifinomults\u00e1got sugall\u00f3 ruhadarab, amely a kinti hideg ellen\u00e9re minden nap k\u00e9nyeztetett\u00e9 teszi \u00d6nt. A b\u00e1r\u00e1nysz\u0151rme \u00e9s a sarki r\u00f3ka kombin\u00e1ci\u00f3ja k\u00fcl\u00f6n\u00f6sen sikeres a megjelen\u00e9s, de a [&hellip;]<\/p>\n","protected":false},"featured_media":90888,"comment_status":"closed","ping_status":"closed","template":"","meta":{"_acf_changed":false,"om_disable_all_campaigns":false,"inline_featured_image":false,"_monsterinsights_skip_tracking":false,"_monsterinsights_sitenote_active":false,"_monsterinsights_sitenote_note":"","_monsterinsights_sitenote_category":0},"product_brand":[],"product_cat":[833,778,766,779,741,765],"product_tag":[],"class_list":{"0":"post-90887","1":"product","2":"type-product","3":"status-publish","4":"has-post-thumbnail","6":"product_cat-2022-2023-as-kollekcio","7":"product_cat-baranybor-kabatok-hu","8":"product_cat-bundas-kabatok-es-bundas-dzsekik-noknek","9":"product_cat-noi-shearling-kabatok","10":"product_cat-nok","11":"product_cat-roka-szorme","13":"first","14":"instock","15":"taxable","16":"shipping-taxable","17":"purchasable","18":"product-type-variable","19":"has-default-attributes","20":"wvs-archive-product-wrapper"},"acf":{"categorie_feed":""},"aioseo_notices":[],"_links":{"self":[{"href":"https:\/\/aavesa.com\/hu\/wp-json\/wp\/v2\/product\/90887","targetHints":{"allow":["GET"]}}],"collection":[{"href":"https:\/\/aavesa.com\/hu\/wp-json\/wp\/v2\/product"}],"about":[{"href":"https:\/\/aavesa.com\/hu\/wp-json\/wp\/v2\/types\/product"}],"replies":[{"embeddable":true,"href":"https:\/\/aavesa.com\/hu\/wp-json\/wp\/v2\/comments?post=90887"}],"wp:featuredmedia":[{"embeddable":true,"href":"https:\/\/aavesa.com\/hu\/wp-json\/wp\/v2\/media\/90888"}],"wp:attachment":[{"href":"https:\/\/aavesa.com\/hu\/wp-json\/wp\/v2\/media?parent=90887"}],"wp:term":[{"taxonomy":"product_brand","embeddable":true,"href":"https:\/\/aavesa.com\/hu\/wp-json\/wp\/v2\/product_brand?post=90887"},{"taxonomy":"product_cat","embeddable":true,"href":"https:\/\/aavesa.com\/hu\/wp-json\/wp\/v2\/product_cat?post=90887"},{"taxonomy":"product_tag","embeddable":true,"href":"https:\/\/aavesa.com\/hu\/wp-json\/wp\/v2\/product_tag?post=90887"}],"curies":[{"name":"wp","href":"https:\/\/api.w.org\/{rel}","templated":true}]}}