

{"id":90897,"date":"2024-07-26T16:22:26","date_gmt":"2024-07-26T16:22:26","guid":{"rendered":"https:\/\/new.aavesa.com\/produs\/velur-bor-kabat-1014\/"},"modified":"2025-11-17T06:30:18","modified_gmt":"2025-11-17T06:30:18","slug":"velur-bor-kabat-1014","status":"publish","type":"product","link":"https:\/\/aavesa.com\/hu\/product\/velur-bor-kabat-1014\/","title":{"rendered":"Vel\u00far b\u0151r kab\u00e1t 1014"},"content":{"rendered":"<p>Ez a n\u0151i kab\u00e1t kiv\u00e1l\u00f3 min\u0151s\u00e9g\u0171 vel\u00far b\u0151rb\u0151l k\u00e9sz\u00fclt. Alkalmi szab\u00e1s\u00e1nak k\u00f6sz\u00f6nhet\u0151en a kab\u00e1t k\u00f6nnyen viselhet\u0151 a legk\u00fcl\u00f6nb\u00f6z\u0151bb alkalmakra, a sz\u00edne viszont k\u00f6nnyen \u00f6sszev\u00e1logathat\u00f3 a k\u00fcl\u00f6nb\u00f6z\u0151 \u00f6lt\u00f6zetekkel. A kab\u00e1t z\u00e1r\u00f3rendszere egyszer\u0171, ak\u00e1rcsak egy egyszer\u0171 alkalmi kab\u00e1t\u00e9, v\u00e9kony \u00f6vvel, amely kiemeli a m\u00e9ly dekolt\u00e1zst. A kab\u00e1t k\u00e9t zsebe k\u00fcl\u00f6n\u00f6sen hasznos, \u00e9s hozz\u00e1j\u00e1rul ahhoz az eleg\u00e1ns megjelen\u00e9shez, amelyet ez a kab\u00e1t adhat visel\u0151j\u00e9nek.   <\/p>\n","protected":false},"excerpt":{"rendered":"<p>Ez a n\u0151i kab\u00e1t kiv\u00e1l\u00f3 min\u0151s\u00e9g\u0171 vel\u00far b\u0151rb\u0151l k\u00e9sz\u00fclt. Alkalmi szab\u00e1s\u00e1nak k\u00f6sz\u00f6nhet\u0151en a kab\u00e1t k\u00f6nnyen viselhet\u0151 a legk\u00fcl\u00f6nb\u00f6z\u0151bb alkalmakra, a sz\u00edne viszont k\u00f6nnyen \u00f6sszev\u00e1logathat\u00f3 a k\u00fcl\u00f6nb\u00f6z\u0151 \u00f6lt\u00f6zetekkel. A kab\u00e1t z\u00e1r\u00f3rendszere egyszer\u0171, ak\u00e1rcsak egy egyszer\u0171 alkalmi kab\u00e1t\u00e9, v\u00e9kony \u00f6vvel, amely kiemeli a m\u00e9ly dekolt\u00e1zst. A kab\u00e1t k\u00e9t zsebe k\u00fcl\u00f6n\u00f6sen hasznos, \u00e9s hozz\u00e1j\u00e1rul ahhoz az eleg\u00e1ns megjelen\u00e9shez, [&hellip;]<\/p>\n","protected":false},"featured_media":90900,"comment_status":"open","ping_status":"closed","template":"","meta":{"_acf_changed":false,"om_disable_all_campaigns":false,"inline_featured_image":false,"_monsterinsights_skip_tracking":false,"_monsterinsights_sitenote_active":false,"_monsterinsights_sitenote_note":"","_monsterinsights_sitenote_category":0},"product_brand":[],"product_cat":[835,767,741],"product_tag":[],"class_list":{"0":"post-90897","1":"product","2":"type-product","3":"status-publish","4":"has-post-thumbnail","6":"product_cat-2018-2019-kollekcio","7":"product_cat-borkabatok-noknek","8":"product_cat-nok","10":"first","11":"outofstock","12":"taxable","13":"shipping-taxable","14":"product-type-variable","15":"has-default-attributes","16":"wvs-archive-product-wrapper"},"acf":{"categorie_feed":""},"aioseo_notices":[],"_links":{"self":[{"href":"https:\/\/aavesa.com\/hu\/wp-json\/wp\/v2\/product\/90897","targetHints":{"allow":["GET"]}}],"collection":[{"href":"https:\/\/aavesa.com\/hu\/wp-json\/wp\/v2\/product"}],"about":[{"href":"https:\/\/aavesa.com\/hu\/wp-json\/wp\/v2\/types\/product"}],"replies":[{"embeddable":true,"href":"https:\/\/aavesa.com\/hu\/wp-json\/wp\/v2\/comments?post=90897"}],"wp:featuredmedia":[{"embeddable":true,"href":"https:\/\/aavesa.com\/hu\/wp-json\/wp\/v2\/media\/90900"}],"wp:attachment":[{"href":"https:\/\/aavesa.com\/hu\/wp-json\/wp\/v2\/media?parent=90897"}],"wp:term":[{"taxonomy":"product_brand","embeddable":true,"href":"https:\/\/aavesa.com\/hu\/wp-json\/wp\/v2\/product_brand?post=90897"},{"taxonomy":"product_cat","embeddable":true,"href":"https:\/\/aavesa.com\/hu\/wp-json\/wp\/v2\/product_cat?post=90897"},{"taxonomy":"product_tag","embeddable":true,"href":"https:\/\/aavesa.com\/hu\/wp-json\/wp\/v2\/product_tag?post=90897"}],"curies":[{"name":"wp","href":"https:\/\/api.w.org\/{rel}","templated":true}]}}