

{"id":90906,"date":"2024-07-26T16:22:26","date_gmt":"2024-07-26T16:22:26","guid":{"rendered":"https:\/\/new.aavesa.com\/produs\/baranybor-nappa-bor-kabat-1015\/"},"modified":"2025-11-17T06:30:16","modified_gmt":"2025-11-17T06:30:16","slug":"baranybor-nappa-bor-kabat-1015","status":"publish","type":"product","link":"https:\/\/aavesa.com\/hu\/product\/baranybor-nappa-bor-kabat-1015\/","title":{"rendered":"B\u00e1r\u00e1nyb\u0151r nappa b\u0151r kab\u00e1t 1015"},"content":{"rendered":"<p>Ez a n\u0151i kab\u00e1t juh nappa b\u0151rb\u0151l k\u00e9sz\u00fclt, szab\u00e1sa hossz\u00fa kab\u00e1tra jellemz\u0151. Diszkr\u00e9t, eleg\u00e1ns \u00e9s n\u0151ies, egy hossz\u00fa kab\u00e1t nem hi\u00e1nyozhat egy n\u0151 ruhat\u00e1r\u00e1b\u00f3l, mert praktikus \u00e9s eleg\u00e1ns, amely sz\u00e1mos \u00f6lt\u00f6z\u00e9ket sikeresen kieg\u00e9sz\u00edthet &#8211; a h\u00e9tk\u00f6znapi megjelen\u00e9st\u0151l az eleg\u00e1nsabb megjelen\u00e9sig, egy min\u0151s\u00e9gi kab\u00e1t megadja a sz\u00fcks\u00e9ges k\u00e9nyelmet, \u00e9s st\u00edlusos l\u00e1bnyomot vet az \u00d6n \u00e1ltal v\u00e1lasztott \u00f6lt\u00f6z\u00e9kre. Ez a nappab\u0151r kab\u00e1t k\u00e9t zsebbel, n\u00e9gy kapcsos gombbal \u00e9s v\u00e9kony zsin\u00f3rral z\u00e1r\u00f3dik.  <\/p>\n","protected":false},"excerpt":{"rendered":"<p>Ez a n\u0151i kab\u00e1t juh nappa b\u0151rb\u0151l k\u00e9sz\u00fclt, szab\u00e1sa hossz\u00fa kab\u00e1tra jellemz\u0151. Diszkr\u00e9t, eleg\u00e1ns \u00e9s n\u0151ies, egy hossz\u00fa kab\u00e1t nem hi\u00e1nyozhat egy n\u0151 ruhat\u00e1r\u00e1b\u00f3l, mert praktikus \u00e9s eleg\u00e1ns, amely sz\u00e1mos \u00f6lt\u00f6z\u00e9ket sikeresen kieg\u00e9sz\u00edthet &#8211; a h\u00e9tk\u00f6znapi megjelen\u00e9st\u0151l az eleg\u00e1nsabb megjelen\u00e9sig, egy min\u0151s\u00e9gi kab\u00e1t megadja a sz\u00fcks\u00e9ges k\u00e9nyelmet, \u00e9s st\u00edlusos l\u00e1bnyomot vet az \u00d6n \u00e1ltal v\u00e1lasztott [&hellip;]<\/p>\n","protected":false},"featured_media":90909,"comment_status":"open","ping_status":"closed","template":"","meta":{"_acf_changed":false,"om_disable_all_campaigns":false,"inline_featured_image":false,"_monsterinsights_skip_tracking":false,"_monsterinsights_sitenote_active":false,"_monsterinsights_sitenote_note":"","_monsterinsights_sitenote_category":0},"product_brand":[],"product_cat":[835,767,741],"product_tag":[],"class_list":{"0":"post-90906","1":"product","2":"type-product","3":"status-publish","4":"has-post-thumbnail","6":"product_cat-2018-2019-kollekcio","7":"product_cat-borkabatok-noknek","8":"product_cat-nok","10":"first","11":"outofstock","12":"taxable","13":"shipping-taxable","14":"product-type-variable","15":"has-default-attributes","16":"wvs-archive-product-wrapper"},"acf":{"categorie_feed":""},"aioseo_notices":[],"_links":{"self":[{"href":"https:\/\/aavesa.com\/hu\/wp-json\/wp\/v2\/product\/90906","targetHints":{"allow":["GET"]}}],"collection":[{"href":"https:\/\/aavesa.com\/hu\/wp-json\/wp\/v2\/product"}],"about":[{"href":"https:\/\/aavesa.com\/hu\/wp-json\/wp\/v2\/types\/product"}],"replies":[{"embeddable":true,"href":"https:\/\/aavesa.com\/hu\/wp-json\/wp\/v2\/comments?post=90906"}],"wp:featuredmedia":[{"embeddable":true,"href":"https:\/\/aavesa.com\/hu\/wp-json\/wp\/v2\/media\/90909"}],"wp:attachment":[{"href":"https:\/\/aavesa.com\/hu\/wp-json\/wp\/v2\/media?parent=90906"}],"wp:term":[{"taxonomy":"product_brand","embeddable":true,"href":"https:\/\/aavesa.com\/hu\/wp-json\/wp\/v2\/product_brand?post=90906"},{"taxonomy":"product_cat","embeddable":true,"href":"https:\/\/aavesa.com\/hu\/wp-json\/wp\/v2\/product_cat?post=90906"},{"taxonomy":"product_tag","embeddable":true,"href":"https:\/\/aavesa.com\/hu\/wp-json\/wp\/v2\/product_tag?post=90906"}],"curies":[{"name":"wp","href":"https:\/\/api.w.org\/{rel}","templated":true}]}}