

{"id":90926,"date":"2024-07-26T16:33:46","date_gmt":"2024-07-26T16:33:46","guid":{"rendered":"https:\/\/new.aavesa.com\/produs\/baranybor-es-sarki-roka-szorme-dzseki-2047\/"},"modified":"2026-04-10T15:02:48","modified_gmt":"2026-04-10T17:02:48","slug":"baranybor-es-sarki-roka-szorme-dzseki-2047","status":"publish","type":"product","link":"https:\/\/aavesa.com\/hu\/product\/baranybor-es-sarki-roka-szorme-dzseki-2047\/","title":{"rendered":"B\u00e1r\u00e1nyb\u0151r \u00e9s sarki r\u00f3ka sz\u0151rme dzseki 2047"},"content":{"rendered":"<p>Ez a <a href=\"https:\/\/aavesa.com\/hu\/nok\/noi-shearling-dzsekik\/\">term\u00e9szetes b\u00e1r\u00e1ny- \u00e9s sarki r\u00f3ka sz\u0151rm\u00e9b\u0151l k\u00e9sz\u00fclt kab\u00e1t<\/a> ide\u00e1lis v\u00e1laszt\u00e1s ahhoz, hogy minden nap \u00e9lvezhesse, f\u00fcggetlen\u00fcl a kinti h\u0151m\u00e9rs\u00e9klett\u0151l. A term\u00e9szetes sz\u0151rme vastag, de puha \u00e9s rugalmas, ami nagyon k\u00f6nnyen viselhet\u0151v\u00e9 teszi, \u00e9s t\u00f6k\u00e9letes a hideg \u00e9vszakban.  A b\u00e1r\u00e1nyb\u0151r \u00e9s sarki r\u00f3ka sz\u0151rme \u00e1rnyalatainak \u00e9s k\u00fcl\u00f6nb\u00f6z\u0151 text\u00far\u00e1inak kombin\u00e1ci\u00f3ja finom megjelen\u00e9st k\u00f6lcs\u00f6n\u00f6z ennek a n\u0151i dzsekinek, amely biztosan nem marad \u00e9szrev\u00e9tlen. A b\u00e1r\u00e1nyb\u0151r \u00e9s sarki r\u00f3ka sz\u0151rme kab\u00e1t sz\u00fcrke vagy barna sz\u00ednben kaphat\u00f3. Modell\u00fcnk 176 cm magas \u00e9s 36-os sz\u00fcrke, illetve 175 cm magas \u00e9s 40-es barna m\u00e9retet visel. A term\u00e9k hossza 56 cm.  <\/p>\n","protected":false},"excerpt":{"rendered":"<p>Ez a term\u00e9szetes b\u00e1r\u00e1ny- \u00e9s sarki r\u00f3ka sz\u0151rm\u00e9b\u0151l k\u00e9sz\u00fclt kab\u00e1t ide\u00e1lis v\u00e1laszt\u00e1s ahhoz, hogy minden nap \u00e9lvezhesse, f\u00fcggetlen\u00fcl a kinti h\u0151m\u00e9rs\u00e9klett\u0151l. A term\u00e9szetes sz\u0151rme vastag, de puha \u00e9s rugalmas, ami nagyon k\u00f6nnyen viselhet\u0151v\u00e9 teszi, \u00e9s t\u00f6k\u00e9letes a hideg \u00e9vszakban. A b\u00e1r\u00e1nyb\u0151r \u00e9s sarki r\u00f3ka sz\u0151rme \u00e1rnyalatainak \u00e9s k\u00fcl\u00f6nb\u00f6z\u0151 text\u00far\u00e1inak kombin\u00e1ci\u00f3ja finom megjelen\u00e9st k\u00f6lcs\u00f6n\u00f6z ennek a [&hellip;]<\/p>\n","protected":false},"featured_media":90927,"comment_status":"closed","ping_status":"closed","template":"","meta":{"_acf_changed":false,"om_disable_all_campaigns":false,"inline_featured_image":false,"_monsterinsights_skip_tracking":false,"_monsterinsights_sitenote_active":false,"_monsterinsights_sitenote_note":"","_monsterinsights_sitenote_category":0},"product_brand":[],"product_cat":[833,952,773,741,765],"product_tag":[],"class_list":{"0":"post-90926","1":"product","2":"type-product","3":"status-publish","4":"has-post-thumbnail","6":"product_cat-2022-2023-as-kollekcio","7":"product_cat-ferfi-es-noi-pehelypaplan-dzsekik-a-luxus-es-a-melegseg-vegso-kevereke","8":"product_cat-noi-shearling-dzsekik","9":"product_cat-nok","10":"product_cat-roka-szorme","12":"first","13":"instock","14":"taxable","15":"shipping-taxable","16":"purchasable","17":"product-type-variable","18":"has-default-attributes","19":"wvs-archive-product-wrapper"},"acf":{"categorie_feed":""},"aioseo_notices":[],"_links":{"self":[{"href":"https:\/\/aavesa.com\/hu\/wp-json\/wp\/v2\/product\/90926","targetHints":{"allow":["GET"]}}],"collection":[{"href":"https:\/\/aavesa.com\/hu\/wp-json\/wp\/v2\/product"}],"about":[{"href":"https:\/\/aavesa.com\/hu\/wp-json\/wp\/v2\/types\/product"}],"replies":[{"embeddable":true,"href":"https:\/\/aavesa.com\/hu\/wp-json\/wp\/v2\/comments?post=90926"}],"wp:featuredmedia":[{"embeddable":true,"href":"https:\/\/aavesa.com\/hu\/wp-json\/wp\/v2\/media\/90927"}],"wp:attachment":[{"href":"https:\/\/aavesa.com\/hu\/wp-json\/wp\/v2\/media?parent=90926"}],"wp:term":[{"taxonomy":"product_brand","embeddable":true,"href":"https:\/\/aavesa.com\/hu\/wp-json\/wp\/v2\/product_brand?post=90926"},{"taxonomy":"product_cat","embeddable":true,"href":"https:\/\/aavesa.com\/hu\/wp-json\/wp\/v2\/product_cat?post=90926"},{"taxonomy":"product_tag","embeddable":true,"href":"https:\/\/aavesa.com\/hu\/wp-json\/wp\/v2\/product_tag?post=90926"}],"curies":[{"name":"wp","href":"https:\/\/api.w.org\/{rel}","templated":true}]}}