

{"id":90935,"date":"2024-07-26T16:33:46","date_gmt":"2024-07-26T16:33:46","guid":{"rendered":"https:\/\/new.aavesa.com\/produs\/baranybor-kabat-mosomedve-szormevel-ferfiaknak-380\/"},"modified":"2025-11-17T06:27:09","modified_gmt":"2025-11-17T06:27:09","slug":"baranybor-kabat-mosomedve-szormevel-ferfiaknak-380","status":"publish","type":"product","link":"https:\/\/aavesa.com\/hu\/product\/baranybor-kabat-mosomedve-szormevel-ferfiaknak-380\/","title":{"rendered":"B\u00e1r\u00e1nyb\u0151r kab\u00e1t mos\u00f3medve sz\u0151rm\u00e9vel, f\u00e9rfiaknak 380"},"content":{"rendered":"<p>A st\u00edlusos \u00e9s f\u00e9rfias megjelen\u00e9s\u0171 <a href=\"https:\/\/aavesa.com\/hu\/ferfiak\/shearling-kabatok-ferfiaknak-ferfiak\/\">t\u00e9likab\u00e1t f\u00e9rfiak sz\u00e1m\u00e1ra<\/a>, ezt a sz\u0151rmebund\u00e1t nem lehet figyelmen k\u00edv\u00fcl hagyni. A mos\u00f3medvebund\u00e1val ell\u00e1tott ny\u00edrbunda term\u00e9szetes b\u00e1r\u00e1nysz\u0151rm\u00e9b\u0151l k\u00e9sz\u00fclt, egy olyan anyagb\u00f3l, amely a lehet\u0151 legmegfelel\u0151bb a h\u0151 megtart\u00e1s\u00e1ra \u00e9s a visel\u0151je sz\u00e1m\u00e1ra nagyon magas fok\u00fa k\u00e9nyelmet biztos\u00edt. Ez a sz\u0151rmebunda k\u00fcl\u00f6nleges kialak\u00edt\u00e1s\u00fa, alkalmas alkalmi megjelen\u00e9shez vagy egy k\u00fcl\u00f6nlegesebb alkalomra sz\u00e1nt \u00f6lt\u00f6z\u00e9k kieg\u00e9sz\u00edt\u00e9s\u00e9re. A kab\u00e1t gall\u00e9rja mos\u00f3medve sz\u0151rm\u00e9b\u0151l k\u00e9sz\u00fclt, \u00e9s a z\u00e1r\u00e1sa egyszer\u0171, gombok seg\u00edts\u00e9g\u00e9vel. Modell\u00fcnk 183 cm magas, 48-as m\u00e9retet visel, a term\u00e9k hossza 100 cm.    <\/p>\n","protected":false},"excerpt":{"rendered":"<p>A st\u00edlusos \u00e9s f\u00e9rfias megjelen\u00e9s\u0171 t\u00e9likab\u00e1t f\u00e9rfiak sz\u00e1m\u00e1ra, ezt a sz\u0151rmebund\u00e1t nem lehet figyelmen k\u00edv\u00fcl hagyni. A mos\u00f3medvebund\u00e1val ell\u00e1tott ny\u00edrbunda term\u00e9szetes b\u00e1r\u00e1nysz\u0151rm\u00e9b\u0151l k\u00e9sz\u00fclt, egy olyan anyagb\u00f3l, amely a lehet\u0151 legmegfelel\u0151bb a h\u0151 megtart\u00e1s\u00e1ra \u00e9s a visel\u0151je sz\u00e1m\u00e1ra nagyon magas fok\u00fa k\u00e9nyelmet biztos\u00edt. Ez a sz\u0151rmebunda k\u00fcl\u00f6nleges kialak\u00edt\u00e1s\u00fa, alkalmas alkalmi megjelen\u00e9shez vagy egy k\u00fcl\u00f6nlegesebb alkalomra sz\u00e1nt [&hellip;]<\/p>\n","protected":false},"featured_media":90936,"comment_status":"closed","ping_status":"closed","template":"","meta":{"_acf_changed":false,"om_disable_all_campaigns":false,"inline_featured_image":false,"_monsterinsights_skip_tracking":false,"_monsterinsights_sitenote_active":false,"_monsterinsights_sitenote_note":"","_monsterinsights_sitenote_category":0},"product_brand":[],"product_cat":[833,725,777],"product_tag":[],"class_list":{"0":"post-90935","1":"product","2":"type-product","3":"status-publish","4":"has-post-thumbnail","6":"product_cat-2022-2023-as-kollekcio","7":"product_cat-ferfiak","8":"product_cat-shearling-kabatok-ferfiaknak-ferfiak","10":"first","11":"instock","12":"taxable","13":"shipping-taxable","14":"purchasable","15":"product-type-variable","16":"has-default-attributes","17":"wvs-archive-product-wrapper"},"acf":{"categorie_feed":""},"aioseo_notices":[],"_links":{"self":[{"href":"https:\/\/aavesa.com\/hu\/wp-json\/wp\/v2\/product\/90935","targetHints":{"allow":["GET"]}}],"collection":[{"href":"https:\/\/aavesa.com\/hu\/wp-json\/wp\/v2\/product"}],"about":[{"href":"https:\/\/aavesa.com\/hu\/wp-json\/wp\/v2\/types\/product"}],"replies":[{"embeddable":true,"href":"https:\/\/aavesa.com\/hu\/wp-json\/wp\/v2\/comments?post=90935"}],"wp:featuredmedia":[{"embeddable":true,"href":"https:\/\/aavesa.com\/hu\/wp-json\/wp\/v2\/media\/90936"}],"wp:attachment":[{"href":"https:\/\/aavesa.com\/hu\/wp-json\/wp\/v2\/media?parent=90935"}],"wp:term":[{"taxonomy":"product_brand","embeddable":true,"href":"https:\/\/aavesa.com\/hu\/wp-json\/wp\/v2\/product_brand?post=90935"},{"taxonomy":"product_cat","embeddable":true,"href":"https:\/\/aavesa.com\/hu\/wp-json\/wp\/v2\/product_cat?post=90935"},{"taxonomy":"product_tag","embeddable":true,"href":"https:\/\/aavesa.com\/hu\/wp-json\/wp\/v2\/product_tag?post=90935"}],"curies":[{"name":"wp","href":"https:\/\/api.w.org\/{rel}","templated":true}]}}