

{"id":90940,"date":"2024-07-26T16:22:26","date_gmt":"2024-07-26T16:22:26","guid":{"rendered":"https:\/\/new.aavesa.com\/produs\/mink-premes-kabat-hm008\/"},"modified":"2025-11-17T06:30:16","modified_gmt":"2025-11-17T06:30:16","slug":"mink-premes-kabat-hm008","status":"publish","type":"product","link":"https:\/\/aavesa.com\/hu\/product\/mink-premes-kabat-hm008\/","title":{"rendered":"Mink pr\u00e9mes kab\u00e1t HM008"},"content":{"rendered":"<p>Ez a n\u0151i nercbunda kab\u00e1t a legmagasabb min\u0151s\u00e9g\u0171 nercbund\u00e1b\u00f3l k\u00e9sz\u00fclt, nagyon eleg\u00e1ns \u00e9s meleg kab\u00e1t, amely mindig k\u00e9nyelmes viseletet biztos\u00edt. A sz\u0151rme olajz\u00f6ld sz\u00edne el\u00e1rulja puha \u00e9s nagyon kellemes tapint\u00e1s\u00fa text\u00far\u00e1j\u00e1t. A sz\u0151rmekab\u00e1t hossza r\u00f6vid, \u00edgy alkalmi \u00f6lt\u00f6z\u00e9kekhez is illik, nem csak eleg\u00e1ns alkalmakra. Az ujjak biztos\u00edtj\u00e1k a k\u00e9nyelmet \u00e9s a mozg\u00e1sszabads\u00e1got, ami egyben a kifinomults\u00e1g v\u00e9djegye is. Egy min\u0151s\u00e9gi nercbunda biztosan t\u00f6bb mint egy v\u00e1s\u00e1rl\u00e1s, egy befektet\u00e9s a ruhat\u00e1r\u00e1ba.    <\/p>\n","protected":false},"excerpt":{"rendered":"<p>Ez a n\u0151i nercbunda kab\u00e1t a legmagasabb min\u0151s\u00e9g\u0171 nercbund\u00e1b\u00f3l k\u00e9sz\u00fclt, nagyon eleg\u00e1ns \u00e9s meleg kab\u00e1t, amely mindig k\u00e9nyelmes viseletet biztos\u00edt. A sz\u0151rme olajz\u00f6ld sz\u00edne el\u00e1rulja puha \u00e9s nagyon kellemes tapint\u00e1s\u00fa text\u00far\u00e1j\u00e1t. A sz\u0151rmekab\u00e1t hossza r\u00f6vid, \u00edgy alkalmi \u00f6lt\u00f6z\u00e9kekhez is illik, nem csak eleg\u00e1ns alkalmakra. Az ujjak biztos\u00edtj\u00e1k a k\u00e9nyelmet \u00e9s a mozg\u00e1sszabads\u00e1got, ami egyben a [&hellip;]<\/p>\n","protected":false},"featured_media":90941,"comment_status":"open","ping_status":"closed","template":"","meta":{"_acf_changed":false,"om_disable_all_campaigns":false,"inline_featured_image":false,"_monsterinsights_skip_tracking":false,"_monsterinsights_sitenote_active":false,"_monsterinsights_sitenote_note":"","_monsterinsights_sitenote_category":0},"product_brand":[],"product_cat":[835,766,769,741,770],"product_tag":[],"class_list":{"0":"post-90940","1":"product","2":"type-product","3":"status-publish","4":"has-post-thumbnail","6":"product_cat-2018-2019-kollekcio","7":"product_cat-bundas-kabatok-es-bundas-dzsekik-noknek","8":"product_cat-nerc-szorme","9":"product_cat-nok","10":"product_cat-vidra-bundak-vidra-zsekik","12":"first","13":"instock","14":"taxable","15":"shipping-taxable","16":"purchasable","17":"product-type-variable","18":"has-default-attributes","19":"wvs-archive-product-wrapper"},"acf":{"categorie_feed":""},"aioseo_notices":[],"_links":{"self":[{"href":"https:\/\/aavesa.com\/hu\/wp-json\/wp\/v2\/product\/90940","targetHints":{"allow":["GET"]}}],"collection":[{"href":"https:\/\/aavesa.com\/hu\/wp-json\/wp\/v2\/product"}],"about":[{"href":"https:\/\/aavesa.com\/hu\/wp-json\/wp\/v2\/types\/product"}],"replies":[{"embeddable":true,"href":"https:\/\/aavesa.com\/hu\/wp-json\/wp\/v2\/comments?post=90940"}],"wp:featuredmedia":[{"embeddable":true,"href":"https:\/\/aavesa.com\/hu\/wp-json\/wp\/v2\/media\/90941"}],"wp:attachment":[{"href":"https:\/\/aavesa.com\/hu\/wp-json\/wp\/v2\/media?parent=90940"}],"wp:term":[{"taxonomy":"product_brand","embeddable":true,"href":"https:\/\/aavesa.com\/hu\/wp-json\/wp\/v2\/product_brand?post=90940"},{"taxonomy":"product_cat","embeddable":true,"href":"https:\/\/aavesa.com\/hu\/wp-json\/wp\/v2\/product_cat?post=90940"},{"taxonomy":"product_tag","embeddable":true,"href":"https:\/\/aavesa.com\/hu\/wp-json\/wp\/v2\/product_tag?post=90940"}],"curies":[{"name":"wp","href":"https:\/\/api.w.org\/{rel}","templated":true}]}}