

{"id":90948,"date":"2024-07-26T16:22:26","date_gmt":"2024-07-26T16:22:26","guid":{"rendered":"https:\/\/new.aavesa.com\/produs\/mink-bunda-hm012\/"},"modified":"2025-11-17T06:30:15","modified_gmt":"2025-11-17T06:30:15","slug":"mink-bunda-hm012","status":"publish","type":"product","link":"https:\/\/aavesa.com\/hu\/product\/mink-bunda-hm012\/","title":{"rendered":"Mink bunda HM012"},"content":{"rendered":"<p>Ez a <a href=\"https:\/\/aavesa.com\/hu\/ferfiak\/shearling-kabatok-ferfiaknak-ferfiak\/\">n\u0151i nercbunda<\/a> a legmagasabb min\u0151s\u00e9g\u0171 nercbund\u00e1b\u00f3l k\u00e9sz\u00fclt, \u00e9s igazi befektet\u00e9s a ruhat\u00e1radba a hideg \u00e9vszakra. Meleg, k\u00e9nyelmes \u00e9s n\u0151ies, ebben a nercbund\u00e1ban minden alkalomra elk\u00e9nyeztetettnek \u00e9rezheti mag\u00e1t. A sz\u0151rme s\u0171r\u0171 \u00e9s puha text\u00far\u00e1ja k\u00e9nyelmet \u00e9s v\u00e9delmet ny\u00fajt a hideg ellen, a kab\u00e1t belseje b\u00e9lelt. Ez a kab\u00e1t klipszekkel, zsin\u00f3rral \u00e9s gombbal z\u00e1r\u00f3dik, kiemelve a der\u00e9kvonalat. A kab\u00e1t magas gall\u00e9rja megv\u00e9di a nyak ter\u00fclet\u00e9t az \u0151szi \u00e9s t\u00e9li zord szelekt\u0151l.    <\/p>\n","protected":false},"excerpt":{"rendered":"<p>Ez a n\u0151i nercbunda a legmagasabb min\u0151s\u00e9g\u0171 nercbund\u00e1b\u00f3l k\u00e9sz\u00fclt, \u00e9s igazi befektet\u00e9s a ruhat\u00e1radba a hideg \u00e9vszakra. Meleg, k\u00e9nyelmes \u00e9s n\u0151ies, ebben a nercbund\u00e1ban minden alkalomra elk\u00e9nyeztetettnek \u00e9rezheti mag\u00e1t. A sz\u0151rme s\u0171r\u0171 \u00e9s puha text\u00far\u00e1ja k\u00e9nyelmet \u00e9s v\u00e9delmet ny\u00fajt a hideg ellen, a kab\u00e1t belseje b\u00e9lelt. Ez a kab\u00e1t klipszekkel, zsin\u00f3rral \u00e9s gombbal z\u00e1r\u00f3dik, kiemelve [&hellip;]<\/p>\n","protected":false},"featured_media":90949,"comment_status":"open","ping_status":"closed","template":"","meta":{"_acf_changed":false,"om_disable_all_campaigns":false,"inline_featured_image":false,"_monsterinsights_skip_tracking":false,"_monsterinsights_sitenote_active":false,"_monsterinsights_sitenote_note":"","_monsterinsights_sitenote_category":0},"product_brand":[],"product_cat":[835,766,769,741,770],"product_tag":[],"class_list":{"0":"post-90948","1":"product","2":"type-product","3":"status-publish","4":"has-post-thumbnail","6":"product_cat-2018-2019-kollekcio","7":"product_cat-bundas-kabatok-es-bundas-dzsekik-noknek","8":"product_cat-nerc-szorme","9":"product_cat-nok","10":"product_cat-vidra-bundak-vidra-zsekik","12":"first","13":"instock","14":"taxable","15":"shipping-taxable","16":"purchasable","17":"product-type-variable","18":"has-default-attributes","19":"wvs-archive-product-wrapper"},"acf":{"categorie_feed":""},"aioseo_notices":[],"_links":{"self":[{"href":"https:\/\/aavesa.com\/hu\/wp-json\/wp\/v2\/product\/90948","targetHints":{"allow":["GET"]}}],"collection":[{"href":"https:\/\/aavesa.com\/hu\/wp-json\/wp\/v2\/product"}],"about":[{"href":"https:\/\/aavesa.com\/hu\/wp-json\/wp\/v2\/types\/product"}],"replies":[{"embeddable":true,"href":"https:\/\/aavesa.com\/hu\/wp-json\/wp\/v2\/comments?post=90948"}],"wp:featuredmedia":[{"embeddable":true,"href":"https:\/\/aavesa.com\/hu\/wp-json\/wp\/v2\/media\/90949"}],"wp:attachment":[{"href":"https:\/\/aavesa.com\/hu\/wp-json\/wp\/v2\/media?parent=90948"}],"wp:term":[{"taxonomy":"product_brand","embeddable":true,"href":"https:\/\/aavesa.com\/hu\/wp-json\/wp\/v2\/product_brand?post=90948"},{"taxonomy":"product_cat","embeddable":true,"href":"https:\/\/aavesa.com\/hu\/wp-json\/wp\/v2\/product_cat?post=90948"},{"taxonomy":"product_tag","embeddable":true,"href":"https:\/\/aavesa.com\/hu\/wp-json\/wp\/v2\/product_tag?post=90948"}],"curies":[{"name":"wp","href":"https:\/\/api.w.org\/{rel}","templated":true}]}}