

{"id":90954,"date":"2024-07-26T16:22:27","date_gmt":"2024-07-26T16:22:27","guid":{"rendered":"https:\/\/new.aavesa.com\/produs\/hosszu-nercbunda-hm011\/"},"modified":"2025-11-17T06:30:18","modified_gmt":"2025-11-17T06:30:18","slug":"hosszu-nercbunda-hm011","status":"publish","type":"product","link":"https:\/\/aavesa.com\/hu\/product\/hosszu-nercbunda-hm011\/","title":{"rendered":"Hossz\u00fa nercbunda HM011"},"content":{"rendered":"<p>Ez a n\u0151i kab\u00e1t a legfinomabb nercbund\u00e1b\u00f3l k\u00e9sz\u00fclt, \u00e9s az \u0151szi \u00e9s t\u00e9li ruhat\u00e1rad egyik darabja lehet. K\u00e9nyelmes \u00e9s k\u00f6nnyen viselhet\u0151, ez a hossz\u00fa <a href=\"https:\/\/aavesa.com\/hu\/nok\/vidra-bundak-vidra-zsekik\/\">nercbunda<\/a> bunda a nercbunda text\u00far\u00e1j\u00e1nak k\u00f6sz\u00f6nhet\u0151en k\u00e9nyeztet\u0151 \u00e9rz\u00e9st ny\u00fajt, nagyon kellemes tapint\u00e1s\u00fa \u00e9s j\u00f3 szigetel\u0151 a hideg ellen. A bunda p\u00e1rn\u00e1zott bels\u0151vel rendelkezik, \u00e9s egyszer\u0171en \u00e9s gyorsan z\u00e1r\u00f3dik, diszkr\u00e9t kapcsokkal. A kapucni egy m\u00e1sik elem, amely biztos\u00edtja a hideg sz\u00e9lre oly \u00e9rz\u00e9keny fejter\u00fclet sz\u00e1m\u00e1ra a sz\u00fcks\u00e9ges meleget.   <\/p>\n","protected":false},"excerpt":{"rendered":"<p>Ez a n\u0151i kab\u00e1t a legfinomabb nercbund\u00e1b\u00f3l k\u00e9sz\u00fclt, \u00e9s az \u0151szi \u00e9s t\u00e9li ruhat\u00e1rad egyik darabja lehet. K\u00e9nyelmes \u00e9s k\u00f6nnyen viselhet\u0151, ez a hossz\u00fa nercbunda bunda a nercbunda text\u00far\u00e1j\u00e1nak k\u00f6sz\u00f6nhet\u0151en k\u00e9nyeztet\u0151 \u00e9rz\u00e9st ny\u00fajt, nagyon kellemes tapint\u00e1s\u00fa \u00e9s j\u00f3 szigetel\u0151 a hideg ellen. A bunda p\u00e1rn\u00e1zott bels\u0151vel rendelkezik, \u00e9s egyszer\u0171en \u00e9s gyorsan z\u00e1r\u00f3dik, diszkr\u00e9t kapcsokkal. A [&hellip;]<\/p>\n","protected":false},"featured_media":90955,"comment_status":"open","ping_status":"closed","template":"","meta":{"_acf_changed":false,"om_disable_all_campaigns":false,"inline_featured_image":false,"_monsterinsights_skip_tracking":false,"_monsterinsights_sitenote_active":false,"_monsterinsights_sitenote_note":"","_monsterinsights_sitenote_category":0},"product_brand":[],"product_cat":[835,766,769,741,770],"product_tag":[],"class_list":{"0":"post-90954","1":"product","2":"type-product","3":"status-publish","4":"has-post-thumbnail","6":"product_cat-2018-2019-kollekcio","7":"product_cat-bundas-kabatok-es-bundas-dzsekik-noknek","8":"product_cat-nerc-szorme","9":"product_cat-nok","10":"product_cat-vidra-bundak-vidra-zsekik","12":"first","13":"instock","14":"taxable","15":"shipping-taxable","16":"purchasable","17":"product-type-variable","18":"has-default-attributes","19":"wvs-archive-product-wrapper"},"acf":{"categorie_feed":""},"aioseo_notices":[],"_links":{"self":[{"href":"https:\/\/aavesa.com\/hu\/wp-json\/wp\/v2\/product\/90954","targetHints":{"allow":["GET"]}}],"collection":[{"href":"https:\/\/aavesa.com\/hu\/wp-json\/wp\/v2\/product"}],"about":[{"href":"https:\/\/aavesa.com\/hu\/wp-json\/wp\/v2\/types\/product"}],"replies":[{"embeddable":true,"href":"https:\/\/aavesa.com\/hu\/wp-json\/wp\/v2\/comments?post=90954"}],"wp:featuredmedia":[{"embeddable":true,"href":"https:\/\/aavesa.com\/hu\/wp-json\/wp\/v2\/media\/90955"}],"wp:attachment":[{"href":"https:\/\/aavesa.com\/hu\/wp-json\/wp\/v2\/media?parent=90954"}],"wp:term":[{"taxonomy":"product_brand","embeddable":true,"href":"https:\/\/aavesa.com\/hu\/wp-json\/wp\/v2\/product_brand?post=90954"},{"taxonomy":"product_cat","embeddable":true,"href":"https:\/\/aavesa.com\/hu\/wp-json\/wp\/v2\/product_cat?post=90954"},{"taxonomy":"product_tag","embeddable":true,"href":"https:\/\/aavesa.com\/hu\/wp-json\/wp\/v2\/product_tag?post=90954"}],"curies":[{"name":"wp","href":"https:\/\/api.w.org\/{rel}","templated":true}]}}