

{"id":90965,"date":"2024-07-26T16:22:27","date_gmt":"2024-07-26T16:22:27","guid":{"rendered":"https:\/\/new.aavesa.com\/produs\/hosszu-elegans-nercbunda-hm005\/"},"modified":"2025-11-17T06:30:17","modified_gmt":"2025-11-17T06:30:17","slug":"hosszu-elegans-nercbunda-hm005","status":"publish","type":"product","link":"https:\/\/aavesa.com\/hu\/product\/hosszu-elegans-nercbunda-hm005\/","title":{"rendered":"Hossz\u00fa, eleg\u00e1ns nercbunda HM005"},"content":{"rendered":"<p>Ez az eleg\u00e1ns, hossz\u00fa <a rel=\"nofollow\" href=\"https:\/\/aavesa.com\/hu\/nok\/vidra-bundak-vidra-zsekik\/\">, eleg\u00e1ns nercbunda bunda<\/a> ide\u00e1lis hossz\u00fas\u00e1g\u00fa, hogy melegen tartsa \u00d6nt a leghidegebb \u0151szi vagy t\u00e9li napokon. A sz\u0151rzet nagy s\u0171r\u0171s\u00e9ge \u00e9s a bels\u0151 b\u00e9l\u00e9s komfortot \u00e9s meleget biztos\u00edt, \u00edgy mindig v\u00e9dettnek \u00e9s k\u00e9nyeztetve \u00e9rzi mag\u00e1t, ha ezt a kab\u00e1tot viseli. A lez\u00e1r\u00e1s diszkr\u00e9t kapcsokkal \u00e9s a kab\u00e1t sz\u00edn\u00e9hez hasonl\u00f3 sz\u00edn\u0171 zsin\u00f3rral t\u00f6rt\u00e9nik, \u00edgy alkalmas a mindennapi viseletre. A kab\u00e1t sz\u00edne k\u00f6nnyen \u00f6sszeilleszthet\u0151, \u00e9s eleg\u00e1nsnak \u00e9s n\u0151iesnek k\u00fcl\u00f6nb\u00f6zteti meg mag\u00e1t. <\/p>\n","protected":false},"excerpt":{"rendered":"<p>Ez az eleg\u00e1ns, hossz\u00fa , eleg\u00e1ns nercbunda bunda ide\u00e1lis hossz\u00fas\u00e1g\u00fa, hogy melegen tartsa \u00d6nt a leghidegebb \u0151szi vagy t\u00e9li napokon. A sz\u0151rzet nagy s\u0171r\u0171s\u00e9ge \u00e9s a bels\u0151 b\u00e9l\u00e9s komfortot \u00e9s meleget biztos\u00edt, \u00edgy mindig v\u00e9dettnek \u00e9s k\u00e9nyeztetve \u00e9rzi mag\u00e1t, ha ezt a kab\u00e1tot viseli. A lez\u00e1r\u00e1s diszkr\u00e9t kapcsokkal \u00e9s a kab\u00e1t sz\u00edn\u00e9hez hasonl\u00f3 sz\u00edn\u0171 zsin\u00f3rral [&hellip;]<\/p>\n","protected":false},"featured_media":90966,"comment_status":"open","ping_status":"closed","template":"","meta":{"_acf_changed":false,"om_disable_all_campaigns":false,"inline_featured_image":false,"_monsterinsights_skip_tracking":false,"_monsterinsights_sitenote_active":false,"_monsterinsights_sitenote_note":"","_monsterinsights_sitenote_category":0},"product_brand":[],"product_cat":[835,766,769,741,770],"product_tag":[],"class_list":{"0":"post-90965","1":"product","2":"type-product","3":"status-publish","4":"has-post-thumbnail","6":"product_cat-2018-2019-kollekcio","7":"product_cat-bundas-kabatok-es-bundas-dzsekik-noknek","8":"product_cat-nerc-szorme","9":"product_cat-nok","10":"product_cat-vidra-bundak-vidra-zsekik","12":"first","13":"instock","14":"taxable","15":"shipping-taxable","16":"purchasable","17":"product-type-variable","18":"has-default-attributes","19":"wvs-archive-product-wrapper"},"acf":{"categorie_feed":""},"aioseo_notices":[],"_links":{"self":[{"href":"https:\/\/aavesa.com\/hu\/wp-json\/wp\/v2\/product\/90965","targetHints":{"allow":["GET"]}}],"collection":[{"href":"https:\/\/aavesa.com\/hu\/wp-json\/wp\/v2\/product"}],"about":[{"href":"https:\/\/aavesa.com\/hu\/wp-json\/wp\/v2\/types\/product"}],"replies":[{"embeddable":true,"href":"https:\/\/aavesa.com\/hu\/wp-json\/wp\/v2\/comments?post=90965"}],"wp:featuredmedia":[{"embeddable":true,"href":"https:\/\/aavesa.com\/hu\/wp-json\/wp\/v2\/media\/90966"}],"wp:attachment":[{"href":"https:\/\/aavesa.com\/hu\/wp-json\/wp\/v2\/media?parent=90965"}],"wp:term":[{"taxonomy":"product_brand","embeddable":true,"href":"https:\/\/aavesa.com\/hu\/wp-json\/wp\/v2\/product_brand?post=90965"},{"taxonomy":"product_cat","embeddable":true,"href":"https:\/\/aavesa.com\/hu\/wp-json\/wp\/v2\/product_cat?post=90965"},{"taxonomy":"product_tag","embeddable":true,"href":"https:\/\/aavesa.com\/hu\/wp-json\/wp\/v2\/product_tag?post=90965"}],"curies":[{"name":"wp","href":"https:\/\/api.w.org\/{rel}","templated":true}]}}