

{"id":90971,"date":"2024-07-26T16:22:27","date_gmt":"2024-07-26T16:22:27","guid":{"rendered":"https:\/\/new.aavesa.com\/produs\/elegans-nercbunda-hm007\/"},"modified":"2025-11-17T06:30:16","modified_gmt":"2025-11-17T06:30:16","slug":"elegans-nercbunda-hm007","status":"publish","type":"product","link":"https:\/\/aavesa.com\/hu\/product\/elegans-nercbunda-hm007\/","title":{"rendered":"Eleg\u00e1ns nercbunda HM007"},"content":{"rendered":"<p>Az eleg\u00e1ns <a href=\"https:\/\/aavesa.com\/hu\/nok\/vidra-bundak-vidra-zsekik\/\">nercbunda<\/a> k\u00f6ztudottan az egyik legjobb v\u00e1laszt\u00e1s a vastag t\u00e9li ruh\u00e1k k\u00e9sz\u00edt\u00e9s\u00e9hez, amelyek megadhatj\u00e1k nek\u00fcnk a k\u00e9nyelmet \u00e9s a meleget, amelyre annyira sz\u00fcks\u00e9g\u00fcnk van. Ez a nercbunda bunda hossz\u00fa t\u00e1v\u00fa beszerz\u00e9s, mivel nagyon sokoldal\u00fa \u00e9s k\u00f6nny\u0171. S\u00f6t\u00e9t sz\u00edne alkalmass\u00e1 teszi arra, hogy k\u00f6nnyen \u00f6ssze\u00e1ll\u00edthat\u00f3 legyen b\u00e1rmilyen \u00f6lt\u00f6z\u00e9khez. A bunda zsin\u00f3rral \u00e9s klipszekkel z\u00e1r\u00f3dik, amelyek el vannak rejtve a szem el\u0151l. Ennek a ruhadarabnak a kapucnija m\u00e9g mindig egy olyan elem, amely laza megjelen\u00e9st k\u00f6lcs\u00f6n\u00f6z neki, amely alkalmas a mindennapi viseletre.    <\/p>\n","protected":false},"excerpt":{"rendered":"<p>Az eleg\u00e1ns nercbunda k\u00f6ztudottan az egyik legjobb v\u00e1laszt\u00e1s a vastag t\u00e9li ruh\u00e1k k\u00e9sz\u00edt\u00e9s\u00e9hez, amelyek megadhatj\u00e1k nek\u00fcnk a k\u00e9nyelmet \u00e9s a meleget, amelyre annyira sz\u00fcks\u00e9g\u00fcnk van. Ez a nercbunda bunda hossz\u00fa t\u00e1v\u00fa beszerz\u00e9s, mivel nagyon sokoldal\u00fa \u00e9s k\u00f6nny\u0171. S\u00f6t\u00e9t sz\u00edne alkalmass\u00e1 teszi arra, hogy k\u00f6nnyen \u00f6ssze\u00e1ll\u00edthat\u00f3 legyen b\u00e1rmilyen \u00f6lt\u00f6z\u00e9khez. A bunda zsin\u00f3rral \u00e9s klipszekkel z\u00e1r\u00f3dik, amelyek [&hellip;]<\/p>\n","protected":false},"featured_media":90972,"comment_status":"open","ping_status":"closed","template":"","meta":{"_acf_changed":false,"om_disable_all_campaigns":false,"inline_featured_image":false,"_monsterinsights_skip_tracking":false,"_monsterinsights_sitenote_active":false,"_monsterinsights_sitenote_note":"","_monsterinsights_sitenote_category":0},"product_brand":[],"product_cat":[835,766,769,741,770],"product_tag":[],"class_list":{"0":"post-90971","1":"product","2":"type-product","3":"status-publish","4":"has-post-thumbnail","6":"product_cat-2018-2019-kollekcio","7":"product_cat-bundas-kabatok-es-bundas-dzsekik-noknek","8":"product_cat-nerc-szorme","9":"product_cat-nok","10":"product_cat-vidra-bundak-vidra-zsekik","12":"first","13":"instock","14":"taxable","15":"shipping-taxable","16":"purchasable","17":"product-type-variable","18":"has-default-attributes","19":"wvs-archive-product-wrapper"},"acf":{"categorie_feed":""},"aioseo_notices":[],"_links":{"self":[{"href":"https:\/\/aavesa.com\/hu\/wp-json\/wp\/v2\/product\/90971","targetHints":{"allow":["GET"]}}],"collection":[{"href":"https:\/\/aavesa.com\/hu\/wp-json\/wp\/v2\/product"}],"about":[{"href":"https:\/\/aavesa.com\/hu\/wp-json\/wp\/v2\/types\/product"}],"replies":[{"embeddable":true,"href":"https:\/\/aavesa.com\/hu\/wp-json\/wp\/v2\/comments?post=90971"}],"wp:featuredmedia":[{"embeddable":true,"href":"https:\/\/aavesa.com\/hu\/wp-json\/wp\/v2\/media\/90972"}],"wp:attachment":[{"href":"https:\/\/aavesa.com\/hu\/wp-json\/wp\/v2\/media?parent=90971"}],"wp:term":[{"taxonomy":"product_brand","embeddable":true,"href":"https:\/\/aavesa.com\/hu\/wp-json\/wp\/v2\/product_brand?post=90971"},{"taxonomy":"product_cat","embeddable":true,"href":"https:\/\/aavesa.com\/hu\/wp-json\/wp\/v2\/product_cat?post=90971"},{"taxonomy":"product_tag","embeddable":true,"href":"https:\/\/aavesa.com\/hu\/wp-json\/wp\/v2\/product_tag?post=90971"}],"curies":[{"name":"wp","href":"https:\/\/api.w.org\/{rel}","templated":true}]}}