

{"id":90987,"date":"2024-07-26T16:33:46","date_gmt":"2024-07-26T16:33:46","guid":{"rendered":"https:\/\/new.aavesa.com\/produs\/bor-es-sarki-roka-bunda-1034\/"},"modified":"2025-11-17T06:27:11","modified_gmt":"2025-11-17T06:27:11","slug":"bor-es-sarki-roka-bunda-1034","status":"publish","type":"product","link":"https:\/\/aavesa.com\/hu\/product\/bor-es-sarki-roka-bunda-1034\/","title":{"rendered":"B\u0151r \u00e9s sarki r\u00f3ka bunda 1034"},"content":{"rendered":"<p>Ez a val\u00f3di b\u0151rb\u0151l \u00e9s sarki r\u00f3ka sz\u0151rm\u00e9b\u0151l k\u00e9sz\u00fclt kab\u00e1t a felhaszn\u00e1lt anyagok min\u0151s\u00e9ge \u00e9s az eredeti szab\u00e1s r\u00e9v\u00e9n emelkedik ki. A kinti hideg id\u0151j\u00e1r\u00e1s m\u00e1r nem ad okot aggodalomra, \u00e9s az \u0151sz vagy a t\u00e9l m\u00e1r nem az az \u00e9vszak, amikor a k\u00e9nyelem \u00e9rdek\u00e9ben kompromisszumot kell k\u00f6tn\u00fcnk az elegancia ter\u00e9n. A val\u00f3di b\u0151r tart\u00f3s anyag, kifog\u00e1stalan megjelen\u00e9ssel, amely b\u00e1rmilyen megjelen\u00e9st feldob. A kab\u00e1t gall\u00e9rj\u00e1t \u00e9s mandzsett\u00e1it a term\u00e9szetes sarki r\u00f3ka sz\u0151rme gazdag text\u00far\u00e1ja emeli ki. A <g id=\"gid_0\">b\u0151rb\u0151l \u00e9s sarki r\u00f3kabund\u00e1b\u00f3l k\u00e9sz\u00fclt kab\u00e1t<\/g> barna sz\u00ednben kaphat\u00f3. Modell\u00fcnk 176 cm magas, 36-os m\u00e9retet visel, a term\u00e9k hossza pedig 110 cm.    <\/p>\n","protected":false},"excerpt":{"rendered":"<p>Ez a val\u00f3di b\u0151rb\u0151l \u00e9s sarki r\u00f3ka sz\u0151rm\u00e9b\u0151l k\u00e9sz\u00fclt kab\u00e1t a felhaszn\u00e1lt anyagok min\u0151s\u00e9ge \u00e9s az eredeti szab\u00e1s r\u00e9v\u00e9n emelkedik ki. A kinti hideg id\u0151j\u00e1r\u00e1s m\u00e1r nem ad okot aggodalomra, \u00e9s az \u0151sz vagy a t\u00e9l m\u00e1r nem az az \u00e9vszak, amikor a k\u00e9nyelem \u00e9rdek\u00e9ben kompromisszumot kell k\u00f6tn\u00fcnk az elegancia ter\u00e9n. A val\u00f3di b\u0151r tart\u00f3s [&hellip;]<\/p>\n","protected":false},"featured_media":90988,"comment_status":"closed","ping_status":"closed","template":"","meta":{"_acf_changed":false,"om_disable_all_campaigns":false,"inline_featured_image":false,"_monsterinsights_skip_tracking":false,"_monsterinsights_sitenote_active":false,"_monsterinsights_sitenote_note":"","_monsterinsights_sitenote_category":0},"product_brand":[],"product_cat":[833,883,741,765,916],"product_tag":[],"class_list":{"0":"post-90987","1":"product","2":"type-product","3":"status-publish","4":"has-post-thumbnail","6":"product_cat-2022-2023-as-kollekcio","7":"product_cat-borkabatok-es-borkabatok","8":"product_cat-nok","9":"product_cat-roka-szorme","10":"product_cat-valodi-bor-termekek-tavaszra-es-oszre-kabatok-nadragok-kabatok-szoknyak-es-loveszkabatok-kabatok-nadragok-kabatok-szoknyak-es-loveszkabatok","12":"first","13":"instock","14":"taxable","15":"shipping-taxable","16":"purchasable","17":"product-type-variable","18":"has-default-attributes","19":"wvs-archive-product-wrapper"},"acf":{"categorie_feed":""},"aioseo_notices":[],"_links":{"self":[{"href":"https:\/\/aavesa.com\/hu\/wp-json\/wp\/v2\/product\/90987","targetHints":{"allow":["GET"]}}],"collection":[{"href":"https:\/\/aavesa.com\/hu\/wp-json\/wp\/v2\/product"}],"about":[{"href":"https:\/\/aavesa.com\/hu\/wp-json\/wp\/v2\/types\/product"}],"replies":[{"embeddable":true,"href":"https:\/\/aavesa.com\/hu\/wp-json\/wp\/v2\/comments?post=90987"}],"wp:featuredmedia":[{"embeddable":true,"href":"https:\/\/aavesa.com\/hu\/wp-json\/wp\/v2\/media\/90988"}],"wp:attachment":[{"href":"https:\/\/aavesa.com\/hu\/wp-json\/wp\/v2\/media?parent=90987"}],"wp:term":[{"taxonomy":"product_brand","embeddable":true,"href":"https:\/\/aavesa.com\/hu\/wp-json\/wp\/v2\/product_brand?post=90987"},{"taxonomy":"product_cat","embeddable":true,"href":"https:\/\/aavesa.com\/hu\/wp-json\/wp\/v2\/product_cat?post=90987"},{"taxonomy":"product_tag","embeddable":true,"href":"https:\/\/aavesa.com\/hu\/wp-json\/wp\/v2\/product_tag?post=90987"}],"curies":[{"name":"wp","href":"https:\/\/api.w.org\/{rel}","templated":true}]}}