

{"id":90992,"date":"2024-07-26T16:22:27","date_gmt":"2024-07-26T16:22:27","guid":{"rendered":"https:\/\/new.aavesa.com\/produs\/kifordithato-rex-nyulbunda-ha027\/"},"modified":"2025-11-17T06:30:11","modified_gmt":"2025-11-17T06:30:11","slug":"kifordithato-rex-nyulbunda-ha027","status":"publish","type":"product","link":"https:\/\/aavesa.com\/hu\/product\/kifordithato-rex-nyulbunda-ha027\/","title":{"rendered":"Kiford\u00edthat\u00f3 rex ny\u00falbunda HA027"},"content":{"rendered":"<p>Ez a term\u00e9szetes rex ny\u00falbunda egy k\u00fcl\u00f6nleges ruhadarab, amely egyszerre k\u00f6nny\u0171 \u00e9s eleg\u00e1ns. A term\u00e9szetes rex ny\u00falsz\u0151rme cs\u00edkos text\u00far\u00e1ja \u00e9s sz\u00edne figyelemre m\u00e9lt\u00f3, ami kiemeli a kab\u00e1t exkluzivit\u00e1s\u00e1t. Meleg \u00e9s nagyon praktikus, ez a sz\u0151rmebunda megford\u00edthat\u00f3, \u00e9s k\u00e9tf\u00e9lek\u00e9ppen viselhet\u0151. \u00cdgy megv\u00e1s\u00e1rl\u00e1sa mindenk\u00e9ppen befektet\u00e9s, mert ez a sz\u0151rmebunda eredeti m\u00f3don k\u00e9pes lesz a megjelen\u00e9sek sokas\u00e1g\u00e1t kit\u00f6lteni. Ez a bunda zsin\u00f3rral \u00e9s kapcsos gombokkal z\u00e1r\u00f3dik. A kab\u00e1t k\u00e9t zsebe megv\u00e9di a kez\u00e9t az alacsony h\u0151m\u00e9rs\u00e9klett\u0151l.     <\/p>\n","protected":false},"excerpt":{"rendered":"<p>Ez a term\u00e9szetes rex ny\u00falbunda egy k\u00fcl\u00f6nleges ruhadarab, amely egyszerre k\u00f6nny\u0171 \u00e9s eleg\u00e1ns. A term\u00e9szetes rex ny\u00falsz\u0151rme cs\u00edkos text\u00far\u00e1ja \u00e9s sz\u00edne figyelemre m\u00e9lt\u00f3, ami kiemeli a kab\u00e1t exkluzivit\u00e1s\u00e1t. Meleg \u00e9s nagyon praktikus, ez a sz\u0151rmebunda megford\u00edthat\u00f3, \u00e9s k\u00e9tf\u00e9lek\u00e9ppen viselhet\u0151. \u00cdgy megv\u00e1s\u00e1rl\u00e1sa mindenk\u00e9ppen befektet\u00e9s, mert ez a sz\u0151rmebunda eredeti m\u00f3don k\u00e9pes lesz a megjelen\u00e9sek sokas\u00e1g\u00e1t kit\u00f6lteni. [&hellip;]<\/p>\n","protected":false},"featured_media":90994,"comment_status":"open","ping_status":"closed","template":"","meta":{"_acf_changed":false,"om_disable_all_campaigns":false,"inline_featured_image":false,"_monsterinsights_skip_tracking":false,"_monsterinsights_sitenote_active":false,"_monsterinsights_sitenote_note":"","_monsterinsights_sitenote_category":0},"product_brand":[],"product_cat":[835,766,741,770],"product_tag":[],"class_list":{"0":"post-90992","1":"product","2":"type-product","3":"status-publish","4":"has-post-thumbnail","6":"product_cat-2018-2019-kollekcio","7":"product_cat-bundas-kabatok-es-bundas-dzsekik-noknek","8":"product_cat-nok","9":"product_cat-vidra-bundak-vidra-zsekik","11":"first","12":"outofstock","13":"taxable","14":"shipping-taxable","15":"product-type-variable","16":"has-default-attributes","17":"wvs-archive-product-wrapper"},"acf":{"categorie_feed":""},"aioseo_notices":[],"_links":{"self":[{"href":"https:\/\/aavesa.com\/hu\/wp-json\/wp\/v2\/product\/90992","targetHints":{"allow":["GET"]}}],"collection":[{"href":"https:\/\/aavesa.com\/hu\/wp-json\/wp\/v2\/product"}],"about":[{"href":"https:\/\/aavesa.com\/hu\/wp-json\/wp\/v2\/types\/product"}],"replies":[{"embeddable":true,"href":"https:\/\/aavesa.com\/hu\/wp-json\/wp\/v2\/comments?post=90992"}],"wp:featuredmedia":[{"embeddable":true,"href":"https:\/\/aavesa.com\/hu\/wp-json\/wp\/v2\/media\/90994"}],"wp:attachment":[{"href":"https:\/\/aavesa.com\/hu\/wp-json\/wp\/v2\/media?parent=90992"}],"wp:term":[{"taxonomy":"product_brand","embeddable":true,"href":"https:\/\/aavesa.com\/hu\/wp-json\/wp\/v2\/product_brand?post=90992"},{"taxonomy":"product_cat","embeddable":true,"href":"https:\/\/aavesa.com\/hu\/wp-json\/wp\/v2\/product_cat?post=90992"},{"taxonomy":"product_tag","embeddable":true,"href":"https:\/\/aavesa.com\/hu\/wp-json\/wp\/v2\/product_tag?post=90992"}],"curies":[{"name":"wp","href":"https:\/\/api.w.org\/{rel}","templated":true}]}}