

{"id":91000,"date":"2024-07-26T16:22:27","date_gmt":"2024-07-26T16:22:27","guid":{"rendered":"https:\/\/new.aavesa.com\/produs\/elefantcsont-nercbunda-ha010\/"},"modified":"2025-11-17T06:30:10","modified_gmt":"2025-11-17T06:30:10","slug":"elefantcsont-nercbunda-ha010","status":"publish","type":"product","link":"https:\/\/aavesa.com\/hu\/product\/elefantcsont-nercbunda-ha010\/","title":{"rendered":"Elef\u00e1ntcsont nercbunda HA010"},"content":{"rendered":"<p>A term\u00e9szetes sz\u0151rmebunda exkluz\u00edv ruhadarab, m\u00e9g ink\u00e1bb, ha a sz\u00edne elef\u00e1ntcsont. Ez a feh\u00e9r nercbunda egy eleg\u00e1ns bunda, amely elk\u00e9nyeztetett\u00e9 teszi \u00d6nt. A bunda hossza is alkalmass\u00e1 teszi a ruh\u00e1khoz vagy a menyasszonyi megjelen\u00e9s sikeres kit\u00f6lt\u00e9s\u00e9re. Ez a kab\u00e1t egy t\u00falm\u00e9retezett \u00e9s st\u00edlusos gombbal z\u00e1r\u00f3dik, amely kiemeli a nyakkiv\u00e1g\u00e1st. A kab\u00e1t egyenes szab\u00e1s\u00fa, ami minden sziluettnek el\u0151ny\u00f6s. Belseje b\u00e9lelt, \u00e9s ennek a kab\u00e1tnak a z\u00e1r\u00e1s\u00e1t a szem el\u0151l elrejtett kapcsok biztos\u00edtj\u00e1k.     <\/p>\n","protected":false},"excerpt":{"rendered":"<p>A term\u00e9szetes sz\u0151rmebunda exkluz\u00edv ruhadarab, m\u00e9g ink\u00e1bb, ha a sz\u00edne elef\u00e1ntcsont. Ez a feh\u00e9r nercbunda egy eleg\u00e1ns bunda, amely elk\u00e9nyeztetett\u00e9 teszi \u00d6nt. A bunda hossza is alkalmass\u00e1 teszi a ruh\u00e1khoz vagy a menyasszonyi megjelen\u00e9s sikeres kit\u00f6lt\u00e9s\u00e9re. Ez a kab\u00e1t egy t\u00falm\u00e9retezett \u00e9s st\u00edlusos gombbal z\u00e1r\u00f3dik, amely kiemeli a nyakkiv\u00e1g\u00e1st. A kab\u00e1t egyenes szab\u00e1s\u00fa, ami minden [&hellip;]<\/p>\n","protected":false},"featured_media":91002,"comment_status":"open","ping_status":"closed","template":"","meta":{"_acf_changed":false,"om_disable_all_campaigns":false,"inline_featured_image":false,"_monsterinsights_skip_tracking":false,"_monsterinsights_sitenote_active":false,"_monsterinsights_sitenote_note":"","_monsterinsights_sitenote_category":0},"product_brand":[],"product_cat":[835,766,769,741,770],"product_tag":[],"class_list":{"0":"post-91000","1":"product","2":"type-product","3":"status-publish","4":"has-post-thumbnail","6":"product_cat-2018-2019-kollekcio","7":"product_cat-bundas-kabatok-es-bundas-dzsekik-noknek","8":"product_cat-nerc-szorme","9":"product_cat-nok","10":"product_cat-vidra-bundak-vidra-zsekik","12":"first","13":"outofstock","14":"taxable","15":"shipping-taxable","16":"product-type-variable","17":"has-default-attributes","18":"wvs-archive-product-wrapper"},"acf":{"categorie_feed":""},"aioseo_notices":[],"_links":{"self":[{"href":"https:\/\/aavesa.com\/hu\/wp-json\/wp\/v2\/product\/91000","targetHints":{"allow":["GET"]}}],"collection":[{"href":"https:\/\/aavesa.com\/hu\/wp-json\/wp\/v2\/product"}],"about":[{"href":"https:\/\/aavesa.com\/hu\/wp-json\/wp\/v2\/types\/product"}],"replies":[{"embeddable":true,"href":"https:\/\/aavesa.com\/hu\/wp-json\/wp\/v2\/comments?post=91000"}],"wp:featuredmedia":[{"embeddable":true,"href":"https:\/\/aavesa.com\/hu\/wp-json\/wp\/v2\/media\/91002"}],"wp:attachment":[{"href":"https:\/\/aavesa.com\/hu\/wp-json\/wp\/v2\/media?parent=91000"}],"wp:term":[{"taxonomy":"product_brand","embeddable":true,"href":"https:\/\/aavesa.com\/hu\/wp-json\/wp\/v2\/product_brand?post=91000"},{"taxonomy":"product_cat","embeddable":true,"href":"https:\/\/aavesa.com\/hu\/wp-json\/wp\/v2\/product_cat?post=91000"},{"taxonomy":"product_tag","embeddable":true,"href":"https:\/\/aavesa.com\/hu\/wp-json\/wp\/v2\/product_tag?post=91000"}],"curies":[{"name":"wp","href":"https:\/\/api.w.org\/{rel}","templated":true}]}}