

{"id":91011,"date":"2024-07-26T16:33:46","date_gmt":"2024-07-26T16:33:46","guid":{"rendered":"https:\/\/new.aavesa.com\/produs\/ezust-sarki-roka-szorme-kopeny-619\/"},"modified":"2025-11-17T06:27:11","modified_gmt":"2025-11-17T06:27:11","slug":"ezust-sarki-roka-szorme-kopeny-619","status":"publish","type":"product","link":"https:\/\/aavesa.com\/hu\/product\/ezust-sarki-roka-szorme-kopeny-619\/","title":{"rendered":"Ez\u00fcst sarki r\u00f3ka sz\u0151rme k\u00f6peny 619"},"content":{"rendered":"<p><a rel=\"nofollow\" href=\"https:\/\/aavesa.com\/hu\/nok\/bundas-salak-es-bundas-kopenyek\/\">Az ez\u00fcst sarki r\u00f3ka sz\u0151rme k\u00f6peny<\/a> st\u00edlusos \u00e9s meleg ruhadarab, amely b\u00e1rmilyen \u0151szi vagy t\u00e9li ruh\u00e1t k\u00f6nnyed\u00e9n kiemel. A term\u00e9szetes sz\u0151rzet k\u00fcl\u00f6nleges text\u00far\u00e1ja puh\u00e1v\u00e1 \u00e9s nagyon kellemes tapint\u00e1s\u00fav\u00e1 teszi ezt a k\u00f6penyt. Laza szab\u00e1sa lehet\u0151v\u00e9 teszi, hogy k\u00f6nnyed\u00e9n viselje bl\u00fazok \u00e9s ingek f\u00f6l\u00f6tt, vagy ak\u00e1r egy vastagabb pul\u00f3ver f\u00f6l\u00f6tt is. Kifinomult \u00e9s nagyon k\u00e9nyelmes, ez a sarki r\u00f3ka sz\u0151rme k\u00f6peny a megfelel\u0151 v\u00e1laszt\u00e1s azokra a napokra, amikor igaz\u00e1n k\u00e9nyeztetve szeretn\u00e9 \u00e9rezni mag\u00e1t. Modell\u00fcnk 176 cm magas, 36-os m\u00e9retet visel, a term\u00e9k hossza 57 cm.   <\/p>\n","protected":false},"excerpt":{"rendered":"<p>Az ez\u00fcst sarki r\u00f3ka sz\u0151rme k\u00f6peny st\u00edlusos \u00e9s meleg ruhadarab, amely b\u00e1rmilyen \u0151szi vagy t\u00e9li ruh\u00e1t k\u00f6nnyed\u00e9n kiemel. A term\u00e9szetes sz\u0151rzet k\u00fcl\u00f6nleges text\u00far\u00e1ja puh\u00e1v\u00e1 \u00e9s nagyon kellemes tapint\u00e1s\u00fav\u00e1 teszi ezt a k\u00f6penyt. Laza szab\u00e1sa lehet\u0151v\u00e9 teszi, hogy k\u00f6nnyed\u00e9n viselje bl\u00fazok \u00e9s ingek f\u00f6l\u00f6tt, vagy ak\u00e1r egy vastagabb pul\u00f3ver f\u00f6l\u00f6tt is. Kifinomult \u00e9s nagyon k\u00e9nyelmes, ez [&hellip;]<\/p>\n","protected":false},"featured_media":91012,"comment_status":"closed","ping_status":"closed","template":"","meta":{"_acf_changed":false,"om_disable_all_campaigns":false,"inline_featured_image":false,"_monsterinsights_skip_tracking":false,"_monsterinsights_sitenote_active":false,"_monsterinsights_sitenote_note":"","_monsterinsights_sitenote_category":0},"product_brand":[],"product_cat":[833,792,741,765],"product_tag":[],"class_list":{"0":"post-91011","1":"product","2":"type-product","3":"status-publish","4":"has-post-thumbnail","6":"product_cat-2022-2023-as-kollekcio","7":"product_cat-bundas-salak-es-bundas-kopenyek","8":"product_cat-nok","9":"product_cat-roka-szorme","11":"first","12":"instock","13":"taxable","14":"shipping-taxable","15":"purchasable","16":"product-type-variable","17":"has-default-attributes","18":"wvs-archive-product-wrapper"},"acf":{"categorie_feed":""},"aioseo_notices":[],"_links":{"self":[{"href":"https:\/\/aavesa.com\/hu\/wp-json\/wp\/v2\/product\/91011","targetHints":{"allow":["GET"]}}],"collection":[{"href":"https:\/\/aavesa.com\/hu\/wp-json\/wp\/v2\/product"}],"about":[{"href":"https:\/\/aavesa.com\/hu\/wp-json\/wp\/v2\/types\/product"}],"replies":[{"embeddable":true,"href":"https:\/\/aavesa.com\/hu\/wp-json\/wp\/v2\/comments?post=91011"}],"wp:featuredmedia":[{"embeddable":true,"href":"https:\/\/aavesa.com\/hu\/wp-json\/wp\/v2\/media\/91012"}],"wp:attachment":[{"href":"https:\/\/aavesa.com\/hu\/wp-json\/wp\/v2\/media?parent=91011"}],"wp:term":[{"taxonomy":"product_brand","embeddable":true,"href":"https:\/\/aavesa.com\/hu\/wp-json\/wp\/v2\/product_brand?post=91011"},{"taxonomy":"product_cat","embeddable":true,"href":"https:\/\/aavesa.com\/hu\/wp-json\/wp\/v2\/product_cat?post=91011"},{"taxonomy":"product_tag","embeddable":true,"href":"https:\/\/aavesa.com\/hu\/wp-json\/wp\/v2\/product_tag?post=91011"}],"curies":[{"name":"wp","href":"https:\/\/api.w.org\/{rel}","templated":true}]}}