

{"id":91020,"date":"2024-07-26T16:22:48","date_gmt":"2024-07-26T16:22:48","guid":{"rendered":"https:\/\/new.aavesa.com\/produs\/hosszu-asztrakhani-kabat-279\/"},"modified":"2026-04-13T09:17:28","modified_gmt":"2026-04-13T11:17:28","slug":"hosszu-asztrakhani-kabat-279","status":"publish","type":"product","link":"https:\/\/aavesa.com\/hu\/product\/hosszu-asztrakhani-kabat-279\/","title":{"rendered":"Hossz\u00fa asztrakhani kab\u00e1t 279"},"content":{"rendered":"<p>Az asztrak\u00e1n puha \u00e9s meleg term\u00e9szetes anyag, amelyet a legkor\u00e1bbi id\u0151k \u00f3ta haszn\u00e1lnak \u0151szi \u00e9s t\u00e9li ruh\u00e1zat k\u00e9sz\u00edt\u00e9s\u00e9re. Ez a hossz\u00fa asztrak\u00e1n kab\u00e1t st\u00edlusos \u00e9s modern ruhadarab, amely alkalmas k\u00fcl\u00f6nb\u00f6z\u0151 \u00f6lt\u00f6z\u00e9kek kieg\u00e9sz\u00edt\u00e9s\u00e9re. A kab\u00e1t belseje b\u00e9lelt, \u00edgy mindig k\u00e9nyelmesen fogja \u00e9rezni mag\u00e1t ebben a kab\u00e1tban. A lez\u00e1r\u00e1s diszkr\u00e9t zsin\u00f3rral \u00e9s m\u00e1gnessel t\u00f6rt\u00e9nik, a kab\u00e1t nagyon praktikus \u00e9s k\u00f6nnyen viselhet\u0151. Ennek a ruhadarabnak a szab\u00e1sa kiemeli a sziluettj\u00e9t, \u00e9s n\u0151ies \u00e9s el\u0151kel\u0151 megjelen\u00e9st k\u00f6lcs\u00f6n\u00f6z \u00d6nnek.    <\/p>\n","protected":false},"excerpt":{"rendered":"<p>Az asztrak\u00e1n puha \u00e9s meleg term\u00e9szetes anyag, amelyet a legkor\u00e1bbi id\u0151k \u00f3ta haszn\u00e1lnak \u0151szi \u00e9s t\u00e9li ruh\u00e1zat k\u00e9sz\u00edt\u00e9s\u00e9re. Ez a hossz\u00fa asztrak\u00e1n kab\u00e1t st\u00edlusos \u00e9s modern ruhadarab, amely alkalmas k\u00fcl\u00f6nb\u00f6z\u0151 \u00f6lt\u00f6z\u00e9kek kieg\u00e9sz\u00edt\u00e9s\u00e9re. A kab\u00e1t belseje b\u00e9lelt, \u00edgy mindig k\u00e9nyelmesen fogja \u00e9rezni mag\u00e1t ebben a kab\u00e1tban. A lez\u00e1r\u00e1s diszkr\u00e9t zsin\u00f3rral \u00e9s m\u00e1gnessel t\u00f6rt\u00e9nik, a kab\u00e1t nagyon [&hellip;]<\/p>\n","protected":false},"featured_media":91023,"comment_status":"open","ping_status":"closed","template":"","meta":{"_acf_changed":false,"om_disable_all_campaigns":false,"inline_featured_image":false,"_monsterinsights_skip_tracking":false,"_monsterinsights_sitenote_active":false,"_monsterinsights_sitenote_note":"","_monsterinsights_sitenote_category":0},"product_brand":[],"product_cat":[835,784,778,766,779,741],"product_tag":[],"class_list":{"0":"post-91020","1":"product","2":"type-product","3":"status-publish","4":"has-post-thumbnail","6":"product_cat-2018-2019-kollekcio","7":"product_cat-baranybor","8":"product_cat-baranybor-kabatok-hu","9":"product_cat-bundas-kabatok-es-bundas-dzsekik-noknek","10":"product_cat-noi-shearling-kabatok","11":"product_cat-nok","13":"first","14":"instock","15":"taxable","16":"shipping-taxable","17":"purchasable","18":"product-type-variable","19":"has-default-attributes","20":"wvs-archive-product-wrapper"},"acf":{"categorie_feed":""},"aioseo_notices":[],"_links":{"self":[{"href":"https:\/\/aavesa.com\/hu\/wp-json\/wp\/v2\/product\/91020","targetHints":{"allow":["GET"]}}],"collection":[{"href":"https:\/\/aavesa.com\/hu\/wp-json\/wp\/v2\/product"}],"about":[{"href":"https:\/\/aavesa.com\/hu\/wp-json\/wp\/v2\/types\/product"}],"replies":[{"embeddable":true,"href":"https:\/\/aavesa.com\/hu\/wp-json\/wp\/v2\/comments?post=91020"}],"wp:featuredmedia":[{"embeddable":true,"href":"https:\/\/aavesa.com\/hu\/wp-json\/wp\/v2\/media\/91023"}],"wp:attachment":[{"href":"https:\/\/aavesa.com\/hu\/wp-json\/wp\/v2\/media?parent=91020"}],"wp:term":[{"taxonomy":"product_brand","embeddable":true,"href":"https:\/\/aavesa.com\/hu\/wp-json\/wp\/v2\/product_brand?post=91020"},{"taxonomy":"product_cat","embeddable":true,"href":"https:\/\/aavesa.com\/hu\/wp-json\/wp\/v2\/product_cat?post=91020"},{"taxonomy":"product_tag","embeddable":true,"href":"https:\/\/aavesa.com\/hu\/wp-json\/wp\/v2\/product_tag?post=91020"}],"curies":[{"name":"wp","href":"https:\/\/api.w.org\/{rel}","templated":true}]}}