

{"id":91031,"date":"2024-07-26T16:33:45","date_gmt":"2024-07-26T16:33:45","guid":{"rendered":"https:\/\/new.aavesa.com\/produs\/kapucnis-baranybor-kabat-384-2\/"},"modified":"2026-04-10T15:07:53","modified_gmt":"2026-04-10T17:07:53","slug":"kapucnis-baranybor-kabat-384-2","status":"publish","type":"product","link":"https:\/\/aavesa.com\/hu\/product\/kapucnis-baranybor-kabat-384-2\/","title":{"rendered":"Kapucnis b\u00e1r\u00e1nyb\u0151r kab\u00e1t 384"},"content":{"rendered":"<p>Egy meleg \u00e9s nagyon k\u00e9nyelmes sz\u0151rmekab\u00e1t minden hideg napot egyenesen pihentet\u0151v\u00e9 tesz. Ez a f\u00e9rfi kab\u00e1t term\u00e9szetes b\u00e1r\u00e1nysz\u0151rm\u00e9b\u0151l k\u00e9sz\u00fclt, amely anyag tart\u00f3s \u00e9s nagyon j\u00f3l tartja mag\u00e1t. B\u00e1rmilyen megjelen\u00e9st is v\u00e1laszt, mindig sz\u00e1m\u00edthatsz erre a sz\u0151rmekab\u00e1tra, amely melegen tart \u00e9s k\u00f6nnyed\u00e9n kieg\u00e9sz\u00edti az \u00f6lt\u00f6z\u00e9kedet. A kab\u00e1t p\u00e1rn\u00e1zott kapucnival \u00e9s b\u0151s\u00e9ges zsebekkel van ell\u00e1tva, a z\u00e1r\u00e1s pedig cipz\u00e1r seg\u00edts\u00e9g\u00e9vel t\u00f6rt\u00e9nik. Modell\u00fcnk 183 cm magas, 48-as m\u00e9retet visel, a term\u00e9k hossza pedig 66 cm.    <\/p>\n","protected":false},"excerpt":{"rendered":"<p>Egy meleg \u00e9s nagyon k\u00e9nyelmes sz\u0151rmekab\u00e1t minden hideg napot egyenesen pihentet\u0151v\u00e9 tesz. Ez a f\u00e9rfi kab\u00e1t term\u00e9szetes b\u00e1r\u00e1nysz\u0151rm\u00e9b\u0151l k\u00e9sz\u00fclt, amely anyag tart\u00f3s \u00e9s nagyon j\u00f3l tartja mag\u00e1t. B\u00e1rmilyen megjelen\u00e9st is v\u00e1laszt, mindig sz\u00e1m\u00edthatsz erre a sz\u0151rmekab\u00e1tra, amely melegen tart \u00e9s k\u00f6nnyed\u00e9n kieg\u00e9sz\u00edti az \u00f6lt\u00f6z\u00e9kedet. A kab\u00e1t p\u00e1rn\u00e1zott kapucnival \u00e9s b\u0151s\u00e9ges zsebekkel van ell\u00e1tva, a z\u00e1r\u00e1s [&hellip;]<\/p>\n","protected":false},"featured_media":91032,"comment_status":"closed","ping_status":"closed","template":"","meta":{"_acf_changed":false,"om_disable_all_campaigns":false,"inline_featured_image":false,"_monsterinsights_skip_tracking":false,"_monsterinsights_sitenote_active":false,"_monsterinsights_sitenote_note":"","_monsterinsights_sitenote_category":0},"product_brand":[],"product_cat":[833,952,725,772],"product_tag":[],"class_list":{"0":"post-91031","1":"product","2":"type-product","3":"status-publish","4":"has-post-thumbnail","6":"product_cat-2022-2023-as-kollekcio","7":"product_cat-ferfi-es-noi-pehelypaplan-dzsekik-a-luxus-es-a-melegseg-vegso-kevereke","8":"product_cat-ferfiak","9":"product_cat-shearling-kabatok-ferfiaknak","11":"first","12":"outofstock","13":"taxable","14":"shipping-taxable","15":"product-type-variable","16":"has-default-attributes","17":"wvs-archive-product-wrapper"},"acf":{"categorie_feed":""},"aioseo_notices":[],"_links":{"self":[{"href":"https:\/\/aavesa.com\/hu\/wp-json\/wp\/v2\/product\/91031","targetHints":{"allow":["GET"]}}],"collection":[{"href":"https:\/\/aavesa.com\/hu\/wp-json\/wp\/v2\/product"}],"about":[{"href":"https:\/\/aavesa.com\/hu\/wp-json\/wp\/v2\/types\/product"}],"replies":[{"embeddable":true,"href":"https:\/\/aavesa.com\/hu\/wp-json\/wp\/v2\/comments?post=91031"}],"wp:featuredmedia":[{"embeddable":true,"href":"https:\/\/aavesa.com\/hu\/wp-json\/wp\/v2\/media\/91032"}],"wp:attachment":[{"href":"https:\/\/aavesa.com\/hu\/wp-json\/wp\/v2\/media?parent=91031"}],"wp:term":[{"taxonomy":"product_brand","embeddable":true,"href":"https:\/\/aavesa.com\/hu\/wp-json\/wp\/v2\/product_brand?post=91031"},{"taxonomy":"product_cat","embeddable":true,"href":"https:\/\/aavesa.com\/hu\/wp-json\/wp\/v2\/product_cat?post=91031"},{"taxonomy":"product_tag","embeddable":true,"href":"https:\/\/aavesa.com\/hu\/wp-json\/wp\/v2\/product_tag?post=91031"}],"curies":[{"name":"wp","href":"https:\/\/api.w.org\/{rel}","templated":true}]}}