

{"id":91036,"date":"2024-07-26T16:33:23","date_gmt":"2024-07-26T16:33:23","guid":{"rendered":"https:\/\/new.aavesa.com\/produs\/nyerc-bunda-noknek-hm030\/"},"modified":"2025-11-17T06:27:09","modified_gmt":"2025-11-17T06:27:09","slug":"nyerc-bunda-noknek-hm030","status":"publish","type":"product","link":"https:\/\/aavesa.com\/hu\/product\/nyerc-bunda-noknek-hm030\/","title":{"rendered":"Ny\u00e9rc bunda n\u0151knek HM030"},"content":{"rendered":"<p>A nercbunda a legkeresettebb term\u00e9szetes anyagok k\u00f6z\u00e9 tartozik, puha text\u00far\u00e1j\u00e1r\u00f3l \u00e9s buja megjelen\u00e9s\u00e9r\u0151l ismert. Ez a<a href=\"https:\/\/aavesa.com\/hu\/nok\/vidra-bundak-vidra-zsekik\/\"> nercbunda<\/a> egy k\u00fcl\u00f6nleges ruhadarab, tele st\u00edlussal \u00e9s kifinomults\u00e1ggal. A kab\u00e1t szab\u00e1sa korszer\u0171, az egyetlen gombbal z\u00e1r\u00f3d\u00f3, egym\u00e1sba ny\u00edl\u00f3 r\u00e9szek k\u00fcl\u00f6n\u00f6sen eleg\u00e1ns r\u00e9szletet jelentenek. Ha n\u0151ies \u00e9s exkluz\u00edv megjelen\u00e9ssel szeretne kit\u0171nni, ez a nercbunda pont megfelel\u0151. A kab\u00e1t \u00e1rnyalata sz\u00fcrke, egy diszkr\u00e9t \u00e9s vonz\u00f3 sz\u00edn. Modell\u00fcnk 176 cm magas, 36-os m\u00e9retet visel, a term\u00e9k hossza 60 cm.     <\/p>\n","protected":false},"excerpt":{"rendered":"<p>A nercbunda a legkeresettebb term\u00e9szetes anyagok k\u00f6z\u00e9 tartozik, puha text\u00far\u00e1j\u00e1r\u00f3l \u00e9s buja megjelen\u00e9s\u00e9r\u0151l ismert. Ez a nercbunda egy k\u00fcl\u00f6nleges ruhadarab, tele st\u00edlussal \u00e9s kifinomults\u00e1ggal. A kab\u00e1t szab\u00e1sa korszer\u0171, az egyetlen gombbal z\u00e1r\u00f3d\u00f3, egym\u00e1sba ny\u00edl\u00f3 r\u00e9szek k\u00fcl\u00f6n\u00f6sen eleg\u00e1ns r\u00e9szletet jelentenek. Ha n\u0151ies \u00e9s exkluz\u00edv megjelen\u00e9ssel szeretne kit\u0171nni, ez a nercbunda pont megfelel\u0151. A kab\u00e1t \u00e1rnyalata sz\u00fcrke, [&hellip;]<\/p>\n","protected":false},"featured_media":91037,"comment_status":"closed","ping_status":"closed","template":"","meta":{"_acf_changed":false,"om_disable_all_campaigns":false,"inline_featured_image":false,"_monsterinsights_skip_tracking":false,"_monsterinsights_sitenote_active":false,"_monsterinsights_sitenote_note":"","_monsterinsights_sitenote_category":0},"product_brand":[],"product_cat":[833,766,769,741,770],"product_tag":[],"class_list":{"0":"post-91036","1":"product","2":"type-product","3":"status-publish","4":"has-post-thumbnail","6":"product_cat-2022-2023-as-kollekcio","7":"product_cat-bundas-kabatok-es-bundas-dzsekik-noknek","8":"product_cat-nerc-szorme","9":"product_cat-nok","10":"product_cat-vidra-bundak-vidra-zsekik","12":"first","13":"instock","14":"taxable","15":"shipping-taxable","16":"purchasable","17":"product-type-variable","18":"has-default-attributes","19":"wvs-archive-product-wrapper"},"acf":{"categorie_feed":""},"aioseo_notices":[],"_links":{"self":[{"href":"https:\/\/aavesa.com\/hu\/wp-json\/wp\/v2\/product\/91036","targetHints":{"allow":["GET"]}}],"collection":[{"href":"https:\/\/aavesa.com\/hu\/wp-json\/wp\/v2\/product"}],"about":[{"href":"https:\/\/aavesa.com\/hu\/wp-json\/wp\/v2\/types\/product"}],"replies":[{"embeddable":true,"href":"https:\/\/aavesa.com\/hu\/wp-json\/wp\/v2\/comments?post=91036"}],"wp:featuredmedia":[{"embeddable":true,"href":"https:\/\/aavesa.com\/hu\/wp-json\/wp\/v2\/media\/91037"}],"wp:attachment":[{"href":"https:\/\/aavesa.com\/hu\/wp-json\/wp\/v2\/media?parent=91036"}],"wp:term":[{"taxonomy":"product_brand","embeddable":true,"href":"https:\/\/aavesa.com\/hu\/wp-json\/wp\/v2\/product_brand?post=91036"},{"taxonomy":"product_cat","embeddable":true,"href":"https:\/\/aavesa.com\/hu\/wp-json\/wp\/v2\/product_cat?post=91036"},{"taxonomy":"product_tag","embeddable":true,"href":"https:\/\/aavesa.com\/hu\/wp-json\/wp\/v2\/product_tag?post=91036"}],"curies":[{"name":"wp","href":"https:\/\/api.w.org\/{rel}","templated":true}]}}