

{"id":91041,"date":"2024-07-26T16:22:48","date_gmt":"2024-07-26T16:22:48","guid":{"rendered":"https:\/\/new.aavesa.com\/produs\/megfordithato-nyirokabat-2004\/"},"modified":"2026-04-13T09:17:25","modified_gmt":"2026-04-13T11:17:25","slug":"megfordithato-nyirokabat-2004","status":"publish","type":"product","link":"https:\/\/aavesa.com\/hu\/product\/megfordithato-nyirokabat-2004\/","title":{"rendered":"Megford\u00edthat\u00f3 ny\u00edr\u00f3kab\u00e1t 2004"},"content":{"rendered":"<p>A megford\u00edthat\u00f3 merin\u00f3 ny\u00edrbunda kab\u00e1t egy olyan divatos kre\u00e1ci\u00f3, amely azokat az embereket k\u00e9pviseli, akiket az elegancia szeretne \u00e9szrevenni. A t\u00falm\u00e9retezett kre\u00e1ci\u00f3k mindig divatosak lesznek, ez\u00e9rt ez a k\u00e9t zsebbel ell\u00e1tott b\u00e1r\u00e1nyb\u0151r kab\u00e1t ide\u00e1lis arra, hogy alkalmi, eleg\u00e1ns \u00f6lt\u00f6z\u00e9kekbe illeszkedjen, \u00e9s a hideg napokon is biztos\u00edtja a sz\u00fcks\u00e9ges h\u0151komfortot. Tov\u00e1bb\u00e1, mivel semleges sz\u00ednekben k\u00e9sz\u00fclt, ez a kab\u00e1t mindenf\u00e9le kombin\u00e1ci\u00f3ban viselhet\u0151.  <\/p>\n","protected":false},"excerpt":{"rendered":"<p>A megford\u00edthat\u00f3 merin\u00f3 ny\u00edrbunda kab\u00e1t egy olyan divatos kre\u00e1ci\u00f3, amely azokat az embereket k\u00e9pviseli, akiket az elegancia szeretne \u00e9szrevenni. A t\u00falm\u00e9retezett kre\u00e1ci\u00f3k mindig divatosak lesznek, ez\u00e9rt ez a k\u00e9t zsebbel ell\u00e1tott b\u00e1r\u00e1nyb\u0151r kab\u00e1t ide\u00e1lis arra, hogy alkalmi, eleg\u00e1ns \u00f6lt\u00f6z\u00e9kekbe illeszkedjen, \u00e9s a hideg napokon is biztos\u00edtja a sz\u00fcks\u00e9ges h\u0151komfortot. Tov\u00e1bb\u00e1, mivel semleges sz\u00ednekben k\u00e9sz\u00fclt, ez [&hellip;]<\/p>\n","protected":false},"featured_media":91042,"comment_status":"open","ping_status":"closed","template":"","meta":{"_acf_changed":false,"om_disable_all_campaigns":false,"inline_featured_image":false,"_monsterinsights_skip_tracking":false,"_monsterinsights_sitenote_active":false,"_monsterinsights_sitenote_note":"","_monsterinsights_sitenote_category":0},"product_brand":[],"product_cat":[835,784,778,779,741],"product_tag":[],"class_list":{"0":"post-91041","1":"product","2":"type-product","3":"status-publish","4":"has-post-thumbnail","6":"product_cat-2018-2019-kollekcio","7":"product_cat-baranybor","8":"product_cat-baranybor-kabatok-hu","9":"product_cat-noi-shearling-kabatok","10":"product_cat-nok","12":"first","13":"instock","14":"taxable","15":"shipping-taxable","16":"purchasable","17":"product-type-variable","18":"has-default-attributes","19":"wvs-archive-product-wrapper"},"acf":{"categorie_feed":""},"aioseo_notices":[],"_links":{"self":[{"href":"https:\/\/aavesa.com\/hu\/wp-json\/wp\/v2\/product\/91041","targetHints":{"allow":["GET"]}}],"collection":[{"href":"https:\/\/aavesa.com\/hu\/wp-json\/wp\/v2\/product"}],"about":[{"href":"https:\/\/aavesa.com\/hu\/wp-json\/wp\/v2\/types\/product"}],"replies":[{"embeddable":true,"href":"https:\/\/aavesa.com\/hu\/wp-json\/wp\/v2\/comments?post=91041"}],"wp:featuredmedia":[{"embeddable":true,"href":"https:\/\/aavesa.com\/hu\/wp-json\/wp\/v2\/media\/91042"}],"wp:attachment":[{"href":"https:\/\/aavesa.com\/hu\/wp-json\/wp\/v2\/media?parent=91041"}],"wp:term":[{"taxonomy":"product_brand","embeddable":true,"href":"https:\/\/aavesa.com\/hu\/wp-json\/wp\/v2\/product_brand?post=91041"},{"taxonomy":"product_cat","embeddable":true,"href":"https:\/\/aavesa.com\/hu\/wp-json\/wp\/v2\/product_cat?post=91041"},{"taxonomy":"product_tag","embeddable":true,"href":"https:\/\/aavesa.com\/hu\/wp-json\/wp\/v2\/product_tag?post=91041"}],"curies":[{"name":"wp","href":"https:\/\/api.w.org\/{rel}","templated":true}]}}