

{"id":91060,"date":"2024-07-26T16:33:23","date_gmt":"2024-07-26T16:33:23","guid":{"rendered":"https:\/\/new.aavesa.com\/produs\/bor-kabat-noknek-1029\/"},"modified":"2025-11-17T06:27:09","modified_gmt":"2025-11-17T06:27:09","slug":"bor-kabat-noknek-1029","status":"publish","type":"product","link":"https:\/\/aavesa.com\/hu\/product\/bor-kabat-noknek-1029\/","title":{"rendered":"B\u0151r kab\u00e1t n\u0151knek 1029"},"content":{"rendered":"<p>Ez a n\u0151i b\u0151rkab\u00e1t modern szab\u00e1s\u00e1val \u00e9s min\u0151s\u00e9gi anyagaival eleg\u00e1ns \u00e9s jellegzetes ruhadarab. A term\u00e9szetes b\u00e1r\u00e1nyb\u0151r puha, rugalmas \u00e9s nagyon kellemes viselet\u0171 b\u0151r, amely az id\u0151 m\u00fal\u00e1s\u00e1val nagyon j\u00f3l tart, meg\u0151rizve sima megjelen\u00e9s\u00e9t \u00e9s \u00e9l\u00e9nk sz\u00edn\u00e9t. Ez a n\u0151i kab\u00e1t olyan ruhadarab lesz, amelyet sokoldal\u00fas\u00e1g\u00e1nak \u00e9s modern kialak\u00edt\u00e1s\u00e1nak k\u00f6sz\u00f6nhet\u0151en, amely lehet\u0151v\u00e9 teszi az alkalmi viseletet, biztosan szeretni fog. V\u00e1lasszon egy val\u00f3di b\u0151rb\u0151l k\u00e9sz\u00fclt trencsekkab\u00e1tot, amely kiemeli az eredetis\u00e9g\u00e9t. A kab\u00e1t fekete \u00e9s barna sz\u00ednben kaphat\u00f3. Modell\u00fcnk 176 cm magas \u00e9s 36-os m\u00e9retet visel fekete sz\u00ednben, illetve 175 cm magas \u00e9s 40-es m\u00e9retet visel barna sz\u00ednben. A term\u00e9k hossza 90 cm.      <\/p>\n","protected":false},"excerpt":{"rendered":"<p>Ez a n\u0151i b\u0151rkab\u00e1t modern szab\u00e1s\u00e1val \u00e9s min\u0151s\u00e9gi anyagaival eleg\u00e1ns \u00e9s jellegzetes ruhadarab. A term\u00e9szetes b\u00e1r\u00e1nyb\u0151r puha, rugalmas \u00e9s nagyon kellemes viselet\u0171 b\u0151r, amely az id\u0151 m\u00fal\u00e1s\u00e1val nagyon j\u00f3l tart, meg\u0151rizve sima megjelen\u00e9s\u00e9t \u00e9s \u00e9l\u00e9nk sz\u00edn\u00e9t. Ez a n\u0151i kab\u00e1t olyan ruhadarab lesz, amelyet sokoldal\u00fas\u00e1g\u00e1nak \u00e9s modern kialak\u00edt\u00e1s\u00e1nak k\u00f6sz\u00f6nhet\u0151en, amely lehet\u0151v\u00e9 teszi az alkalmi viseletet, [&hellip;]<\/p>\n","protected":false},"featured_media":91061,"comment_status":"closed","ping_status":"closed","template":"","meta":{"_acf_changed":false,"om_disable_all_campaigns":false,"inline_featured_image":false,"_monsterinsights_skip_tracking":false,"_monsterinsights_sitenote_active":false,"_monsterinsights_sitenote_note":"","_monsterinsights_sitenote_category":0},"product_brand":[],"product_cat":[833,883,741,916],"product_tag":[],"class_list":{"0":"post-91060","1":"product","2":"type-product","3":"status-publish","4":"has-post-thumbnail","6":"product_cat-2022-2023-as-kollekcio","7":"product_cat-borkabatok-es-borkabatok","8":"product_cat-nok","9":"product_cat-valodi-bor-termekek-tavaszra-es-oszre-kabatok-nadragok-kabatok-szoknyak-es-loveszkabatok-kabatok-nadragok-kabatok-szoknyak-es-loveszkabatok","11":"first","12":"instock","13":"taxable","14":"shipping-taxable","15":"purchasable","16":"product-type-variable","17":"has-default-attributes","18":"wvs-archive-product-wrapper"},"acf":{"categorie_feed":""},"aioseo_notices":[],"_links":{"self":[{"href":"https:\/\/aavesa.com\/hu\/wp-json\/wp\/v2\/product\/91060","targetHints":{"allow":["GET"]}}],"collection":[{"href":"https:\/\/aavesa.com\/hu\/wp-json\/wp\/v2\/product"}],"about":[{"href":"https:\/\/aavesa.com\/hu\/wp-json\/wp\/v2\/types\/product"}],"replies":[{"embeddable":true,"href":"https:\/\/aavesa.com\/hu\/wp-json\/wp\/v2\/comments?post=91060"}],"wp:featuredmedia":[{"embeddable":true,"href":"https:\/\/aavesa.com\/hu\/wp-json\/wp\/v2\/media\/91061"}],"wp:attachment":[{"href":"https:\/\/aavesa.com\/hu\/wp-json\/wp\/v2\/media?parent=91060"}],"wp:term":[{"taxonomy":"product_brand","embeddable":true,"href":"https:\/\/aavesa.com\/hu\/wp-json\/wp\/v2\/product_brand?post=91060"},{"taxonomy":"product_cat","embeddable":true,"href":"https:\/\/aavesa.com\/hu\/wp-json\/wp\/v2\/product_cat?post=91060"},{"taxonomy":"product_tag","embeddable":true,"href":"https:\/\/aavesa.com\/hu\/wp-json\/wp\/v2\/product_tag?post=91060"}],"curies":[{"name":"wp","href":"https:\/\/api.w.org\/{rel}","templated":true}]}}