

{"id":91087,"date":"2024-07-26T16:33:23","date_gmt":"2024-07-26T16:33:23","guid":{"rendered":"https:\/\/new.aavesa.com\/produs\/hosszu-kapucnis-nyerc-bunda-hm029\/"},"modified":"2025-11-17T06:27:10","modified_gmt":"2025-11-17T06:27:10","slug":"hosszu-kapucnis-nyerc-bunda-hm029","status":"publish","type":"product","link":"https:\/\/aavesa.com\/hu\/product\/hosszu-kapucnis-nyerc-bunda-hm029\/","title":{"rendered":"Hossz\u00fa kapucnis ny\u00e9rc bunda HM029"},"content":{"rendered":"<p>Ez a kifinomult \u00e9s rendk\u00edv\u00fcl <a rel=\"nofollow\" href=\"https:\/\/aavesa.com\/hu\/nok\/vidra-bundak-vidra-zsekik\/\">eleg\u00e1ns, hossz\u00fa, kapucnis nercbunda<\/a> bunda igazi csemege minden n\u0151 sz\u00e1m\u00e1ra. A puha \u00e9s meleg nercbunda nagyon k\u00fcl\u00f6nleges megjelen\u00e9s\u0171, \u00e9s minden \u00f6lt\u00f6z\u00e9knek extra szem\u00e9lyis\u00e9get k\u00f6lcs\u00f6n\u00f6z.  A kab\u00e1t egyszer\u0171 szab\u00e1sa \u00e9s a sz\u0151rme hull\u00e1mos text\u00far\u00e1ja nagy hat\u00e1st gyakorol, \u00e9s a kab\u00e1t a megjelen\u00e9s\u00e9n kereszt\u00fcl leny\u0171g\u00f6z\u0151. V\u00e1lassza a ruhat\u00e1r\u00e1ba val\u00f3 befektet\u00e9st, \u00e9s \u00e9lvezze teljes m\u00e9rt\u00e9kben a k\u00e9nyelmet, amelyet csak egy min\u0151s\u00e9gi term\u00e9szetes sz\u0151rme ny\u00fajthat. A kab\u00e1t kapucnis \u00e9s s\u00f6t\u00e9tsz\u00fcrke sz\u00ednben kaphat\u00f3. Modell\u00fcnk 176 cm magas, 36-os m\u00e9retet visel, a term\u00e9k hossza 95 cm.  <\/p>\n","protected":false},"excerpt":{"rendered":"<p>Ez a kifinomult \u00e9s rendk\u00edv\u00fcl eleg\u00e1ns, hossz\u00fa, kapucnis nercbunda bunda igazi csemege minden n\u0151 sz\u00e1m\u00e1ra. A puha \u00e9s meleg nercbunda nagyon k\u00fcl\u00f6nleges megjelen\u00e9s\u0171, \u00e9s minden \u00f6lt\u00f6z\u00e9knek extra szem\u00e9lyis\u00e9get k\u00f6lcs\u00f6n\u00f6z. A kab\u00e1t egyszer\u0171 szab\u00e1sa \u00e9s a sz\u0151rme hull\u00e1mos text\u00far\u00e1ja nagy hat\u00e1st gyakorol, \u00e9s a kab\u00e1t a megjelen\u00e9s\u00e9n kereszt\u00fcl leny\u0171g\u00f6z\u0151. V\u00e1lassza a ruhat\u00e1r\u00e1ba val\u00f3 befektet\u00e9st, \u00e9s \u00e9lvezze [&hellip;]<\/p>\n","protected":false},"featured_media":91088,"comment_status":"closed","ping_status":"closed","template":"","meta":{"_acf_changed":false,"om_disable_all_campaigns":false,"inline_featured_image":false,"_monsterinsights_skip_tracking":false,"_monsterinsights_sitenote_active":false,"_monsterinsights_sitenote_note":"","_monsterinsights_sitenote_category":0},"product_brand":[],"product_cat":[833,766,769,741,770],"product_tag":[],"class_list":{"0":"post-91087","1":"product","2":"type-product","3":"status-publish","4":"has-post-thumbnail","6":"product_cat-2022-2023-as-kollekcio","7":"product_cat-bundas-kabatok-es-bundas-dzsekik-noknek","8":"product_cat-nerc-szorme","9":"product_cat-nok","10":"product_cat-vidra-bundak-vidra-zsekik","12":"first","13":"instock","14":"taxable","15":"shipping-taxable","16":"purchasable","17":"product-type-variable","18":"has-default-attributes","19":"wvs-archive-product-wrapper"},"acf":{"categorie_feed":""},"aioseo_notices":[],"_links":{"self":[{"href":"https:\/\/aavesa.com\/hu\/wp-json\/wp\/v2\/product\/91087","targetHints":{"allow":["GET"]}}],"collection":[{"href":"https:\/\/aavesa.com\/hu\/wp-json\/wp\/v2\/product"}],"about":[{"href":"https:\/\/aavesa.com\/hu\/wp-json\/wp\/v2\/types\/product"}],"replies":[{"embeddable":true,"href":"https:\/\/aavesa.com\/hu\/wp-json\/wp\/v2\/comments?post=91087"}],"wp:featuredmedia":[{"embeddable":true,"href":"https:\/\/aavesa.com\/hu\/wp-json\/wp\/v2\/media\/91088"}],"wp:attachment":[{"href":"https:\/\/aavesa.com\/hu\/wp-json\/wp\/v2\/media?parent=91087"}],"wp:term":[{"taxonomy":"product_brand","embeddable":true,"href":"https:\/\/aavesa.com\/hu\/wp-json\/wp\/v2\/product_brand?post=91087"},{"taxonomy":"product_cat","embeddable":true,"href":"https:\/\/aavesa.com\/hu\/wp-json\/wp\/v2\/product_cat?post=91087"},{"taxonomy":"product_tag","embeddable":true,"href":"https:\/\/aavesa.com\/hu\/wp-json\/wp\/v2\/product_tag?post=91087"}],"curies":[{"name":"wp","href":"https:\/\/api.w.org\/{rel}","templated":true}]}}