

{"id":91101,"date":"2024-07-26T16:33:23","date_gmt":"2024-07-26T16:33:23","guid":{"rendered":"https:\/\/new.aavesa.com\/produs\/baranybor-dzseki-ferfiaknak-3026\/"},"modified":"2025-11-17T06:27:11","modified_gmt":"2025-11-17T06:27:11","slug":"baranybor-dzseki-ferfiaknak-3026","status":"publish","type":"product","link":"https:\/\/aavesa.com\/hu\/product\/baranybor-dzseki-ferfiaknak-3026\/","title":{"rendered":"B\u00e1r\u00e1nyb\u0151r dzseki f\u00e9rfiaknak 3026"},"content":{"rendered":"<p>Egy eredeti \u00e1rnyalat\u00fa b\u0151rdzsekit nem lehet egyk\u00f6nnyen figyelmen k\u00edv\u00fcl hagyni. Ez a val\u00f3di b\u0151rdzseki f\u00e9rfiaknak seg\u00edt \u00d6nnek szem\u00e9lyis\u00e9ggel teli megjelen\u00e9seket \u00f6ssze\u00e1ll\u00edtani, amelyeken kereszt\u00fcl kiemelheti eredeti st\u00edlus\u00e1t. A term\u00e9szetes b\u00e1r\u00e1nyb\u0151r sima \u00e9s rugalmas anyag, amely a sz\u00e9l \u00e9s a hideg leveg\u0151 elleni szigetel\u00e9snek k\u00f6sz\u00f6nhet\u0151en extra k\u00e9nyelmet biztos\u00edthat \u00d6nnek. A fiatalos \u00e9s eleg\u00e1ns szab\u00e1s\u00fa n\u0151i kab\u00e1t a legjobb v\u00e1laszt\u00e1s a kort\u00e1rs megjelen\u00e9shez. A rendelkez\u00e9sre \u00e1ll\u00f3 sz\u00ednek a piros \u00e9s az olajz\u00f6ld. Modell\u00fcnk 183 cm magas, 48-as m\u00e9retet visel, a term\u00e9k hossza pedig 65 cm.     <\/p>\n","protected":false},"excerpt":{"rendered":"<p>Egy eredeti \u00e1rnyalat\u00fa b\u0151rdzsekit nem lehet egyk\u00f6nnyen figyelmen k\u00edv\u00fcl hagyni. Ez a val\u00f3di b\u0151rdzseki f\u00e9rfiaknak seg\u00edt \u00d6nnek szem\u00e9lyis\u00e9ggel teli megjelen\u00e9seket \u00f6ssze\u00e1ll\u00edtani, amelyeken kereszt\u00fcl kiemelheti eredeti st\u00edlus\u00e1t. A term\u00e9szetes b\u00e1r\u00e1nyb\u0151r sima \u00e9s rugalmas anyag, amely a sz\u00e9l \u00e9s a hideg leveg\u0151 elleni szigetel\u00e9snek k\u00f6sz\u00f6nhet\u0151en extra k\u00e9nyelmet biztos\u00edthat \u00d6nnek. A fiatalos \u00e9s eleg\u00e1ns szab\u00e1s\u00fa n\u0151i kab\u00e1t a [&hellip;]<\/p>\n","protected":false},"featured_media":91102,"comment_status":"closed","ping_status":"closed","template":"","meta":{"_acf_changed":false,"om_disable_all_campaigns":false,"inline_featured_image":false,"_monsterinsights_skip_tracking":false,"_monsterinsights_sitenote_active":false,"_monsterinsights_sitenote_note":"","_monsterinsights_sitenote_category":0},"product_brand":[],"product_cat":[833,762,725,916],"product_tag":[],"class_list":{"0":"post-91101","1":"product","2":"type-product","3":"status-publish","4":"has-post-thumbnail","6":"product_cat-2022-2023-as-kollekcio","7":"product_cat-borkabatok-ferfiaknak","8":"product_cat-ferfiak","9":"product_cat-valodi-bor-termekek-tavaszra-es-oszre-kabatok-nadragok-kabatok-szoknyak-es-loveszkabatok-kabatok-nadragok-kabatok-szoknyak-es-loveszkabatok","11":"first","12":"instock","13":"taxable","14":"shipping-taxable","15":"purchasable","16":"product-type-variable","17":"has-default-attributes","18":"wvs-archive-product-wrapper"},"acf":{"categorie_feed":""},"aioseo_notices":[],"_links":{"self":[{"href":"https:\/\/aavesa.com\/hu\/wp-json\/wp\/v2\/product\/91101","targetHints":{"allow":["GET"]}}],"collection":[{"href":"https:\/\/aavesa.com\/hu\/wp-json\/wp\/v2\/product"}],"about":[{"href":"https:\/\/aavesa.com\/hu\/wp-json\/wp\/v2\/types\/product"}],"replies":[{"embeddable":true,"href":"https:\/\/aavesa.com\/hu\/wp-json\/wp\/v2\/comments?post=91101"}],"wp:featuredmedia":[{"embeddable":true,"href":"https:\/\/aavesa.com\/hu\/wp-json\/wp\/v2\/media\/91102"}],"wp:attachment":[{"href":"https:\/\/aavesa.com\/hu\/wp-json\/wp\/v2\/media?parent=91101"}],"wp:term":[{"taxonomy":"product_brand","embeddable":true,"href":"https:\/\/aavesa.com\/hu\/wp-json\/wp\/v2\/product_brand?post=91101"},{"taxonomy":"product_cat","embeddable":true,"href":"https:\/\/aavesa.com\/hu\/wp-json\/wp\/v2\/product_cat?post=91101"},{"taxonomy":"product_tag","embeddable":true,"href":"https:\/\/aavesa.com\/hu\/wp-json\/wp\/v2\/product_tag?post=91101"}],"curies":[{"name":"wp","href":"https:\/\/api.w.org\/{rel}","templated":true}]}}