

{"id":91110,"date":"2024-07-26T16:33:23","date_gmt":"2024-07-26T16:33:23","guid":{"rendered":"https:\/\/new.aavesa.com\/produs\/merinoi-baranybor-dzseki-378\/"},"modified":"2026-04-10T15:07:52","modified_gmt":"2026-04-10T17:07:52","slug":"merinoi-baranybor-dzseki-378","status":"publish","type":"product","link":"https:\/\/aavesa.com\/hu\/product\/merinoi-baranybor-dzseki-378\/","title":{"rendered":"Merin\u00f3i b\u00e1r\u00e1nyb\u0151r dzseki 378"},"content":{"rendered":"<p>Egy term\u00e9szetes sz\u0151rmekab\u00e1t kellemes \u00e9s k\u00e9nyelmes lesz minden kir\u00e1ndul\u00e1s a hideg napokon. Ez a f\u00e9rfi kab\u00e1t modern megjelen\u00e9s\u0171, \u00e9s olyan akt\u00edv f\u00e9rfiak sz\u00e1m\u00e1ra alkalmas, akik minden nap extra k\u00e9nyelemre v\u00e1gynak, f\u00fcggetlen\u00fcl az alkalomt\u00f3l. A l\u00e1that\u00f3 varr\u00e1sok f\u00e9rfias megjelen\u00e9st k\u00f6lcs\u00f6n\u00f6znek a kab\u00e1tnak, a sz\u0151rme gall\u00e9r pedig eleganci\u00e1t \u00e9s viseletet k\u00f6lcs\u00f6n\u00f6z. A kab\u00e1t belseje term\u00e9szetes merin\u00f3 b\u00e1r\u00e1nysz\u0151rme, amely szigetel a sz\u00e9l \u00e9s k\u00fcl\u00f6n\u00f6sen a hideg ellen. A modell el\u00e9rhet\u0151 sz\u00ednei a fekete \u00e9s a sz\u00fcrke. Modell\u00fcnk 183 cm magas, 48-as m\u00e9retet visel, a term\u00e9k hossza pedig 70 cm.     <\/p>\n","protected":false},"excerpt":{"rendered":"<p>Egy term\u00e9szetes sz\u0151rmekab\u00e1t kellemes \u00e9s k\u00e9nyelmes lesz minden kir\u00e1ndul\u00e1s a hideg napokon. Ez a f\u00e9rfi kab\u00e1t modern megjelen\u00e9s\u0171, \u00e9s olyan akt\u00edv f\u00e9rfiak sz\u00e1m\u00e1ra alkalmas, akik minden nap extra k\u00e9nyelemre v\u00e1gynak, f\u00fcggetlen\u00fcl az alkalomt\u00f3l. A l\u00e1that\u00f3 varr\u00e1sok f\u00e9rfias megjelen\u00e9st k\u00f6lcs\u00f6n\u00f6znek a kab\u00e1tnak, a sz\u0151rme gall\u00e9r pedig eleganci\u00e1t \u00e9s viseletet k\u00f6lcs\u00f6n\u00f6z. A kab\u00e1t belseje term\u00e9szetes merin\u00f3 b\u00e1r\u00e1nysz\u0151rme, [&hellip;]<\/p>\n","protected":false},"featured_media":91111,"comment_status":"closed","ping_status":"closed","template":"","meta":{"_acf_changed":false,"om_disable_all_campaigns":false,"inline_featured_image":false,"_monsterinsights_skip_tracking":false,"_monsterinsights_sitenote_active":false,"_monsterinsights_sitenote_note":"","_monsterinsights_sitenote_category":0},"product_brand":[],"product_cat":[833,952,725,772],"product_tag":[],"class_list":{"0":"post-91110","1":"product","2":"type-product","3":"status-publish","4":"has-post-thumbnail","6":"product_cat-2022-2023-as-kollekcio","7":"product_cat-ferfi-es-noi-pehelypaplan-dzsekik-a-luxus-es-a-melegseg-vegso-kevereke","8":"product_cat-ferfiak","9":"product_cat-shearling-kabatok-ferfiaknak","11":"first","12":"instock","13":"taxable","14":"shipping-taxable","15":"purchasable","16":"product-type-variable","17":"has-default-attributes","18":"wvs-archive-product-wrapper"},"acf":{"categorie_feed":""},"aioseo_notices":[],"_links":{"self":[{"href":"https:\/\/aavesa.com\/hu\/wp-json\/wp\/v2\/product\/91110","targetHints":{"allow":["GET"]}}],"collection":[{"href":"https:\/\/aavesa.com\/hu\/wp-json\/wp\/v2\/product"}],"about":[{"href":"https:\/\/aavesa.com\/hu\/wp-json\/wp\/v2\/types\/product"}],"replies":[{"embeddable":true,"href":"https:\/\/aavesa.com\/hu\/wp-json\/wp\/v2\/comments?post=91110"}],"wp:featuredmedia":[{"embeddable":true,"href":"https:\/\/aavesa.com\/hu\/wp-json\/wp\/v2\/media\/91111"}],"wp:attachment":[{"href":"https:\/\/aavesa.com\/hu\/wp-json\/wp\/v2\/media?parent=91110"}],"wp:term":[{"taxonomy":"product_brand","embeddable":true,"href":"https:\/\/aavesa.com\/hu\/wp-json\/wp\/v2\/product_brand?post=91110"},{"taxonomy":"product_cat","embeddable":true,"href":"https:\/\/aavesa.com\/hu\/wp-json\/wp\/v2\/product_cat?post=91110"},{"taxonomy":"product_tag","embeddable":true,"href":"https:\/\/aavesa.com\/hu\/wp-json\/wp\/v2\/product_tag?post=91110"}],"curies":[{"name":"wp","href":"https:\/\/api.w.org\/{rel}","templated":true}]}}