

{"id":91124,"date":"2024-07-26T16:22:49","date_gmt":"2024-07-26T16:22:49","guid":{"rendered":"https:\/\/new.aavesa.com\/produs\/roka-es-mosomedve-premes-galler-617\/"},"modified":"2025-11-17T06:30:08","modified_gmt":"2025-11-17T06:30:08","slug":"roka-es-mosomedve-premes-galler-617","status":"publish","type":"product","link":"https:\/\/aavesa.com\/hu\/product\/roka-es-mosomedve-premes-galler-617\/","title":{"rendered":"R\u00f3ka \u00e9s mos\u00f3medve pr\u00e9mes gall\u00e9r 617"},"content":{"rendered":"<p>A n\u00e9vtelens\u00e9gb\u0151l val\u00f3 kil\u00e9p\u00e9s egy ruh\u00e1b\u00f3l, legyen az alkalmi vagy eleg\u00e1ns, k\u00f6nnyebb, mint valaha, ha van egy mos\u00f3medve \/ r\u00f3ka sz\u0151rme gall\u00e9r. Fektessen bizalommal egy ilyen eleg\u00e1ns kieg\u00e9sz\u00edt\u0151be, \u00e9s alak\u00edtsa \u00e1t teljesen az \u00f6lt\u00f6z\u00e9k\u00e9t. K\u00f6nnyen viselhet\u0151 \u00e9s rendk\u00edv\u00fcl eleg\u00e1ns, ez a mos\u00f3medve vagy r\u00f3ka sz\u0151rme nyak\u00f6rv ide\u00e1lis azokban a pillanatokban, amikor eleganci\u00e1val akarja mag\u00e1t \u00e9szrevenni, an\u00e9lk\u00fcl, hogy t\u00fal sok ver\u00e9s lenne, egy kifinomult alkot\u00e1st v\u00e1lasztva. Tartsa szem el\u0151tt az aktu\u00e1lis trendeket, \u00e9s t\u00e1maszkodjon egy st\u00edlusos sz\u0151rme gall\u00e9rra.   <\/p>\n","protected":false},"excerpt":{"rendered":"<p>A n\u00e9vtelens\u00e9gb\u0151l val\u00f3 kil\u00e9p\u00e9s egy ruh\u00e1b\u00f3l, legyen az alkalmi vagy eleg\u00e1ns, k\u00f6nnyebb, mint valaha, ha van egy mos\u00f3medve \/ r\u00f3ka sz\u0151rme gall\u00e9r. Fektessen bizalommal egy ilyen eleg\u00e1ns kieg\u00e9sz\u00edt\u0151be, \u00e9s alak\u00edtsa \u00e1t teljesen az \u00f6lt\u00f6z\u00e9k\u00e9t. K\u00f6nnyen viselhet\u0151 \u00e9s rendk\u00edv\u00fcl eleg\u00e1ns, ez a mos\u00f3medve vagy r\u00f3ka sz\u0151rme nyak\u00f6rv ide\u00e1lis azokban a pillanatokban, amikor eleganci\u00e1val akarja mag\u00e1t \u00e9szrevenni, [&hellip;]<\/p>\n","protected":false},"featured_media":91125,"comment_status":"open","ping_status":"closed","template":"","meta":{"_acf_changed":false,"om_disable_all_campaigns":false,"inline_featured_image":false,"_monsterinsights_skip_tracking":false,"_monsterinsights_sitenote_active":false,"_monsterinsights_sitenote_note":"","_monsterinsights_sitenote_category":0},"product_brand":[],"product_cat":[835,795,741,765,796],"product_tag":[],"class_list":{"0":"post-91124","1":"product","2":"type-product","3":"status-publish","4":"has-post-thumbnail","6":"product_cat-2018-2019-kollekcio","7":"product_cat-kiegeszitok","8":"product_cat-nok","9":"product_cat-roka-szorme","10":"product_cat-szormegallerok","12":"first","13":"instock","14":"taxable","15":"shipping-taxable","16":"purchasable","17":"product-type-variable","18":"has-default-attributes","19":"wvs-archive-product-wrapper"},"acf":{"categorie_feed":""},"aioseo_notices":[],"_links":{"self":[{"href":"https:\/\/aavesa.com\/hu\/wp-json\/wp\/v2\/product\/91124","targetHints":{"allow":["GET"]}}],"collection":[{"href":"https:\/\/aavesa.com\/hu\/wp-json\/wp\/v2\/product"}],"about":[{"href":"https:\/\/aavesa.com\/hu\/wp-json\/wp\/v2\/types\/product"}],"replies":[{"embeddable":true,"href":"https:\/\/aavesa.com\/hu\/wp-json\/wp\/v2\/comments?post=91124"}],"wp:featuredmedia":[{"embeddable":true,"href":"https:\/\/aavesa.com\/hu\/wp-json\/wp\/v2\/media\/91125"}],"wp:attachment":[{"href":"https:\/\/aavesa.com\/hu\/wp-json\/wp\/v2\/media?parent=91124"}],"wp:term":[{"taxonomy":"product_brand","embeddable":true,"href":"https:\/\/aavesa.com\/hu\/wp-json\/wp\/v2\/product_brand?post=91124"},{"taxonomy":"product_cat","embeddable":true,"href":"https:\/\/aavesa.com\/hu\/wp-json\/wp\/v2\/product_cat?post=91124"},{"taxonomy":"product_tag","embeddable":true,"href":"https:\/\/aavesa.com\/hu\/wp-json\/wp\/v2\/product_tag?post=91124"}],"curies":[{"name":"wp","href":"https:\/\/api.w.org\/{rel}","templated":true}]}}