

{"id":91139,"date":"2024-07-26T16:33:23","date_gmt":"2024-07-26T16:33:23","guid":{"rendered":"https:\/\/new.aavesa.com\/produs\/baranybor-es-mosomedve-sarki-roka-bunda-2054\/"},"modified":"2025-11-17T06:27:16","modified_gmt":"2025-11-17T06:27:16","slug":"baranybor-es-mosomedve-sarki-roka-bunda-2054","status":"publish","type":"product","link":"https:\/\/aavesa.com\/hu\/product\/baranybor-es-mosomedve-sarki-roka-bunda-2054\/","title":{"rendered":"B\u00e1r\u00e1nyb\u0151r \u00e9s mos\u00f3medve\/sarki r\u00f3ka bunda 2054"},"content":{"rendered":"<p>A hideg t\u00e9li napok m\u00e1r nem adnak okot aggodalomra. Ez a st\u00edlusos n\u0151i kab\u00e1t ny\u00edrbund\u00e1b\u00f3l \u00e9s mos\u00f3medve\/sarki r\u00f3ka sz\u0151rm\u00e9b\u0151l k\u00e9sz\u00fclt, olyan meleg kab\u00e1t, amelyt\u0151l nem fog tudni megv\u00e1lni. A kab\u00e1t buk\u00f3 szab\u00e1sa kiemeli az alakot, \u00e9s min\u0151s\u00e9gi term\u00e9szetes sz\u0151rm\u00e9k kombin\u00e1ci\u00f3j\u00e1b\u00f3l k\u00e9sz\u00fclt, egym\u00e1st kieg\u00e9sz\u00edt\u0151 \u00e1rnyalatokban. A z\u00e1r\u00e1s gombok \u00e9s a der\u00e9kzsin\u00f3r seg\u00edts\u00e9g\u00e9vel t\u00f6rt\u00e9nik. A gall\u00e9r \u00e9s a mandzsett\u00e1k mos\u00f3medve \/ sarki r\u00f3ka sz\u0151rm\u00e9b\u0151l k\u00e9sz\u00fcltek. Modell\u00fcnk 176 cm magas \u00e9s 36-os m\u00e9retet visel ol\u00edva sz\u00ednben, illetve 175 cm magas \u00e9s 40-es m\u00e9retet visel fekete sz\u00ednben. A term\u00e9k hossza 105 cm.      <\/p>\n","protected":false},"excerpt":{"rendered":"<p>A hideg t\u00e9li napok m\u00e1r nem adnak okot aggodalomra. Ez a st\u00edlusos n\u0151i kab\u00e1t ny\u00edrbund\u00e1b\u00f3l \u00e9s mos\u00f3medve\/sarki r\u00f3ka sz\u0151rm\u00e9b\u0151l k\u00e9sz\u00fclt, olyan meleg kab\u00e1t, amelyt\u0151l nem fog tudni megv\u00e1lni. A kab\u00e1t buk\u00f3 szab\u00e1sa kiemeli az alakot, \u00e9s min\u0151s\u00e9gi term\u00e9szetes sz\u0151rm\u00e9k kombin\u00e1ci\u00f3j\u00e1b\u00f3l k\u00e9sz\u00fclt, egym\u00e1st kieg\u00e9sz\u00edt\u0151 \u00e1rnyalatokban. A z\u00e1r\u00e1s gombok \u00e9s a der\u00e9kzsin\u00f3r seg\u00edts\u00e9g\u00e9vel t\u00f6rt\u00e9nik. A gall\u00e9r \u00e9s [&hellip;]<\/p>\n","protected":false},"featured_media":91142,"comment_status":"closed","ping_status":"closed","template":"","meta":{"_acf_changed":false,"om_disable_all_campaigns":false,"inline_featured_image":false,"_monsterinsights_skip_tracking":false,"_monsterinsights_sitenote_active":false,"_monsterinsights_sitenote_note":"","_monsterinsights_sitenote_category":0},"product_brand":[],"product_cat":[833,779,741],"product_tag":[],"class_list":{"0":"post-91139","1":"product","2":"type-product","3":"status-publish","4":"has-post-thumbnail","6":"product_cat-2022-2023-as-kollekcio","7":"product_cat-noi-shearling-kabatok","8":"product_cat-nok","10":"first","11":"outofstock","12":"taxable","13":"shipping-taxable","14":"product-type-variable","15":"has-default-attributes","16":"wvs-archive-product-wrapper"},"acf":{"categorie_feed":""},"aioseo_notices":[],"_links":{"self":[{"href":"https:\/\/aavesa.com\/hu\/wp-json\/wp\/v2\/product\/91139","targetHints":{"allow":["GET"]}}],"collection":[{"href":"https:\/\/aavesa.com\/hu\/wp-json\/wp\/v2\/product"}],"about":[{"href":"https:\/\/aavesa.com\/hu\/wp-json\/wp\/v2\/types\/product"}],"replies":[{"embeddable":true,"href":"https:\/\/aavesa.com\/hu\/wp-json\/wp\/v2\/comments?post=91139"}],"wp:featuredmedia":[{"embeddable":true,"href":"https:\/\/aavesa.com\/hu\/wp-json\/wp\/v2\/media\/91142"}],"wp:attachment":[{"href":"https:\/\/aavesa.com\/hu\/wp-json\/wp\/v2\/media?parent=91139"}],"wp:term":[{"taxonomy":"product_brand","embeddable":true,"href":"https:\/\/aavesa.com\/hu\/wp-json\/wp\/v2\/product_brand?post=91139"},{"taxonomy":"product_cat","embeddable":true,"href":"https:\/\/aavesa.com\/hu\/wp-json\/wp\/v2\/product_cat?post=91139"},{"taxonomy":"product_tag","embeddable":true,"href":"https:\/\/aavesa.com\/hu\/wp-json\/wp\/v2\/product_tag?post=91139"}],"curies":[{"name":"wp","href":"https:\/\/api.w.org\/{rel}","templated":true}]}}