

{"id":91148,"date":"2024-07-26T16:22:49","date_gmt":"2024-07-26T16:22:49","guid":{"rendered":"https:\/\/new.aavesa.com\/produs\/roka-es-mosomedve-szorbol-keszult-melleny-459\/"},"modified":"2025-11-17T06:30:07","modified_gmt":"2025-11-17T06:30:07","slug":"roka-es-mosomedve-szorbol-keszult-melleny-459","status":"publish","type":"product","link":"https:\/\/aavesa.com\/hu\/product\/roka-es-mosomedve-szorbol-keszult-melleny-459\/","title":{"rendered":"R\u00f3ka \u00e9s mos\u00f3medve sz\u0151rb\u0151l k\u00e9sz\u00fclt mell\u00e9ny 459"},"content":{"rendered":"<p>Sokoldal\u00fa divatruh\u00e1zat, amely soha nem megy ki a divatb\u00f3l, a <a rel=\"nofollow\" href=\"https:\/\/aavesa.com\/hu\/nok\/shearling-mellenyek-es-bundas-mellenyek-noknek\/\">r\u00f3k\u00e1b\u00f3l \u00e9s mos\u00f3medvebund\u00e1b\u00f3l k\u00e9sz\u00fclt mell\u00e9ny<\/a>. A mell\u00e9ny term\u00e9szetes r\u00f3ka \u00e9s mos\u00f3medve sz\u0151rm\u00e9b\u0151l k\u00e9sz\u00fclt, amit jellegzetes sz\u00edne, de b\u00e9lelt belseje is jellemez. Ez a r\u00f3ka- \u00e9s mos\u00f3medve sz\u0151rmemell\u00e9ny k\u00e9t zsebbel is rendelkezik, \u00e9s ide\u00e1lis b\u00e1rmilyen \u00f6lt\u00f6z\u00e9khez. Ez a kre\u00e1ci\u00f3 t\u00falny\u00falik a der\u00e9kvonalon, \u00e9s b\u00e9lelt, ami fokozott h\u0151komfortot biztos\u00edt, \u00edgy a hideg \u0151szi vagy tavaszi napokon sem lesz gondod. <\/p>\n","protected":false},"excerpt":{"rendered":"<p>Sokoldal\u00fa divatruh\u00e1zat, amely soha nem megy ki a divatb\u00f3l, a r\u00f3k\u00e1b\u00f3l \u00e9s mos\u00f3medvebund\u00e1b\u00f3l k\u00e9sz\u00fclt mell\u00e9ny. A mell\u00e9ny term\u00e9szetes r\u00f3ka \u00e9s mos\u00f3medve sz\u0151rm\u00e9b\u0151l k\u00e9sz\u00fclt, amit jellegzetes sz\u00edne, de b\u00e9lelt belseje is jellemez. Ez a r\u00f3ka- \u00e9s mos\u00f3medve sz\u0151rmemell\u00e9ny k\u00e9t zsebbel is rendelkezik, \u00e9s ide\u00e1lis b\u00e1rmilyen \u00f6lt\u00f6z\u00e9khez. Ez a kre\u00e1ci\u00f3 t\u00falny\u00falik a der\u00e9kvonalon, \u00e9s b\u00e9lelt, ami fokozott [&hellip;]<\/p>\n","protected":false},"featured_media":91149,"comment_status":"open","ping_status":"closed","template":"","meta":{"_acf_changed":false,"om_disable_all_campaigns":false,"inline_featured_image":false,"_monsterinsights_skip_tracking":false,"_monsterinsights_sitenote_active":false,"_monsterinsights_sitenote_note":"","_monsterinsights_sitenote_category":0},"product_brand":[],"product_cat":[835,741,765,793],"product_tag":[],"class_list":{"0":"post-91148","1":"product","2":"type-product","3":"status-publish","4":"has-post-thumbnail","6":"product_cat-2018-2019-kollekcio","7":"product_cat-nok","8":"product_cat-roka-szorme","9":"product_cat-shearling-mellenyek-es-bundas-mellenyek-noknek","11":"first","12":"instock","13":"taxable","14":"shipping-taxable","15":"purchasable","16":"product-type-variable","17":"has-default-attributes","18":"wvs-archive-product-wrapper"},"acf":{"categorie_feed":""},"aioseo_notices":[],"_links":{"self":[{"href":"https:\/\/aavesa.com\/hu\/wp-json\/wp\/v2\/product\/91148","targetHints":{"allow":["GET"]}}],"collection":[{"href":"https:\/\/aavesa.com\/hu\/wp-json\/wp\/v2\/product"}],"about":[{"href":"https:\/\/aavesa.com\/hu\/wp-json\/wp\/v2\/types\/product"}],"replies":[{"embeddable":true,"href":"https:\/\/aavesa.com\/hu\/wp-json\/wp\/v2\/comments?post=91148"}],"wp:featuredmedia":[{"embeddable":true,"href":"https:\/\/aavesa.com\/hu\/wp-json\/wp\/v2\/media\/91149"}],"wp:attachment":[{"href":"https:\/\/aavesa.com\/hu\/wp-json\/wp\/v2\/media?parent=91148"}],"wp:term":[{"taxonomy":"product_brand","embeddable":true,"href":"https:\/\/aavesa.com\/hu\/wp-json\/wp\/v2\/product_brand?post=91148"},{"taxonomy":"product_cat","embeddable":true,"href":"https:\/\/aavesa.com\/hu\/wp-json\/wp\/v2\/product_cat?post=91148"},{"taxonomy":"product_tag","embeddable":true,"href":"https:\/\/aavesa.com\/hu\/wp-json\/wp\/v2\/product_tag?post=91148"}],"curies":[{"name":"wp","href":"https:\/\/api.w.org\/{rel}","templated":true}]}}