

{"id":91153,"date":"2024-07-26T16:23:10","date_gmt":"2024-07-26T16:23:10","guid":{"rendered":"https:\/\/new.aavesa.com\/produs\/baranybor-szorme-melleny-460\/"},"modified":"2025-11-17T06:30:02","modified_gmt":"2025-11-17T06:30:02","slug":"baranybor-szorme-melleny-460","status":"publish","type":"product","link":"https:\/\/aavesa.com\/hu\/product\/baranybor-szorme-melleny-460\/","title":{"rendered":"B\u00e1r\u00e1nyb\u0151r sz\u0151rme mell\u00e9ny 460"},"content":{"rendered":"<p>M\u00e9g a legkifinomultabb \u00edzl\u00e9s\u0171ek is el\u00e9gedettek lesznek, mivel \u00e9rt\u00e9kelj\u00fck a min\u0151s\u00e9get, amit az egyes kollekci\u00f3kban tal\u00e1lhat\u00f3 ruhakre\u00e1ci\u00f3k is bizony\u00edtanak. Ez a h\u00e1romf\u00e9le b\u00e1r\u00e1nyb\u00f3l, nevezetesen toszk\u00e1n, t\u00f6r\u00f6k \u00e9s mongol b\u00e1r\u00e1nyb\u00f3l k\u00e9sz\u00fclt term\u00e9szetes sz\u0151rmebunda eleg\u00e1ns ruhadarabb\u00e1 alak\u00edtja, amely alkalmi \u00e9s eleg\u00e1ns eleg\u00e1ns eleg\u00e1ns ruh\u00e1khoz egyar\u00e1nt viselhet\u0151, kihozza \u00d6nt a n\u00e9vtelens\u00e9gb\u0151l. R\u00e1ad\u00e1sul mivel term\u00e9szetes sz\u0151rm\u00e9b\u0151l k\u00e9sz\u00fclt, ez az eleg\u00e1ns mell\u00e9ny biztos\u00edtja a h\u0151komfortot, \u00edgy a hideg napok nem jelentenek majd probl\u00e9m\u00e1t sz\u00e1modra.  <\/p>\n","protected":false},"excerpt":{"rendered":"<p>M\u00e9g a legkifinomultabb \u00edzl\u00e9s\u0171ek is el\u00e9gedettek lesznek, mivel \u00e9rt\u00e9kelj\u00fck a min\u0151s\u00e9get, amit az egyes kollekci\u00f3kban tal\u00e1lhat\u00f3 ruhakre\u00e1ci\u00f3k is bizony\u00edtanak. Ez a h\u00e1romf\u00e9le b\u00e1r\u00e1nyb\u00f3l, nevezetesen toszk\u00e1n, t\u00f6r\u00f6k \u00e9s mongol b\u00e1r\u00e1nyb\u00f3l k\u00e9sz\u00fclt term\u00e9szetes sz\u0151rmebunda eleg\u00e1ns ruhadarabb\u00e1 alak\u00edtja, amely alkalmi \u00e9s eleg\u00e1ns eleg\u00e1ns eleg\u00e1ns ruh\u00e1khoz egyar\u00e1nt viselhet\u0151, kihozza \u00d6nt a n\u00e9vtelens\u00e9gb\u0151l. R\u00e1ad\u00e1sul mivel term\u00e9szetes sz\u0151rm\u00e9b\u0151l k\u00e9sz\u00fclt, ez az [&hellip;]<\/p>\n","protected":false},"featured_media":91154,"comment_status":"open","ping_status":"closed","template":"","meta":{"_acf_changed":false,"om_disable_all_campaigns":false,"inline_featured_image":false,"_monsterinsights_skip_tracking":false,"_monsterinsights_sitenote_active":false,"_monsterinsights_sitenote_note":"","_monsterinsights_sitenote_category":0},"product_brand":[],"product_cat":[835,784,741,793],"product_tag":[],"class_list":{"0":"post-91153","1":"product","2":"type-product","3":"status-publish","4":"has-post-thumbnail","6":"product_cat-2018-2019-kollekcio","7":"product_cat-baranybor","8":"product_cat-nok","9":"product_cat-shearling-mellenyek-es-bundas-mellenyek-noknek","11":"first","12":"instock","13":"taxable","14":"shipping-taxable","15":"purchasable","16":"product-type-variable","17":"has-default-attributes","18":"wvs-archive-product-wrapper"},"acf":{"categorie_feed":""},"aioseo_notices":[],"_links":{"self":[{"href":"https:\/\/aavesa.com\/hu\/wp-json\/wp\/v2\/product\/91153","targetHints":{"allow":["GET"]}}],"collection":[{"href":"https:\/\/aavesa.com\/hu\/wp-json\/wp\/v2\/product"}],"about":[{"href":"https:\/\/aavesa.com\/hu\/wp-json\/wp\/v2\/types\/product"}],"replies":[{"embeddable":true,"href":"https:\/\/aavesa.com\/hu\/wp-json\/wp\/v2\/comments?post=91153"}],"wp:featuredmedia":[{"embeddable":true,"href":"https:\/\/aavesa.com\/hu\/wp-json\/wp\/v2\/media\/91154"}],"wp:attachment":[{"href":"https:\/\/aavesa.com\/hu\/wp-json\/wp\/v2\/media?parent=91153"}],"wp:term":[{"taxonomy":"product_brand","embeddable":true,"href":"https:\/\/aavesa.com\/hu\/wp-json\/wp\/v2\/product_brand?post=91153"},{"taxonomy":"product_cat","embeddable":true,"href":"https:\/\/aavesa.com\/hu\/wp-json\/wp\/v2\/product_cat?post=91153"},{"taxonomy":"product_tag","embeddable":true,"href":"https:\/\/aavesa.com\/hu\/wp-json\/wp\/v2\/product_tag?post=91153"}],"curies":[{"name":"wp","href":"https:\/\/api.w.org\/{rel}","templated":true}]}}