

{"id":91162,"date":"2024-07-26T16:33:23","date_gmt":"2024-07-26T16:33:23","guid":{"rendered":"https:\/\/new.aavesa.com\/produs\/valodi-bor-dzseki-3025\/"},"modified":"2025-11-17T06:27:17","modified_gmt":"2025-11-17T06:27:17","slug":"valodi-bor-dzseki-3025","status":"publish","type":"product","link":"https:\/\/aavesa.com\/hu\/product\/valodi-bor-dzseki-3025\/","title":{"rendered":"Val\u00f3di b\u0151r dzseki 3025"},"content":{"rendered":"<p>A legpraktikusabb \u00e9s leginspir\u00e1l\u00f3bb v\u00e1laszt\u00e1s egy val\u00f3di b\u0151rdzseki v\u00e1s\u00e1rl\u00e1sa, amely hossz\u00fa ideig a szekr\u00e9nyedben marad. Ez a f\u00e9rfi b\u0151rdzseki ide\u00e1lis darab, amely kieg\u00e9sz\u00edti \u00f6lt\u00f6z\u00e9k\u00e9t, \u00e9s seg\u00edt id\u0151t megtakar\u00edtani, amikor megpr\u00f3b\u00e1l egy m\u00e1sik megjelen\u00e9st \u00f6ssze\u00e1ll\u00edtani. Modern szab\u00e1sa \u00e9s egyszer\u0171 vonalvezet\u00e9se miatt ez a b\u0151rdzseki minim\u00e1lis er\u0151fesz\u00edt\u00e9st ig\u00e9nyel a hozz\u00e1illeszt\u00e9shez. Min\u0151s\u00e9gi anyag\u00e1nak k\u00f6sz\u00f6nhet\u0151en tart\u00f3s \u00e9s k\u00fcl\u00f6nleges.    A kab\u00e1t fekete sz\u00ednben kaphat\u00f3. Modell\u00fcnk 183 cm magas, 48-as m\u00e9retet visel, \u00e9s a term\u00e9k hossza 66 cm.<\/p>\n","protected":false},"excerpt":{"rendered":"<p>A legpraktikusabb \u00e9s leginspir\u00e1l\u00f3bb v\u00e1laszt\u00e1s egy val\u00f3di b\u0151rdzseki v\u00e1s\u00e1rl\u00e1sa, amely hossz\u00fa ideig a szekr\u00e9nyedben marad. Ez a f\u00e9rfi b\u0151rdzseki ide\u00e1lis darab, amely kieg\u00e9sz\u00edti \u00f6lt\u00f6z\u00e9k\u00e9t, \u00e9s seg\u00edt id\u0151t megtakar\u00edtani, amikor megpr\u00f3b\u00e1l egy m\u00e1sik megjelen\u00e9st \u00f6ssze\u00e1ll\u00edtani. Modern szab\u00e1sa \u00e9s egyszer\u0171 vonalvezet\u00e9se miatt ez a b\u0151rdzseki minim\u00e1lis er\u0151fesz\u00edt\u00e9st ig\u00e9nyel a hozz\u00e1illeszt\u00e9shez. Min\u0151s\u00e9gi anyag\u00e1nak k\u00f6sz\u00f6nhet\u0151en tart\u00f3s \u00e9s k\u00fcl\u00f6nleges. A [&hellip;]<\/p>\n","protected":false},"featured_media":91163,"comment_status":"closed","ping_status":"closed","template":"","meta":{"_acf_changed":false,"om_disable_all_campaigns":false,"inline_featured_image":false,"_monsterinsights_skip_tracking":false,"_monsterinsights_sitenote_active":false,"_monsterinsights_sitenote_note":"","_monsterinsights_sitenote_category":0},"product_brand":[],"product_cat":[833,762,725,916],"product_tag":[],"class_list":{"0":"post-91162","1":"product","2":"type-product","3":"status-publish","4":"has-post-thumbnail","6":"product_cat-2022-2023-as-kollekcio","7":"product_cat-borkabatok-ferfiaknak","8":"product_cat-ferfiak","9":"product_cat-valodi-bor-termekek-tavaszra-es-oszre-kabatok-nadragok-kabatok-szoknyak-es-loveszkabatok-kabatok-nadragok-kabatok-szoknyak-es-loveszkabatok","11":"first","12":"instock","13":"taxable","14":"shipping-taxable","15":"purchasable","16":"product-type-variable","17":"has-default-attributes","18":"wvs-archive-product-wrapper"},"acf":{"categorie_feed":""},"aioseo_notices":[],"_links":{"self":[{"href":"https:\/\/aavesa.com\/hu\/wp-json\/wp\/v2\/product\/91162","targetHints":{"allow":["GET"]}}],"collection":[{"href":"https:\/\/aavesa.com\/hu\/wp-json\/wp\/v2\/product"}],"about":[{"href":"https:\/\/aavesa.com\/hu\/wp-json\/wp\/v2\/types\/product"}],"replies":[{"embeddable":true,"href":"https:\/\/aavesa.com\/hu\/wp-json\/wp\/v2\/comments?post=91162"}],"wp:featuredmedia":[{"embeddable":true,"href":"https:\/\/aavesa.com\/hu\/wp-json\/wp\/v2\/media\/91163"}],"wp:attachment":[{"href":"https:\/\/aavesa.com\/hu\/wp-json\/wp\/v2\/media?parent=91162"}],"wp:term":[{"taxonomy":"product_brand","embeddable":true,"href":"https:\/\/aavesa.com\/hu\/wp-json\/wp\/v2\/product_brand?post=91162"},{"taxonomy":"product_cat","embeddable":true,"href":"https:\/\/aavesa.com\/hu\/wp-json\/wp\/v2\/product_cat?post=91162"},{"taxonomy":"product_tag","embeddable":true,"href":"https:\/\/aavesa.com\/hu\/wp-json\/wp\/v2\/product_tag?post=91162"}],"curies":[{"name":"wp","href":"https:\/\/api.w.org\/{rel}","templated":true}]}}