

{"id":91167,"date":"2024-07-26T16:33:23","date_gmt":"2024-07-26T16:33:23","guid":{"rendered":"https:\/\/new.aavesa.com\/produs\/kapucnis-nyerc-bunda-2058\/"},"modified":"2025-11-17T06:27:18","modified_gmt":"2025-11-17T06:27:18","slug":"kapucnis-nyerc-bunda-2058","status":"publish","type":"product","link":"https:\/\/aavesa.com\/hu\/product\/kapucnis-nyerc-bunda-2058\/","title":{"rendered":"Kapucnis ny\u00e9rc bunda 2058"},"content":{"rendered":"<p>Egy \u00e9rt\u00e9kes kab\u00e1t okos v\u00e1s\u00e1rl\u00e1s, befektet\u00e9s egy nagyon k\u00fcl\u00f6nleges ruhadarabba, amely sok\u00e1ig k\u00e9nyelmet \u00e9s \u00f6r\u00f6met fog ny\u00fajtani nek\u00fcnk. Ez a term\u00e9szetes nercbunda kab\u00e1t egy ilyen v\u00e1s\u00e1rl\u00e1s, k\u00f6sz\u00f6nhet\u0151en a kiv\u00e1l\u00f3 min\u0151s\u00e9g\u0171 anyagnak \u00e9s a klasszikus szab\u00e1snak, amely mindig divatos marad. A kab\u00e1t gy\u00f6ny\u00f6r\u0171 nercbundadarabokb\u00f3l k\u00e9sz\u00fclt, amelyeket a legapr\u00f3bb r\u00e9szletekig feldolgoztak \u00e9s harmonikusan kombin\u00e1ltak. Meleg, n\u0151ies \u00e9s kifinomult, ez a n\u0151i kab\u00e1t minden alkalommal megmutatja a st\u00edlus\u00e1t, amikor viseli. A kab\u00e1t k\u00e9nyelmes kapucnival rendelkezik, \u00e9s sz\u00fcrke, sz\u00fcrke \u00e9s fekete sz\u00ednben kaphat\u00f3. Modell\u00fcnk 176 cm magas \u00e9s 36-os m\u00e9retet visel sz\u00fcrke \u00e9s fekete sz\u00ednben, illetve 175 cm magas \u00e9s 40-es m\u00e9retet visel sz\u00fcrke sz\u00ednben. A term\u00e9k hossza 65 cm.      <\/p>\n","protected":false},"excerpt":{"rendered":"<p>Egy \u00e9rt\u00e9kes kab\u00e1t okos v\u00e1s\u00e1rl\u00e1s, befektet\u00e9s egy nagyon k\u00fcl\u00f6nleges ruhadarabba, amely sok\u00e1ig k\u00e9nyelmet \u00e9s \u00f6r\u00f6met fog ny\u00fajtani nek\u00fcnk. Ez a term\u00e9szetes nercbunda kab\u00e1t egy ilyen v\u00e1s\u00e1rl\u00e1s, k\u00f6sz\u00f6nhet\u0151en a kiv\u00e1l\u00f3 min\u0151s\u00e9g\u0171 anyagnak \u00e9s a klasszikus szab\u00e1snak, amely mindig divatos marad. A kab\u00e1t gy\u00f6ny\u00f6r\u0171 nercbundadarabokb\u00f3l k\u00e9sz\u00fclt, amelyeket a legapr\u00f3bb r\u00e9szletekig feldolgoztak \u00e9s harmonikusan kombin\u00e1ltak. Meleg, n\u0151ies \u00e9s [&hellip;]<\/p>\n","protected":false},"featured_media":91168,"comment_status":"closed","ping_status":"closed","template":"","meta":{"_acf_changed":false,"om_disable_all_campaigns":false,"inline_featured_image":false,"_monsterinsights_skip_tracking":false,"_monsterinsights_sitenote_active":false,"_monsterinsights_sitenote_note":"","_monsterinsights_sitenote_category":0},"product_brand":[],"product_cat":[833,766,769,741],"product_tag":[],"class_list":{"0":"post-91167","1":"product","2":"type-product","3":"status-publish","4":"has-post-thumbnail","6":"product_cat-2022-2023-as-kollekcio","7":"product_cat-bundas-kabatok-es-bundas-dzsekik-noknek","8":"product_cat-nerc-szorme","9":"product_cat-nok","11":"first","12":"instock","13":"taxable","14":"shipping-taxable","15":"purchasable","16":"product-type-variable","17":"has-default-attributes","18":"wvs-archive-product-wrapper"},"acf":{"categorie_feed":""},"aioseo_notices":[],"_links":{"self":[{"href":"https:\/\/aavesa.com\/hu\/wp-json\/wp\/v2\/product\/91167","targetHints":{"allow":["GET"]}}],"collection":[{"href":"https:\/\/aavesa.com\/hu\/wp-json\/wp\/v2\/product"}],"about":[{"href":"https:\/\/aavesa.com\/hu\/wp-json\/wp\/v2\/types\/product"}],"replies":[{"embeddable":true,"href":"https:\/\/aavesa.com\/hu\/wp-json\/wp\/v2\/comments?post=91167"}],"wp:featuredmedia":[{"embeddable":true,"href":"https:\/\/aavesa.com\/hu\/wp-json\/wp\/v2\/media\/91168"}],"wp:attachment":[{"href":"https:\/\/aavesa.com\/hu\/wp-json\/wp\/v2\/media?parent=91167"}],"wp:term":[{"taxonomy":"product_brand","embeddable":true,"href":"https:\/\/aavesa.com\/hu\/wp-json\/wp\/v2\/product_brand?post=91167"},{"taxonomy":"product_cat","embeddable":true,"href":"https:\/\/aavesa.com\/hu\/wp-json\/wp\/v2\/product_cat?post=91167"},{"taxonomy":"product_tag","embeddable":true,"href":"https:\/\/aavesa.com\/hu\/wp-json\/wp\/v2\/product_tag?post=91167"}],"curies":[{"name":"wp","href":"https:\/\/api.w.org\/{rel}","templated":true}]}}