

{"id":91180,"date":"2024-07-26T16:33:23","date_gmt":"2024-07-26T16:33:23","guid":{"rendered":"https:\/\/new.aavesa.com\/produs\/ketoldalas-baranybor-kabat-2050\/"},"modified":"2026-04-13T09:16:51","modified_gmt":"2026-04-13T11:16:51","slug":"ketoldalas-baranybor-kabat-2050","status":"publish","type":"product","link":"https:\/\/aavesa.com\/hu\/product\/ketoldalas-baranybor-kabat-2050\/","title":{"rendered":"K\u00e9toldalas b\u00e1r\u00e1nyb\u0151r kab\u00e1t 2050"},"content":{"rendered":"<p>A megford\u00edthat\u00f3 sz\u0151rmebunda egy olyan kab\u00e1t, amelyre mindig sz\u00e1m\u00edthat, hogy m\u00e9g az \u00e9v leghidegebb napjain is otthonosan \u00e9rezze mag\u00e1t. Ez a n\u0151i sz\u0151rmebunda egy praktikus, st\u00edlusos, tart\u00f3s kab\u00e1t, amely minden es\u00e9lye megvan arra, hogy a hideg \u00e9vszakban a kedvenc darabodd\u00e1 v\u00e1ljon. A kab\u00e1t teljes eg\u00e9sz\u00e9ben term\u00e9szetes b\u00e1r\u00e1nysz\u0151rm\u00e9b\u0151l k\u00e9sz\u00fclt, amely puha \u00e9s k\u00f6nnyen viselhet\u0151 anyag, \u00e9s nagyon j\u00f3l szigetel a fagy \u00e9s a hideg sz\u00e9l ellen. A kab\u00e1t zsebekkel rendelkezik, \u00e9s b\u00e9zs sz\u00ednben kaphat\u00f3. Modell\u00fcnk 176 cm magas, 36-os m\u00e9retet visel, a term\u00e9k hossza pedig 125 cm.    <\/p>\n","protected":false},"excerpt":{"rendered":"<p>A megford\u00edthat\u00f3 sz\u0151rmebunda egy olyan kab\u00e1t, amelyre mindig sz\u00e1m\u00edthat, hogy m\u00e9g az \u00e9v leghidegebb napjain is otthonosan \u00e9rezze mag\u00e1t. Ez a n\u0151i sz\u0151rmebunda egy praktikus, st\u00edlusos, tart\u00f3s kab\u00e1t, amely minden es\u00e9lye megvan arra, hogy a hideg \u00e9vszakban a kedvenc darabodd\u00e1 v\u00e1ljon. A kab\u00e1t teljes eg\u00e9sz\u00e9ben term\u00e9szetes b\u00e1r\u00e1nysz\u0151rm\u00e9b\u0151l k\u00e9sz\u00fclt, amely puha \u00e9s k\u00f6nnyen viselhet\u0151 anyag, \u00e9s [&hellip;]<\/p>\n","protected":false},"featured_media":91181,"comment_status":"closed","ping_status":"closed","template":"","meta":{"_acf_changed":false,"om_disable_all_campaigns":false,"inline_featured_image":false,"_monsterinsights_skip_tracking":false,"_monsterinsights_sitenote_active":false,"_monsterinsights_sitenote_note":"","_monsterinsights_sitenote_category":0},"product_brand":[],"product_cat":[833,778,779,741],"product_tag":[],"class_list":{"0":"post-91180","1":"product","2":"type-product","3":"status-publish","4":"has-post-thumbnail","6":"product_cat-2022-2023-as-kollekcio","7":"product_cat-baranybor-kabatok-hu","8":"product_cat-noi-shearling-kabatok","9":"product_cat-nok","11":"first","12":"instock","13":"taxable","14":"shipping-taxable","15":"purchasable","16":"product-type-variable","17":"has-default-attributes","18":"wvs-archive-product-wrapper"},"acf":{"categorie_feed":""},"aioseo_notices":[],"_links":{"self":[{"href":"https:\/\/aavesa.com\/hu\/wp-json\/wp\/v2\/product\/91180","targetHints":{"allow":["GET"]}}],"collection":[{"href":"https:\/\/aavesa.com\/hu\/wp-json\/wp\/v2\/product"}],"about":[{"href":"https:\/\/aavesa.com\/hu\/wp-json\/wp\/v2\/types\/product"}],"replies":[{"embeddable":true,"href":"https:\/\/aavesa.com\/hu\/wp-json\/wp\/v2\/comments?post=91180"}],"wp:featuredmedia":[{"embeddable":true,"href":"https:\/\/aavesa.com\/hu\/wp-json\/wp\/v2\/media\/91181"}],"wp:attachment":[{"href":"https:\/\/aavesa.com\/hu\/wp-json\/wp\/v2\/media?parent=91180"}],"wp:term":[{"taxonomy":"product_brand","embeddable":true,"href":"https:\/\/aavesa.com\/hu\/wp-json\/wp\/v2\/product_brand?post=91180"},{"taxonomy":"product_cat","embeddable":true,"href":"https:\/\/aavesa.com\/hu\/wp-json\/wp\/v2\/product_cat?post=91180"},{"taxonomy":"product_tag","embeddable":true,"href":"https:\/\/aavesa.com\/hu\/wp-json\/wp\/v2\/product_tag?post=91180"}],"curies":[{"name":"wp","href":"https:\/\/api.w.org\/{rel}","templated":true}]}}