

{"id":91188,"date":"2024-07-26T16:33:22","date_gmt":"2024-07-26T16:33:22","guid":{"rendered":"https:\/\/new.aavesa.com\/produs\/bor-es-sarki-roka-szorme-dzseki-1030\/"},"modified":"2025-11-17T06:27:15","modified_gmt":"2025-11-17T06:27:15","slug":"bor-es-sarki-roka-szorme-dzseki-1030","status":"publish","type":"product","link":"https:\/\/aavesa.com\/hu\/product\/bor-es-sarki-roka-szorme-dzseki-1030\/","title":{"rendered":"B\u0151r \u00e9s sarki r\u00f3ka sz\u0151rme dzseki 1030"},"content":{"rendered":"<p>\u00daj\u00edtsa meg \u0151szi \u00e9s t\u00e9li ruhat\u00e1r\u00e1t egy val\u00f3di<a href=\"https:\/\/aavesa.com\/hu\/nok\/borkabatok-noknek\/\"> b\u0151rb\u0151l \u00e9s sarki r\u00f3kabund\u00e1b\u00f3l k\u00e9sz\u00fclt, k\u00fcl\u00f6n\u00f6sen n\u0151ies diz\u00e1jnnal rendelkez\u0151 kab\u00e1ttal<\/a>. Ez a kab\u00e1t minden nap k\u00e9nyeztet\u00e9st \u00e9s meleget biztos\u00edt, an\u00e9lk\u00fcl, hogy kompromisszumot kellene k\u00f6tnie az eleganci\u00e1b\u00f3l. A val\u00f3di b\u00e1r\u00e1nyb\u0151r tart\u00f3s, sima \u00e9s \u00e1polt megjelen\u00e9s\u0171 b\u0151r, a pol\u00e1rr\u00f3kabunda pedig l\u00e1tv\u00e1nyos \u00e9s plusz meleget biztos\u00edt. A k\u00fcl\u00f6nb\u00f6z\u0151 anyagok \u00e9s text\u00far\u00e1k kombin\u00e1ci\u00f3ja finom, modern \u00e9s eleg\u00e1ns megjelen\u00e9st k\u00f6lcs\u00f6n\u00f6z ennek a n\u0151i kab\u00e1tnak. Inspir\u00e1l\u00f3djon minden nap eredeti megjelen\u00e9sek l\u00e9trehoz\u00e1s\u00e1ra, amelyeket k\u00f6nnyed\u00e9n kombin\u00e1lhat. A kab\u00e1t fekete \u00e9s barna sz\u00ednben rendelhet\u0151. Modell\u00fcnk 176 cm magas \u00e9s 36-os m\u00e9retet visel barna sz\u00ednben, illetve 175 cm magas \u00e9s 40-es m\u00e9retet visel fekete sz\u00ednben. A term\u00e9k hossza 53 cm.       <\/p>\n","protected":false},"excerpt":{"rendered":"<p>\u00daj\u00edtsa meg \u0151szi \u00e9s t\u00e9li ruhat\u00e1r\u00e1t egy val\u00f3di b\u0151rb\u0151l \u00e9s sarki r\u00f3kabund\u00e1b\u00f3l k\u00e9sz\u00fclt, k\u00fcl\u00f6n\u00f6sen n\u0151ies diz\u00e1jnnal rendelkez\u0151 kab\u00e1ttal. Ez a kab\u00e1t minden nap k\u00e9nyeztet\u00e9st \u00e9s meleget biztos\u00edt, an\u00e9lk\u00fcl, hogy kompromisszumot kellene k\u00f6tnie az eleganci\u00e1b\u00f3l. A val\u00f3di b\u00e1r\u00e1nyb\u0151r tart\u00f3s, sima \u00e9s \u00e1polt megjelen\u00e9s\u0171 b\u0151r, a pol\u00e1rr\u00f3kabunda pedig l\u00e1tv\u00e1nyos \u00e9s plusz meleget biztos\u00edt. A k\u00fcl\u00f6nb\u00f6z\u0151 anyagok \u00e9s [&hellip;]<\/p>\n","protected":false},"featured_media":91189,"comment_status":"closed","ping_status":"closed","template":"","meta":{"_acf_changed":false,"om_disable_all_campaigns":false,"inline_featured_image":false,"_monsterinsights_skip_tracking":false,"_monsterinsights_sitenote_active":false,"_monsterinsights_sitenote_note":"","_monsterinsights_sitenote_category":0},"product_brand":[],"product_cat":[833,767,741,765,916],"product_tag":[],"class_list":{"0":"post-91188","1":"product","2":"type-product","3":"status-publish","4":"has-post-thumbnail","6":"product_cat-2022-2023-as-kollekcio","7":"product_cat-borkabatok-noknek","8":"product_cat-nok","9":"product_cat-roka-szorme","10":"product_cat-valodi-bor-termekek-tavaszra-es-oszre-kabatok-nadragok-kabatok-szoknyak-es-loveszkabatok-kabatok-nadragok-kabatok-szoknyak-es-loveszkabatok","12":"first","13":"instock","14":"taxable","15":"shipping-taxable","16":"purchasable","17":"product-type-variable","18":"has-default-attributes","19":"wvs-archive-product-wrapper"},"acf":{"categorie_feed":""},"aioseo_notices":[],"_links":{"self":[{"href":"https:\/\/aavesa.com\/hu\/wp-json\/wp\/v2\/product\/91188","targetHints":{"allow":["GET"]}}],"collection":[{"href":"https:\/\/aavesa.com\/hu\/wp-json\/wp\/v2\/product"}],"about":[{"href":"https:\/\/aavesa.com\/hu\/wp-json\/wp\/v2\/types\/product"}],"replies":[{"embeddable":true,"href":"https:\/\/aavesa.com\/hu\/wp-json\/wp\/v2\/comments?post=91188"}],"wp:featuredmedia":[{"embeddable":true,"href":"https:\/\/aavesa.com\/hu\/wp-json\/wp\/v2\/media\/91189"}],"wp:attachment":[{"href":"https:\/\/aavesa.com\/hu\/wp-json\/wp\/v2\/media?parent=91188"}],"wp:term":[{"taxonomy":"product_brand","embeddable":true,"href":"https:\/\/aavesa.com\/hu\/wp-json\/wp\/v2\/product_brand?post=91188"},{"taxonomy":"product_cat","embeddable":true,"href":"https:\/\/aavesa.com\/hu\/wp-json\/wp\/v2\/product_cat?post=91188"},{"taxonomy":"product_tag","embeddable":true,"href":"https:\/\/aavesa.com\/hu\/wp-json\/wp\/v2\/product_tag?post=91188"}],"curies":[{"name":"wp","href":"https:\/\/api.w.org\/{rel}","templated":true}]}}