

{"id":91197,"date":"2024-07-26T16:33:01","date_gmt":"2024-07-26T16:33:01","guid":{"rendered":"https:\/\/new.aavesa.com\/produs\/baranybor-kabat-381\/"},"modified":"2025-11-17T06:27:17","modified_gmt":"2025-11-17T06:27:17","slug":"baranybor-kabat-381","status":"publish","type":"product","link":"https:\/\/aavesa.com\/hu\/product\/baranybor-kabat-381\/","title":{"rendered":"B\u00e1r\u00e1nyb\u0151r kab\u00e1t 381"},"content":{"rendered":"<p>Minden ruhat\u00e1rnak sz\u00fcks\u00e9ge van n\u00e9h\u00e1ny alapdarabra, \u00e9s ez a vaskos f\u00e9rfi kab\u00e1t hat\u00e1rozottan ezek k\u00f6z\u00e9 tartozik. A kiv\u00e1l\u00f3 min\u0151s\u00e9g\u0171, term\u00e9szetes b\u00e1r\u00e1nysz\u0151rme j\u00f3 szigetel\u00e9st biztos\u00edt a hideg \u00e9s a hideg sz\u00e9l ellen, \u00e9s klasszikus megjelen\u00e9ssel rendelkezik, amely id\u0151vel sem megy ki a divatb\u00f3l. Ez a sz\u0151rmebunda remek v\u00e1laszt\u00e1s azoknak a f\u00e9rfiaknak, akik extra k\u00e9nyelemre v\u00e1gynak an\u00e9lk\u00fcl, hogy kompromisszumot k\u00f6tn\u00e9nek a st\u00edlusban. A bunda fekete \u00e9s sz\u00fcrke sz\u00ednben kaphat\u00f3, term\u00e9szetes \u00e1rnyalatokban, \u00e9s k\u00f6nnyen kombin\u00e1lhat\u00f3 m\u00e1s ruhadarabokkal. Modell\u00fcnk 183 cm magas, 48-as m\u00e9retet visel, a term\u00e9k hossza pedig 88 cm.    <\/p>\n","protected":false},"excerpt":{"rendered":"<p>Minden ruhat\u00e1rnak sz\u00fcks\u00e9ge van n\u00e9h\u00e1ny alapdarabra, \u00e9s ez a vaskos f\u00e9rfi kab\u00e1t hat\u00e1rozottan ezek k\u00f6z\u00e9 tartozik. A kiv\u00e1l\u00f3 min\u0151s\u00e9g\u0171, term\u00e9szetes b\u00e1r\u00e1nysz\u0151rme j\u00f3 szigetel\u00e9st biztos\u00edt a hideg \u00e9s a hideg sz\u00e9l ellen, \u00e9s klasszikus megjelen\u00e9ssel rendelkezik, amely id\u0151vel sem megy ki a divatb\u00f3l. Ez a sz\u0151rmebunda remek v\u00e1laszt\u00e1s azoknak a f\u00e9rfiaknak, akik extra k\u00e9nyelemre v\u00e1gynak an\u00e9lk\u00fcl, [&hellip;]<\/p>\n","protected":false},"featured_media":91198,"comment_status":"closed","ping_status":"closed","template":"","meta":{"_acf_changed":false,"om_disable_all_campaigns":false,"inline_featured_image":false,"_monsterinsights_skip_tracking":false,"_monsterinsights_sitenote_active":false,"_monsterinsights_sitenote_note":"","_monsterinsights_sitenote_category":0},"product_brand":[],"product_cat":[833,725,777],"product_tag":[],"class_list":{"0":"post-91197","1":"product","2":"type-product","3":"status-publish","4":"has-post-thumbnail","6":"product_cat-2022-2023-as-kollekcio","7":"product_cat-ferfiak","8":"product_cat-shearling-kabatok-ferfiaknak-ferfiak","10":"first","11":"instock","12":"taxable","13":"shipping-taxable","14":"purchasable","15":"product-type-variable","16":"has-default-attributes","17":"wvs-archive-product-wrapper"},"acf":{"categorie_feed":""},"aioseo_notices":[],"_links":{"self":[{"href":"https:\/\/aavesa.com\/hu\/wp-json\/wp\/v2\/product\/91197","targetHints":{"allow":["GET"]}}],"collection":[{"href":"https:\/\/aavesa.com\/hu\/wp-json\/wp\/v2\/product"}],"about":[{"href":"https:\/\/aavesa.com\/hu\/wp-json\/wp\/v2\/types\/product"}],"replies":[{"embeddable":true,"href":"https:\/\/aavesa.com\/hu\/wp-json\/wp\/v2\/comments?post=91197"}],"wp:featuredmedia":[{"embeddable":true,"href":"https:\/\/aavesa.com\/hu\/wp-json\/wp\/v2\/media\/91198"}],"wp:attachment":[{"href":"https:\/\/aavesa.com\/hu\/wp-json\/wp\/v2\/media?parent=91197"}],"wp:term":[{"taxonomy":"product_brand","embeddable":true,"href":"https:\/\/aavesa.com\/hu\/wp-json\/wp\/v2\/product_brand?post=91197"},{"taxonomy":"product_cat","embeddable":true,"href":"https:\/\/aavesa.com\/hu\/wp-json\/wp\/v2\/product_cat?post=91197"},{"taxonomy":"product_tag","embeddable":true,"href":"https:\/\/aavesa.com\/hu\/wp-json\/wp\/v2\/product_tag?post=91197"}],"curies":[{"name":"wp","href":"https:\/\/api.w.org\/{rel}","templated":true}]}}